
  
{"id":91727,"date":"2016-03-15T15:03:04","date_gmt":"2016-03-15T13:03:04","guid":{"rendered":"https:\/\/old.seacretehotels.com\/kalyvesbeachhotel\/accommodation\/"},"modified":"2022-12-16T16:29:18","modified_gmt":"2022-12-16T14:29:18","slug":"accommodation","status":"publish","type":"page","link":"https:\/\/old.seacretehotels.com\/pl\/kalyvesbeachhotel\/accommodation\/","title":{"rendered":"Kalyves Accommodation Overview"},"content":{"rendered":"<h4><strong>Zakwaterowanie w Chanii przy pla\u017cy<\/strong><\/h4>\n<p>Godzina zameldowania: 15:00 | Godzina wymeldowania: 11:00<\/p>\n<p>Kalyves Beach Hotel w Chanii to gwarancja wakacji przekraczaj\u0105cych oczekiwania, w uroczych pokojach dwuosobowych i pokojach o podwy\u017cszonym standardzie. Wszystkie pokoje zosta\u0142y urz\u0105dzone z my\u015bl\u0105 o komforcie i oferuj\u0105 wiele nowoczesnych udogodnie\u0144, by dodatkowo poprawi\u0107 jako\u015b\u0107 pobytu. Urocze wyposa\u017cenie i dekoracja przytulnych pokoi zach\u0119ca go\u015bci do korzystania z urok\u00f3w wsp\u00f3\u0142czesnej elegancji i zrelaksowania si\u0119 w \u015bwiecie harmonii i b\u0142ogo\u015bci. Wszystkie pokoje zosta\u0142y pi\u0119knie urz\u0105dzone i wyposa\u017cone w nowoczesne meble, niezb\u0119dne udogodnienia i sprz\u0119ty, by zapewni\u0107 prawdziwie wypoczynkowy pobyt. Zar\u00f3wno pokoje dwuosobowe, jak i pokoje o podwy\u017cszonym standardzie posiadaj\u0105 umeblowane balkony ze wspania\u0142ymi widokami na Bia\u0142e G\u00f3ry, pachn\u0105ce ogrody, Morze Krete\u0144skie, rzek\u0119 lub baseny.<\/p>\n<h2><strong>Wyposa\u017cenie pokoju<\/strong><\/h2>\n<ul>\n<li>Telewizja satelitarna<\/li>\n<li>Lod\u00f3wka<\/li>\n<li>Czajnik<\/li>\n<li>Sejf<\/li>\n<li>Suszarka do w\u0142os\u00f3w<\/li>\n<li>Bezp\u0142atna sie\u0107 wifi<\/li>\n<li>Klimatyzacja<\/li>\n<li>Balkon<\/li>\n<li>Prysznic lub wanna<\/li>\n<li>Bezpo\u015brednia linia telefoniczna<\/li>\n<\/ul>\n","protected":false},"excerpt":{"rendered":"<p>Zakwaterowanie w Chanii przy pla\u017cy Godzina zameldowania: 15:00 | Godzina wymeldowania: 11:00 Kalyves Beach Hotel w Chanii to gwarancja wakacji <\/p>\n","protected":false},"author":1,"featured_media":0,"parent":91680,"menu_order":0,"comment_status":"closed","ping_status":"closed","template":"templates\/template--rooms.php","meta":[],"acf":[],"_links":{"self":[{"href":"https:\/\/old.seacretehotels.com\/pl\/wp-json\/wp\/v2\/pages\/91727"}],"collection":[{"href":"https:\/\/old.seacretehotels.com\/pl\/wp-json\/wp\/v2\/pages"}],"about":[{"href":"https:\/\/old.seacretehotels.com\/pl\/wp-json\/wp\/v2\/types\/page"}],"author":[{"embeddable":true,"href":"https:\/\/old.seacretehotels.com\/pl\/wp-json\/wp\/v2\/users\/1"}],"replies":[{"embeddable":true,"href":"https:\/\/old.seacretehotels.com\/pl\/wp-json\/wp\/v2\/comments?post=91727"}],"version-history":[{"count":2,"href":"https:\/\/old.seacretehotels.com\/pl\/wp-json\/wp\/v2\/pages\/91727\/revisions"}],"predecessor-version":[{"id":91730,"href":"https:\/\/old.seacretehotels.com\/pl\/wp-json\/wp\/v2\/pages\/91727\/revisions\/91730"}],"up":[{"embeddable":true,"href":"https:\/\/old.seacretehotels.com\/pl\/wp-json\/wp\/v2\/pages\/91680"}],"wp:attachment":[{"href":"https:\/\/old.seacretehotels.com\/pl\/wp-json\/wp\/v2\/media?parent=91727"}],"curies":[{"name":"wp","href":"https:\/\/api.w.org\/{rel}","templated":true}]}}