
  
{"id":91696,"date":"2016-09-07T11:44:55","date_gmt":"2016-09-07T08:44:55","guid":{"rendered":"https:\/\/old.seacretehotels.com\/kalyvesbeachhotel\/sustainability\/"},"modified":"2023-09-12T12:34:50","modified_gmt":"2023-09-12T09:34:50","slug":"sustainability","status":"publish","type":"page","link":"https:\/\/old.seacretehotels.com\/pl\/kalyvesbeachhotel\/sustainability\/","title":{"rendered":"Kalyves &#8211; Sustainability"},"content":{"rendered":"<h1>Kalyves Beach Hotel Zr\u00f3wnowa\u017cony rozw\u00f3j<\/h1>\n<h2>Jedn\u0105 z rzeczy, kt\u00f3re sprawiaj\u0105, \u017ce Kalyves Beach Hotel\u00a0jest tak niesamowity, jest otaczaj\u0105ce go \u015brodowisko naturalne.<\/h2>\n<p>Niezale\u017cnie od tego, czy jest to czyste, b\u0142\u0119kitne morze, z\u0142ote wybrze\u017ce, zielone wzg\u00f3rza czy wspania\u0142e s\u0142o\u0144ce Krety, nie mo\u017cna oprze\u0107 si\u0119 atmosferze tego kurortu. Czy mo\u017ce by\u0107 wi\u0119kszy skarb ni\u017c samo \u015brodowisko naturalne.<\/p>\n<p>Przyjazny dla \u015brodowiska hotel Kalyves Beach wtapia si\u0119 w otoczenie i szanuje \u015brodowisko naturalne, co przejawia si\u0119 nie tylko w jego architekturze, ale tak\u017ce w filozofii i codziennych dzia\u0142aniach na rzecz ekologii. Dzi\u0119ki temu otrzymali\u015bmy nagrody HACCP &amp; TRAVELIFE. Poni\u017cej znajduj\u0105 si\u0119 niekt\u00f3re z naszych \u015bwiadomych praktyk:<\/p>\n<p><a href=\"https:\/\/old.seacretehotels.com\/wp-content\/uploads\/2021\/04\/SeaCrete-Children-Policy_March2021_EN.pdf\">Polityka ochrony dzieci<\/a><\/p>\n<p><a href=\"https:\/\/old.seacretehotels.com\/wp-content\/uploads\/2021\/04\/SeaCrete-Local-Community-Policy_March2021_EN.pdf\">Polityka dotycz\u0105ca pracownik\u00f3w i spo\u0142eczno\u015bci lokalnych<\/a><\/p>\n<p><a href=\"https:\/\/old.seacretehotels.com\/wp-content\/uploads\/2021\/04\/SeaCrete-Environmental-Policy-March2021_EN.pdf\">Polityka dotycz\u0105ca ochrony \u015brodowiska<\/a><\/p>\n<p><a href=\"https:\/\/old.seacretehotels.com\/wp-content\/uploads\/2021\/04\/SeaCrete-HealthSafety-Policy_March2021_EN.pdf\">Polityka dotycz\u0105ca zdrowia i bezpiecze\u0144stwa<\/a><\/p>\n<p><a href=\"https:\/\/old.seacretehotels.com\/wp-content\/uploads\/2021\/04\/SeaCrete-Human-Rights-and-employees_March2021_EN.pdf\">Polityka dotycz\u0105ca praw cz\u0142owieka i pracownika<\/a><\/p>\n<p><a href=\"https:\/\/old.seacretehotels.com\/wp-content\/uploads\/2021\/04\/SeaCrete-Quality-policy_March2021_EN.pdf\">Polityka zapewnienia jako\u015bci<\/a><\/p>\n<p><a href=\"https:\/\/old.seacretehotels.com\/wp-content\/uploads\/2023\/09\/2023_KALYVES-SUSTAIN-REPORT-2021-2022_final.pdf\">Raport dotycz\u0105cy ekologii<\/a><\/p>\n<p><a href=\"https:\/\/old.seacretehotels.com\/wp-content\/uploads\/2022\/12\/\u0395\u039d\u0397\u039c\u0395\u03a1\u03a9\u03a3\u0397-\u0392-\u0395\u03a0\u0399\u03a0\u0395\u0394\u039f\u03a5-\u039a\u0391\u039c\u0395\u03a1\u0395\u03a3.pdf\" target=\"_blank\" rel=\"noopener\">Informacje o aparacie<\/a><\/p>\n<p><strong><a href=\"https:\/\/old.seacretehotels.com\/wp-content\/uploads\/2021\/10\/SeaCreteHotels_Sustainability.pdf\">Pobierz tutaj prezentacj\u0119 dotycz\u0105c\u0105 ochrony \u015brodowiska w hotelach SeaCrete<\/a><\/strong><\/p>\n","protected":false},"excerpt":{"rendered":"<p>Kalyves Beach Hotel Zr\u00f3wnowa\u017cony rozw\u00f3j Jedn\u0105 z rzeczy, kt\u00f3re sprawiaj\u0105, \u017ce Kalyves Beach Hotel\u00a0jest tak niesamowity, jest otaczaj\u0105ce go \u015brodowisko <\/p>\n","protected":false},"author":1,"featured_media":0,"parent":91680,"menu_order":0,"comment_status":"closed","ping_status":"closed","template":"templates\/template--hotel.php","meta":[],"acf":[],"_links":{"self":[{"href":"https:\/\/old.seacretehotels.com\/pl\/wp-json\/wp\/v2\/pages\/91696"}],"collection":[{"href":"https:\/\/old.seacretehotels.com\/pl\/wp-json\/wp\/v2\/pages"}],"about":[{"href":"https:\/\/old.seacretehotels.com\/pl\/wp-json\/wp\/v2\/types\/page"}],"author":[{"embeddable":true,"href":"https:\/\/old.seacretehotels.com\/pl\/wp-json\/wp\/v2\/users\/1"}],"replies":[{"embeddable":true,"href":"https:\/\/old.seacretehotels.com\/pl\/wp-json\/wp\/v2\/comments?post=91696"}],"version-history":[{"count":10,"href":"https:\/\/old.seacretehotels.com\/pl\/wp-json\/wp\/v2\/pages\/91696\/revisions"}],"predecessor-version":[{"id":107009,"href":"https:\/\/old.seacretehotels.com\/pl\/wp-json\/wp\/v2\/pages\/91696\/revisions\/107009"}],"up":[{"embeddable":true,"href":"https:\/\/old.seacretehotels.com\/pl\/wp-json\/wp\/v2\/pages\/91680"}],"wp:attachment":[{"href":"https:\/\/old.seacretehotels.com\/pl\/wp-json\/wp\/v2\/media?parent=91696"}],"curies":[{"name":"wp","href":"https:\/\/api.w.org\/{rel}","templated":true}]}}