
  
{"id":91680,"date":"2016-03-15T14:19:47","date_gmt":"2016-03-15T12:19:47","guid":{"rendered":"https:\/\/old.seacretehotels.com\/kalyvesbeachhotel\/"},"modified":"2023-10-30T15:49:25","modified_gmt":"2023-10-30T13:49:25","slug":"kalyvesbeachhotel","status":"publish","type":"page","link":"https:\/\/old.seacretehotels.com\/pl\/kalyvesbeachhotel\/","title":{"rendered":"Kalyves Homepage"},"content":{"rendered":"<h1>Idylliczny hotel przy pla\u017cy\u00a0w Chanii<\/h1>\n<p>Hotel Kalyves Beach to idylliczny hotel z widokiem na morze na Krecie, nad rzek\u0105 Xydas, w samym sercu tradycyjnej wioski Kalyves w Chanii. Po\u0142o\u017cony po\u015br\u00f3d krystalicznie czystych w\u00f3d naszej wyr\u00f3\u017cnionej B\u0142\u0119kitn\u0105 Flag\u0105 pla\u017cy i bujnej zieleni, ten czterogwiazdkowy hotel na Krecie to idealne miejsce dla par, rodzin i znajomych odwiedzaj\u0105cych ten urokliwy region Chanii. Jego uprzywilejowana lokalizacja w Kalyves pozwala go\u015bciom odkrywa\u0107 pobliskie stanowiska archeologiczne, malownicze tradycyjne wioski, przepi\u0119kne pla\u017ce i sklepy oraz sekrety autentycznego, krete\u0144skiego stylu \u017cycia.<\/p>\n","protected":false},"excerpt":{"rendered":"<p>Idylliczny hotel przy pla\u017cy\u00a0w Chanii Hotel Kalyves Beach to idylliczny hotel z widokiem na morze na Krecie, nad rzek\u0105 Xydas, <\/p>\n","protected":false},"author":1,"featured_media":100844,"parent":0,"menu_order":0,"comment_status":"closed","ping_status":"closed","template":"templates\/template--hotel.php","meta":[],"acf":[],"_links":{"self":[{"href":"https:\/\/old.seacretehotels.com\/pl\/wp-json\/wp\/v2\/pages\/91680"}],"collection":[{"href":"https:\/\/old.seacretehotels.com\/pl\/wp-json\/wp\/v2\/pages"}],"about":[{"href":"https:\/\/old.seacretehotels.com\/pl\/wp-json\/wp\/v2\/types\/page"}],"author":[{"embeddable":true,"href":"https:\/\/old.seacretehotels.com\/pl\/wp-json\/wp\/v2\/users\/1"}],"replies":[{"embeddable":true,"href":"https:\/\/old.seacretehotels.com\/pl\/wp-json\/wp\/v2\/comments?post=91680"}],"version-history":[{"count":15,"href":"https:\/\/old.seacretehotels.com\/pl\/wp-json\/wp\/v2\/pages\/91680\/revisions"}],"predecessor-version":[{"id":108343,"href":"https:\/\/old.seacretehotels.com\/pl\/wp-json\/wp\/v2\/pages\/91680\/revisions\/108343"}],"wp:featuredmedia":[{"embeddable":true,"href":"https:\/\/old.seacretehotels.com\/pl\/wp-json\/wp\/v2\/media\/100844"}],"wp:attachment":[{"href":"https:\/\/old.seacretehotels.com\/pl\/wp-json\/wp\/v2\/media?parent=91680"}],"curies":[{"name":"wp","href":"https:\/\/api.w.org\/{rel}","templated":true}]}}