
  
{"id":91676,"date":"2020-06-05T12:47:40","date_gmt":"2020-06-05T09:47:40","guid":{"rendered":"https:\/\/old.seacretehotels.com\/health-safety\/"},"modified":"2022-12-19T13:27:18","modified_gmt":"2022-12-19T11:27:18","slug":"health-safety","status":"publish","type":"page","link":"https:\/\/old.seacretehotels.com\/pl\/health-safety\/","title":{"rendered":"Health &#038; SAFETY"},"content":{"rendered":"<p>Drodzy Go\u015bcie,<\/p>\n<p>w d\u0105\u017ceniu do zatrzymania rozprzestrzeniania si\u0119 koronawirusa (COVID-19) grecki rz\u0105d wprowadzi\u0142 niezb\u0119dne \u015brodki dotycz\u0105ce wszystkich sezonowych hoteli i kurort\u00f3w w Grecji, w tym hoteli SeaCrete. B\u0119dziemy kontynuowa\u0107 dzia\u0142alno\u015b\u0107 z uwzgl\u0119dnieniem wszystkich \u015brodk\u00f3w bezpiecze\u0144stwa i higieny opisanymi poni\u017cej.<\/p>\n","protected":false},"excerpt":{"rendered":"<p>Drodzy Go\u015bcie, w d\u0105\u017ceniu do zatrzymania rozprzestrzeniania si\u0119 koronawirusa (COVID-19) grecki rz\u0105d wprowadzi\u0142 niezb\u0119dne \u015brodki dotycz\u0105ce wszystkich sezonowych hoteli i <\/p>\n","protected":false},"author":1,"featured_media":0,"parent":0,"menu_order":0,"comment_status":"closed","ping_status":"closed","template":"templates\/template--health-measures.php","meta":[],"acf":[],"_links":{"self":[{"href":"https:\/\/old.seacretehotels.com\/pl\/wp-json\/wp\/v2\/pages\/91676"}],"collection":[{"href":"https:\/\/old.seacretehotels.com\/pl\/wp-json\/wp\/v2\/pages"}],"about":[{"href":"https:\/\/old.seacretehotels.com\/pl\/wp-json\/wp\/v2\/types\/page"}],"author":[{"embeddable":true,"href":"https:\/\/old.seacretehotels.com\/pl\/wp-json\/wp\/v2\/users\/1"}],"replies":[{"embeddable":true,"href":"https:\/\/old.seacretehotels.com\/pl\/wp-json\/wp\/v2\/comments?post=91676"}],"version-history":[{"count":3,"href":"https:\/\/old.seacretehotels.com\/pl\/wp-json\/wp\/v2\/pages\/91676\/revisions"}],"predecessor-version":[{"id":92421,"href":"https:\/\/old.seacretehotels.com\/pl\/wp-json\/wp\/v2\/pages\/91676\/revisions\/92421"}],"wp:attachment":[{"href":"https:\/\/old.seacretehotels.com\/pl\/wp-json\/wp\/v2\/media?parent=91676"}],"curies":[{"name":"wp","href":"https:\/\/api.w.org\/{rel}","templated":true}]}}