
  
{"id":91660,"date":"2016-02-23T10:46:49","date_gmt":"2016-02-23T10:46:49","guid":{"rendered":"https:\/\/old.seacretehotels.com\/group-homepage\/"},"modified":"2023-08-23T12:47:19","modified_gmt":"2023-08-23T09:47:19","slug":"group-homepage","status":"publish","type":"page","link":"https:\/\/old.seacretehotels.com\/pl\/group-homepage\/","title":{"rendered":"Group Homepage"},"content":{"rendered":"<h2 style=\"text-align: center;\"><strong>Rezerwuj z ufno\u015bci\u0105 &#8211; Bez op\u0142at za anulowanie rezerwacji na 10 dni przed przyjazdem<\/strong><\/h2>\n<p><strong>Hotele pla\u017cowe na Krecie<\/strong><\/p>\n<p>SeaCrete wprowadza dwa hotele na Krecie usytuowane przy pla\u017cy, w malowniczej miejscowo\u015bci Kalyves w Chanii: hotel all-inclusive Kiani Beach Resort oraz Kalyves Beach Hotel. Hotele znajduj\u0105 si\u0119 w jednym z najpi\u0119kniejszych obszar\u00f3w Chanii, w nadbrze\u017cnej miejscowo\u015bci Kalyves. Oferuj\u0105 wspania\u0142y widok na morze, a tak\u017ce spok\u00f3j i wytchnienie \u2013 to po prostu wakacyjny raj. Nasze hotele pla\u017cowe na Krecie, po\u0142o\u017cone na tle zachwycaj\u0105cych, niskich i zielonych wzg\u00f3rz, doskonale \u0142\u0105cz\u0105 unikaln\u0105 architektur\u0119 z szerokim zakresem udogodnie\u0144 z wy\u017cszej p\u00f3\u0142ki i przestronnymi pokojami. W po\u0142\u0105czeniu ze starann\u0105 obs\u0142ug\u0105 jest to idealne miejsce na wspania\u0142e rodzinne wakacje, romantyczny wypad lub niezapomniane lato na tej ol\u015bniewaj\u0105cej greckiej wyspie.<\/p>\n","protected":false},"excerpt":{"rendered":"<p>Rezerwuj z ufno\u015bci\u0105 &#8211; Bez op\u0142at za anulowanie rezerwacji na 10 dni przed przyjazdem Hotele pla\u017cowe na Krecie SeaCrete wprowadza <\/p>\n","protected":false},"author":1,"featured_media":0,"parent":0,"menu_order":0,"comment_status":"closed","ping_status":"closed","template":"templates\/template--home.php","meta":[],"acf":[],"_links":{"self":[{"href":"https:\/\/old.seacretehotels.com\/pl\/wp-json\/wp\/v2\/pages\/91660"}],"collection":[{"href":"https:\/\/old.seacretehotels.com\/pl\/wp-json\/wp\/v2\/pages"}],"about":[{"href":"https:\/\/old.seacretehotels.com\/pl\/wp-json\/wp\/v2\/types\/page"}],"author":[{"embeddable":true,"href":"https:\/\/old.seacretehotels.com\/pl\/wp-json\/wp\/v2\/users\/1"}],"replies":[{"embeddable":true,"href":"https:\/\/old.seacretehotels.com\/pl\/wp-json\/wp\/v2\/comments?post=91660"}],"version-history":[{"count":12,"href":"https:\/\/old.seacretehotels.com\/pl\/wp-json\/wp\/v2\/pages\/91660\/revisions"}],"predecessor-version":[{"id":106390,"href":"https:\/\/old.seacretehotels.com\/pl\/wp-json\/wp\/v2\/pages\/91660\/revisions\/106390"}],"wp:attachment":[{"href":"https:\/\/old.seacretehotels.com\/pl\/wp-json\/wp\/v2\/media?parent=91660"}],"curies":[{"name":"wp","href":"https:\/\/api.w.org\/{rel}","templated":true}]}}