
  
{"id":91641,"date":"2016-03-15T18:53:31","date_gmt":"2016-03-15T16:53:31","guid":{"rendered":"https:\/\/old.seacretehotels.com\/chania-excursions\/"},"modified":"2022-12-19T17:24:14","modified_gmt":"2022-12-19T15:24:14","slug":"chania-excursions","status":"publish","type":"page","link":"https:\/\/old.seacretehotels.com\/pl\/chania-excursions\/","title":{"rendered":"Excursions"},"content":{"rendered":"<h1 style=\"text-align: center;\">Niesamowite wycieczki do Chanii<\/h1>\n<p>W hotelach SeaCrete staramy si\u0119 zapewni\u0107 Ci nie tyle wakacje, co wspania\u0142e do\u015bwiadczenia w czaruj\u0105cym regionie Chanii, dlatego stworzyli\u015bmy dla Ciebie mn\u00f3stwo ekscytuj\u0105cych wycieczek, aktywno\u015bci i zwiedzania, by umo\u017cliwi\u0107 Ci do\u015bwiadczenie tego, co na Krecie najlepsze. Przygotuj si\u0119 na najbardziej niezwyk\u0142e wycieczki w Chanii i zwiedzaj Kret\u0119 podczas swojego pobytu. Zebrali\u015bmy najlepsze wycieczki z ca\u0142ej Krety i zach\u0119camy Ci\u0119 do odkrycia winnicy Dourakis, czaruj\u0105cej pla\u017cy Elafonisi, pirackiej wyspy Gramvousy i pi\u0119knej laguny Balos, s\u0142ynnego w\u0105wozu Samaria, pa\u0142acu w Knossos i wulkanicznej wyspy Santorini. Hotele SeaCrete to doskona\u0142a baza do\u00a0<a href=\"https:\/\/old.seacretehotels.com\/pl\/chania-sightseeing\/\">zwiedzania Chanii,<\/a>pobliskich atrakcji turystycznych, a tak\u017ce do rozpocz\u0119cia niekt\u00f3rych z najbardziej niezwyk\u0142ych\u00a0<a href=\"https:\/\/www.youtube.com\/watch?v=sKumaIgs8fs\">wycieczek<\/a>\u00a0na greckie wyspy. Kilka spo\u015br\u00f3d naszych wycieczek opisanych jest poni\u017cej.<\/p>\n<p><strong>Wycieczki:<\/strong><\/p>\n<p>\u2022 Degustacja win \u2022 Elafonissi \u2022 Gramvous-Balos \u2022 w\u0105w\u00f3z Samaria \u2022 Knossos \u2022 SantoriniDla Go\u015bci, kt\u00f3rzy zarezerwowali pobyt bezpo\u015brednio na stronie www.seacretehotels.com dost\u0119pne s\u0105 specjalne oferty na wycieczki.<\/p>\n<ul>\n<li style=\"list-style-type: none;\"><\/li>\n<\/ul>\n<p>Wi\u0119cej informacji pod adresem: <a style=\"text-align: center;\" href=\"mailto:reservations@kianibeach.com\">reservations@kianibeach.com<\/a><\/p>\n<p>&nbsp;<\/p>\n","protected":false},"excerpt":{"rendered":"<p>Niesamowite wycieczki do Chanii W hotelach SeaCrete staramy si\u0119 zapewni\u0107 Ci nie tyle wakacje, co wspania\u0142e do\u015bwiadczenia w czaruj\u0105cym regionie <\/p>\n","protected":false},"author":1,"featured_media":88254,"parent":0,"menu_order":0,"comment_status":"closed","ping_status":"closed","template":"templates\/template--experience.php","meta":[],"acf":[],"_links":{"self":[{"href":"https:\/\/old.seacretehotels.com\/pl\/wp-json\/wp\/v2\/pages\/91641"}],"collection":[{"href":"https:\/\/old.seacretehotels.com\/pl\/wp-json\/wp\/v2\/pages"}],"about":[{"href":"https:\/\/old.seacretehotels.com\/pl\/wp-json\/wp\/v2\/types\/page"}],"author":[{"embeddable":true,"href":"https:\/\/old.seacretehotels.com\/pl\/wp-json\/wp\/v2\/users\/1"}],"replies":[{"embeddable":true,"href":"https:\/\/old.seacretehotels.com\/pl\/wp-json\/wp\/v2\/comments?post=91641"}],"version-history":[{"count":8,"href":"https:\/\/old.seacretehotels.com\/pl\/wp-json\/wp\/v2\/pages\/91641\/revisions"}],"predecessor-version":[{"id":92544,"href":"https:\/\/old.seacretehotels.com\/pl\/wp-json\/wp\/v2\/pages\/91641\/revisions\/92544"}],"wp:featuredmedia":[{"embeddable":true,"href":"https:\/\/old.seacretehotels.com\/pl\/wp-json\/wp\/v2\/media\/88254"}],"wp:attachment":[{"href":"https:\/\/old.seacretehotels.com\/pl\/wp-json\/wp\/v2\/media?parent=91641"}],"curies":[{"name":"wp","href":"https:\/\/api.w.org\/{rel}","templated":true}]}}