
  
{"id":91613,"date":"2016-03-16T12:21:16","date_gmt":"2016-03-16T10:21:16","guid":{"rendered":"https:\/\/old.seacretehotels.com\/discover-kalyves\/"},"modified":"2022-12-20T11:38:09","modified_gmt":"2022-12-20T09:38:09","slug":"discover-kalyves","status":"publish","type":"page","link":"https:\/\/old.seacretehotels.com\/pl\/discover-kalyves\/","title":{"rendered":"Discover Kalyves"},"content":{"rendered":"<h1 style=\"text-align: center;\">Odkryj Kalyves<\/h1>\n<p style=\"text-align: center;\">Nie mo\u017cna odwiedzi\u0107 Chanii i przegapi\u0107 prawdziwej krete\u0144skiej go\u015bcinno\u015bci i uroku wielu tutejszych miasteczek.<br \/>\n<a href=\"https:\/\/old.seacretehotels.com\/pl\/kianibeachresort\/\">Kiani Beach Resort<\/a>\u00a0znajduje si\u0119 tu\u017c za miasteczkiem Kalyves, natomiast\u00a0<a href=\"https:\/\/old.seacretehotels.com\/pl\/kalyvesbeachhotel\/\">Kalyves Beach Hotel<\/a>\u00a0usytuowany jest na pla\u017cy miasteczka Kalyves, oferuj\u0105cej 4 kilometry wybrze\u017ca o nieskazitelnej urodzie oraz spektakularne widoki na morze.\u00a0<a href=\"https:\/\/old.seacretehotels.com\/pl\/kalyvesbeachhotel\/traditional-holidays\/\">Kalyves village<\/a>\u00a0Zachowano tutaj tradycyjny krete\u0144ski styl \u017cycia i mo\u017cesz go do\u015bwiadczy\u0107 osobi\u015bcie.<br \/>\nWystarczy, \u017ce wyjdziesz za pr\u00f3g i ju\u017c mo\u017cesz \u017cy\u0107 w\u015br\u00f3d lokalnych mieszka\u0144c\u00f3w, pr\u00f3bowa\u0107 ich jedzenia, p\u0142ywa\u0107 w krystalicznie czystej, niebieskiej wodzie i bra\u0107 udzia\u0142 w wielu \u015bwi\u0119tach, organizowanych w miasteczku.<\/p>\n<p>&nbsp;<\/p>\n<h2><strong>Niesamowite jednodniowe wycieczki na Krecie<\/strong><\/h2>\n<p>Miasteczko Kalyves to doskona\u0142y punkt startowy, by pojecha\u0107 na wycieczk\u0119 na terenie prefektury Chanii oraz bardziej na zach\u00f3d, do prefektury Rethymno. Je\u015bli chcesz pojecha\u0107 jeszcze dalej, zdecyduj si\u0119 na przygodow\u0105 wycieczk\u0119 do regionu Apkoronas, zwied\u017a miasto Chani\u0119, egzotyczn\u0105 pla\u017c\u0119 w Balos z b\u0142yszcz\u0105c\u0105, turkusow\u0105 wod\u0105, ba\u015bniow\u0105 wysp\u0119 Elafonisi oraz znany na ca\u0142ym \u015bwiecie w\u0105w\u00f3z Samaria. W odleg\u0142o\u015bci jedynie 20 minut od centrum Chanii podr\u00f3\u017cnicy mog\u0105 do\u015bwiadczy\u0107 \u015bredniowiecznej wielko\u015bci, odwiedzi\u0107 stare weneckie miasteczko i przej\u015b\u0107 si\u0119 wzd\u0142u\u017c starego portu.<\/p>\n<p style=\"text-align: center;\">Po\u015br\u00f3d wielu miejsc do odwiedzenia wok\u00f3\u0142 Kalyves, w tym bizanty\u0144skich ko\u015bcio\u0142\u00f3w i zamk\u00f3w mo\u017cna zwiedzi\u0107 czaruj\u0105ce okoliczne miasteczka: Almyrida, Armeni, Nio Chorio, Stylos, Machairoi, Ramni, Cares, Tsivaras, Provarma, Samona, Farragi, Chiliomoudou i Kyriakoselia, z kt\u00f3rych ka\u017cde ma wyj\u0105tkowy charakter.<\/p>\n<p style=\"text-align: center;\">W Kalyves i wok\u00f3\u0142 miasteczka przejd\u017a si\u0119 na spacer w naturze wzd\u0142u\u017c rzek i \u017ar\u00f3de\u0142ek lub po kr\u00f3tkim przeje\u017adzie odkrywaj inne, okoliczne miasteczka, oferuj\u0105ce r\u00f3\u017cnorodne wystawy kulturowe i historyczne, si\u0119gaj\u0105ce od roku 1500 p.n.e. po rok 1900 n.e.<\/p>\n<p style=\"text-align: center;\"><em>Nale\u017c\u0105 do nich:<\/em><\/p>\n<ul>\n<li>Stylos, gdzie zwiedzaj\u0105cy mog\u0105 zobaczy\u0107 grobowce kopu\u0142owe si\u0119gaj\u0105ce czas\u00f3w pominojskich (1000 p.n.e.<\/li>\n<li>Sternaki z wieloma ko\u015bcio\u0142ami bizantyjskimi takimi jak Panagia Monastira czy Zerviotissa, si\u0119gaj\u0105ce XI i XII wieku, a tak\u017ce niewielki ko\u015bci\u00f3\u0142 \u015bw. Jana Teologa niedaleko Stylos, zbudowany w XII wieku<\/li>\n<li>Samona w Kylintra, gdzie istnia\u0142 myke\u0144ski akropol i gdzie archeolodzy znale\u017ali \u015blady minojskiej osady, kt\u00f3ra zosta\u0142a opuszczona w p\u00f3\u017aniejszym okresie, mi\u0119dzy rokiem 1100 a 1000 p.n.e.<\/li>\n<li>Aptera, ukryta per\u0142a staro\u017cytnej historii i mitologii by\u0142a niegdy\u015b jednym z najwa\u017cniejszych miast-pa\u0144stw na ca\u0142ej Krecie i pozostawa\u0142a ca\u0142kowicie autonomiczna od oko\u0142o VI do IV wieku p.n.e, bij\u0105c w\u0142asne monety.<\/li>\n<\/ul>\n","protected":false},"excerpt":{"rendered":"<p>Odkryj Kalyves Nie mo\u017cna odwiedzi\u0107 Chanii i przegapi\u0107 prawdziwej krete\u0144skiej go\u015bcinno\u015bci i uroku wielu tutejszych miasteczek. Kiani Beach Resort\u00a0znajduje si\u0119 <\/p>\n","protected":false},"author":1,"featured_media":0,"parent":0,"menu_order":0,"comment_status":"closed","ping_status":"closed","template":"templates\/template--experience.php","meta":[],"acf":[],"_links":{"self":[{"href":"https:\/\/old.seacretehotels.com\/pl\/wp-json\/wp\/v2\/pages\/91613"}],"collection":[{"href":"https:\/\/old.seacretehotels.com\/pl\/wp-json\/wp\/v2\/pages"}],"about":[{"href":"https:\/\/old.seacretehotels.com\/pl\/wp-json\/wp\/v2\/types\/page"}],"author":[{"embeddable":true,"href":"https:\/\/old.seacretehotels.com\/pl\/wp-json\/wp\/v2\/users\/1"}],"replies":[{"embeddable":true,"href":"https:\/\/old.seacretehotels.com\/pl\/wp-json\/wp\/v2\/comments?post=91613"}],"version-history":[{"count":4,"href":"https:\/\/old.seacretehotels.com\/pl\/wp-json\/wp\/v2\/pages\/91613\/revisions"}],"predecessor-version":[{"id":92575,"href":"https:\/\/old.seacretehotels.com\/pl\/wp-json\/wp\/v2\/pages\/91613\/revisions\/92575"}],"wp:attachment":[{"href":"https:\/\/old.seacretehotels.com\/pl\/wp-json\/wp\/v2\/media?parent=91613"}],"curies":[{"name":"wp","href":"https:\/\/api.w.org\/{rel}","templated":true}]}}