
  
{"id":91602,"date":"2016-03-16T12:18:50","date_gmt":"2016-03-16T10:18:50","guid":{"rendered":"https:\/\/old.seacretehotels.com\/chania-sightseeing\/"},"modified":"2022-12-16T17:28:52","modified_gmt":"2022-12-16T15:28:52","slug":"chania-sightseeing","status":"publish","type":"page","link":"https:\/\/old.seacretehotels.com\/pl\/chania-sightseeing\/","title":{"rendered":"Discover Chania"},"content":{"rendered":"<h1 style=\"text-align: center;\">Zwiedzanie Chanii<\/h1>\n<p style=\"text-align: center;\">Hotele SeaCrete Hotels s\u0105 doskona\u0142\u0105 baz\u0105 do zwiedzania Krety, a w szczeg\u00f3lno\u015bci\u00a0<a href=\"https:\/\/www.youtube.com\/watch?v=sKumaIgs8fs\">Chanii<\/a>.<br \/>\nCzaruj\u0105ce miasto Chania zbudowane na ruinach staro\u017cytnej Kydonii liczy 60\u00a0000 mieszka\u0144c\u00f3w i jest uwa\u017cane za jedno z najpi\u0119kniejszych miast Grecji oraz jedno z najbardziej malowniczych miejsc na Krecie, doskona\u0142e do sp\u0119dzenia niezapomnianych rodzinnych wakacji i wspania\u0142ego urlopu.<br \/>\nOd czas\u00f3w staro\u017cytnych miasto do\u015bwiadczy\u0142o najazd\u00f3w oraz wp\u0142yw\u00f3w wielu cywilizacji wraz z up\u0142ywem czasu. Wszystko to jest widoczne w jego bogatej kulturze i architekturze, a tak\u017ce wielu zabytkach, kt\u00f3re mo\u017cna zwiedza\u0107 w Chanii. Dzisiejszej Chanii uda\u0142o si\u0119 z powodzeniem zachowa\u0107 oryginalny koloryt i historyczny charakter, pomimo rosn\u0105cego z czasem przemys\u0142u turystycznego. Hotele SeaCrete pozwol\u0105 Ci sp\u0119dzi\u0107 niezwykle odpr\u0119\u017caj\u0105ce wakacje\u00a0<a href=\"https:\/\/old.seacretehotels.com\/pl\/kianibeachresort\/allinclusive-hotel\/\">all-inclusive w Chanii<\/a>\u00a0oraz zwiedzi\u0107 najbardziej zachwycaj\u0105c\u0105 cz\u0119\u015b\u0107 Krety.<\/p>\n<h2 style=\"text-align: center;\"><strong>Wakacje w Chanii: co zobaczy\u0107 i co robi\u0107?<\/strong><\/h2>\n<p style=\"text-align: center;\">W Chanii znajduje si\u0119 lotnisko oraz port Souda, najwi\u0119kszy naturalny port Morza \u015ar\u00f3dziemnego. Centralnym punktem miasta jest rynek, punktem odniesienia jest te\u017c park miejski. Ka\u017cdego roku organizuje si\u0119 tu wiele wydarze\u0144 kulturalnych, takich jak wystawy, festiwale, przedstawienia teatralne, koncerty i wiele innych.<\/p>\n<p style=\"text-align: center;\">Nobliwy wenecki stary port dostarcza okazji do przyjemnych spacer\u00f3w po malowniczych uliczkach i alejach, pe\u0142nych stragan\u00f3w, kawiarni i restauracji. W\u0105skie przej\u015bcia otoczone eleganckimi neoklasycznymi budynkami zbudowanymi w r\u00f3\u017cnych epokach oferuj\u0105 zwiedzaj\u0105cym ciekawe trasy do odkrywania podczas wakacji w Chanii.<br \/>\nNawet najwi\u0119ksi weterani w\u015br\u00f3d turyst\u00f3w zachwycaj\u0105 si\u0119 nieko\u0144cz\u0105cymi si\u0119 piaszczystymi pla\u017cami Chanii, dzikimi w\u0105wozami, jaskiniami, endemicznymi gatunkami ro\u015blin i zwierz\u0105t, wielkimi gajami oliwnymi i pomara\u0144czowymi oraz po\u0142\u0105czeniem dziko\u015bci i morza.<\/p>\n<p style=\"text-align: center;\">Wewn\u0119trzny, g\u00f3rski region posiada wiele miasteczek zapomnianych przez czas, pe\u0142nych ko\u015bcio\u0142\u00f3w i klasztor\u00f3w, wie\u017cy i zamk\u00f3w. Ca\u0142y region jest stanowiskiem archeologicznym i rajem dla mi\u0142o\u015bnik\u00f3w pieszych wycieczek, wspinaczki i sportu. Zar\u00f3wno w Chanii jak i na prowincji wykopaliska odkry\u0142y istnienie osad od czas\u00f3w prehistorycznych a\u017c do wsp\u00f3\u0142czesno\u015bci. Hotele SeaCrete stanowi\u0105 doskona\u0142\u0105 baz\u0119 do odbycia wakacji all inclusive na Krecie, a ich uprzywilejowana lokalizacja umo\u017cliwia udanie si\u0119 na wycieczki w g\u0142\u0105b wyspy i prze\u017cycie ekscytuj\u0105cych przyg\u00f3d w regionie. Zaplanuj wyj\u0105tkowe wakacje\u00a0<a href=\"https:\/\/old.seacretehotels.com\/pl\/kalyvesbeachhotel\/traditional-holidays\/\">all inclusive w miasteczku Kalyves<\/a>\u00a0i odkryj pi\u0119kno Chanii.<\/p>\n","protected":false},"excerpt":{"rendered":"<p>Zwiedzanie Chanii Hotele SeaCrete Hotels s\u0105 doskona\u0142\u0105 baz\u0105 do zwiedzania Krety, a w szczeg\u00f3lno\u015bci\u00a0Chanii. Czaruj\u0105ce miasto Chania zbudowane na ruinach <\/p>\n","protected":false},"author":1,"featured_media":84805,"parent":0,"menu_order":0,"comment_status":"closed","ping_status":"closed","template":"templates\/template--experience.php","meta":[],"acf":[],"_links":{"self":[{"href":"https:\/\/old.seacretehotels.com\/pl\/wp-json\/wp\/v2\/pages\/91602"}],"collection":[{"href":"https:\/\/old.seacretehotels.com\/pl\/wp-json\/wp\/v2\/pages"}],"about":[{"href":"https:\/\/old.seacretehotels.com\/pl\/wp-json\/wp\/v2\/types\/page"}],"author":[{"embeddable":true,"href":"https:\/\/old.seacretehotels.com\/pl\/wp-json\/wp\/v2\/users\/1"}],"replies":[{"embeddable":true,"href":"https:\/\/old.seacretehotels.com\/pl\/wp-json\/wp\/v2\/comments?post=91602"}],"version-history":[{"count":4,"href":"https:\/\/old.seacretehotels.com\/pl\/wp-json\/wp\/v2\/pages\/91602\/revisions"}],"predecessor-version":[{"id":92257,"href":"https:\/\/old.seacretehotels.com\/pl\/wp-json\/wp\/v2\/pages\/91602\/revisions\/92257"}],"wp:featuredmedia":[{"embeddable":true,"href":"https:\/\/old.seacretehotels.com\/pl\/wp-json\/wp\/v2\/media\/84805"}],"wp:attachment":[{"href":"https:\/\/old.seacretehotels.com\/pl\/wp-json\/wp\/v2\/media?parent=91602"}],"curies":[{"name":"wp","href":"https:\/\/api.w.org\/{rel}","templated":true}]}}