
  
{"id":91598,"date":"2016-03-16T12:16:58","date_gmt":"2016-03-16T10:16:58","guid":{"rendered":"https:\/\/old.seacretehotels.com\/cretan-nature\/"},"modified":"2022-12-16T17:26:30","modified_gmt":"2022-12-16T15:26:30","slug":"cretan-nature","status":"publish","type":"page","link":"https:\/\/old.seacretehotels.com\/pl\/cretan-nature\/","title":{"rendered":"Cretan Nature"},"content":{"rendered":"<h1 style=\"text-align: center;\">Przyroda na Krecie<\/h1>\n<h2><strong>Dzika flora i fauna<\/strong><\/h2>\n<p>Aby zrozumie\u0107, jak bogata jest r\u00f3\u017cnorodno\u015b\u0107 biologiczna na Krecie, pomy\u015bl, \u017ce Kreta posiada wi\u0119cej gatunk\u00f3w i podgatunk\u00f3w ro\u015blin (oko\u0142o 1750) ni\u017c ca\u0142a Wielka Brytania (1450), cho\u0107 jest to wyspa 35 razy mniejszych rozmiar\u00f3w. R\u00f3\u017cnorodno\u015b\u0107 odzwierciedla si\u0119 nie tylko w ca\u0142kowitej liczbie gatunk\u00f3w, ale r\u00f3wnie\u017c w liczbie gatunk\u00f3w endemicznych, kt\u00f3re rosn\u0105 tylko na Krecie i nigdzie indziej na \u015bwiecie.<br \/>\nNa Krecie istnieje oko\u0142o 160 gatunk\u00f3w i podgatunk\u00f3w endemicznych, co oznacza, \u017ce 9% gatunk\u00f3w ro\u015blin spotykanych na Krecie nie istnieje nigdzie indziej na \u015bwiecie. Co niezwyk\u0142e, flora krete\u0144ska przystosowa\u0142a si\u0119 w taki spos\u00f3b, \u017ceby by\u0107 odporn\u0105 na dzia\u0142ania cz\u0142owieka, a w szczeg\u00f3lno\u015bci na wypasanie zwierz\u0105t, co jest praktykowane na wyspie od tysi\u0119cy lat. Ro\u015bliny rozwin\u0119\u0142y odporno\u015b\u0107 dzi\u0119ki kolcom lub gorzkiemu smakowi. Najbardziej charakterystycznymi ro\u015blinami na wyspie s\u0105 aromatyczne zio\u0142a, kt\u00f3re bujnie tu rosn\u0105. Dzi\u0119ki zawarto\u015bci olejk\u00f3w eterycznych u\u017cywane s\u0105 jako sk\u0142adniki w kuchni, w przygotowaniu napar\u00f3w i lekarstw. Nale\u017c\u0105 do nich mi\u0119dzy innymi dziki tymianek, sza\u0142wia, oregano, gojnik i dziki majeranek.<\/p>\n<h3><strong>Naturalne pejza\u017ce<\/strong><\/h3>\n<p>G\u00f3ry Lefka Ori dziel\u0105 Chani\u0119 na dwa ca\u0142kowicie odmienne naturalne krajobrazy. Region nadmorski, z 415 kilometrami pla\u017c, jest bogatszy i bardziej g\u0119sto zaludniony. Reszta to rzadko zaludniony l\u0105d, uznawany za jedn\u0105 z najbardziej autentycznych cz\u0119\u015bci Krety.<\/p>\n<p style=\"text-align: center;\"><strong>Odkryj przyrod\u0119<\/strong><br \/>\nKa\u017cdego dnia coraz wi\u0119cej podr\u00f3\u017cnik\u00f3w przemierza wewn\u0119trzn\u0105 cz\u0119\u015b\u0107 wyspy \u2013 pieszo, samochodem terenowym, konno lub na rowerze. W miejscach takich jak Vamos, Milia, Keramia, Kasteli, Askifou i Spilia mo\u017cna zakosztowa\u0107 \u201eprostego i naturalnego \u017cycia\u201d Krety, z kieliszkiem wina lub tsikoudii oraz wy\u015bmienitym, ekologicznym jedzeniem. W Chanii znajduje si\u0119 prawie 60 w\u0105woz\u00f3w, z kt\u00f3rych najs\u0142ynniejszy to w\u0105w\u00f3z Samaria, obj\u0119ty rezerwatem przyrody w 1962 roku. Jest to najwi\u0119kszy w\u0105w\u00f3z w Europie, ma 16 km d\u0142ugo\u015bci. Wyst\u0119puj\u0105 tam rzadkie gatunki flory i fauny, takie jak dzikie kozy krete\u0144skie (nazywane przez lokaln\u0105 ludno\u015b\u0107 kri-kri), a tak\u017ce rzadkie gatunki or\u0142\u00f3w i dzikich ptak\u00f3w, kt\u00f3re s\u0105 chronione mi\u0119dzynarodowymi traktatami.<\/p>\n","protected":false},"excerpt":{"rendered":"<p>Przyroda na Krecie Dzika flora i fauna Aby zrozumie\u0107, jak bogata jest r\u00f3\u017cnorodno\u015b\u0107 biologiczna na Krecie, pomy\u015bl, \u017ce Kreta posiada <\/p>\n","protected":false},"author":1,"featured_media":0,"parent":0,"menu_order":0,"comment_status":"closed","ping_status":"closed","template":"templates\/template--experience.php","meta":[],"acf":[],"_links":{"self":[{"href":"https:\/\/old.seacretehotels.com\/pl\/wp-json\/wp\/v2\/pages\/91598"}],"collection":[{"href":"https:\/\/old.seacretehotels.com\/pl\/wp-json\/wp\/v2\/pages"}],"about":[{"href":"https:\/\/old.seacretehotels.com\/pl\/wp-json\/wp\/v2\/types\/page"}],"author":[{"embeddable":true,"href":"https:\/\/old.seacretehotels.com\/pl\/wp-json\/wp\/v2\/users\/1"}],"replies":[{"embeddable":true,"href":"https:\/\/old.seacretehotels.com\/pl\/wp-json\/wp\/v2\/comments?post=91598"}],"version-history":[{"count":2,"href":"https:\/\/old.seacretehotels.com\/pl\/wp-json\/wp\/v2\/pages\/91598\/revisions"}],"predecessor-version":[{"id":91600,"href":"https:\/\/old.seacretehotels.com\/pl\/wp-json\/wp\/v2\/pages\/91598\/revisions\/91600"}],"wp:attachment":[{"href":"https:\/\/old.seacretehotels.com\/pl\/wp-json\/wp\/v2\/media?parent=91598"}],"curies":[{"name":"wp","href":"https:\/\/api.w.org\/{rel}","templated":true}]}}