
  
{"id":91593,"date":"2016-03-09T13:28:54","date_gmt":"2016-03-09T11:28:54","guid":{"rendered":"https:\/\/old.seacretehotels.com\/cretan-experience\/"},"modified":"2022-12-19T13:38:19","modified_gmt":"2022-12-19T11:38:19","slug":"cretan-experience","status":"publish","type":"page","link":"https:\/\/old.seacretehotels.com\/pl\/cretan-experience\/","title":{"rendered":"Cretan Experience Overview"},"content":{"rendered":"<h1 style=\"text-align: center;\">Autentyczny krete\u0144ski styl \u017cycia<\/h1>\n<p style=\"text-align: center;\">Gdyby wybra\u0107 jedno s\u0142owo na opisanie Krety, by\u0142oby nim \u201eFiloksenia\u201d, gdy\u017c tutaj nigdy nie jeste\u015b kim\u015b obcym.<br \/>\nKreta jest najwi\u0119ksz\u0105 wysp\u0105 w Grecji i 5. pod wzgl\u0119dem wielko\u015bci na ca\u0142ym Morzu \u015ar\u00f3dziemnym. Jest to raj na ziemi, kt\u00f3ry zapiera dech w piersiach.<\/p>\n<p style=\"text-align: center;\">Zwiedzaj \u015bwiat zamkni\u0119ty w Krecie, rozkoszuj si\u0119 znan\u0105 na ca\u0142ym \u015bwiecie kuchni\u0105 i zapoznaj si\u0119 z regionalnymi zwyczajami, kt\u00f3re nadal s\u0105 przestrzegane. Poznaj lokalnych mieszka\u0144c\u00f3w, zanurz si\u0119 w g\u0142\u0119bi\u0119 tradycji i odkryj kolebk\u0119 cywilizacji zachodniej w hotelach SeaCrete. Zobacz, poczuj, posmakuj, us\u0142ysz i pow\u0105chaj&#8230; Kret\u0119!<\/p>\n<p style=\"text-align: center;\"><strong>\u00a0<\/strong><\/p>\n<p style=\"text-align: center;\"><strong>D\u017awi\u0119ki<\/strong><br \/>\nW SeaCrete oferujemy Ci kawa\u0142ek autentycznego krete\u0144skiego stylu \u017cycia, organizuj\u0105c greckie wieczorki, pokazy tradycyjnego ta\u0144ca i wiele innych atrakcji. Nasz zesp\u00f3\u0142 hoteli zapewnia, by ka\u017cdy z go\u015bci niezale\u017cnie od wieku zabra\u0142 ze sob\u0105 od\u0142amki krete\u0144skiego dziedzictwa.<\/p>\n<p style=\"text-align: center;\"><strong>\u00a0<\/strong><\/p>\n<p style=\"text-align: center;\"><strong>Smaki<\/strong><br \/>\nPosmakuj istoty Krety i rozkoszuj si\u0119 najwspanialszymi smakami legendarnej krete\u0144skiej kuchni. Ciesz si\u0119 pysznymi daniami w naszej restauracji hotelowej, przygotowanymi z najbardziej wyrafinowanych lokalnych sk\u0142adnik\u00f3w, w tym wysokiej jako\u015bci oliwy z oliwek.<\/p>\n<p><strong>\u00a0<\/strong><\/p>\n<p><strong>Widoki<\/strong><\/p>\n<p>Pozw\u00f3l nam zabra\u0107 Ci\u0119 na najbardziej ekscytuj\u0105ce wycieczki w ca\u0142ym regionie Chanii i dalej. Zwiedzaj zabytki archeologiczne i atrakcje turystyczne, pomniki historii i s\u0142ynne na ca\u0142y \u015bwiat muzea Krety.<\/p>\n<p><strong>\u00a0<\/strong><\/p>\n<p><strong>Najwa\u017cniejsze muzea<\/strong><\/p>\n<ul>\n<li style=\"list-style-type: none;\">\n<ul>\u2022 Muzeum typografii<\/ul>\n<ul>\u2022 Muzeum wojny w Chanii<\/ul>\n<ul>\u2022 Dom Eleftheriosa Venizelosa<\/ul>\n<ul>\u2022 Muzeum morskie Krety<\/ul>\n<ul>\u2022 Muzeum archeologiczne w Chanii<\/ul>\n<\/li>\n<\/ul>\n<p><strong>\u00a0<\/strong><\/p>\n<p><strong>Zapachy<\/strong><br \/>\nPrzygotuj si\u0119 na p\u0142ywanie w egzotycznych wodach, chodzenie po w\u0105wozach i jaskiniach, wspinanie si\u0119 na g\u00f3ry, pod\u0105\u017canie za zapachem do gaj\u00f3w oliwkowych i pomara\u0144czowych w pobli\u017cu las\u00f3w i rzek oraz odkrywanie ukrytych \u015bcie\u017cek historii na szlakach cywilizacji minojskiej.<\/p>\n<p><strong>\u00a0<\/strong><\/p>\n<p style=\"text-align: center;\"><strong>Uczucia<\/strong><br \/>\nOdwied\u017a jedne z najbardziej tradycyjnych krete\u0144skich miasteczek i poczuj ciep\u0142o tutejszych mieszka\u0144c\u00f3w, zaobserwuj, jak starsi panowie nadal popijaj\u0105 kaw\u0119 w autentycznych \u201ekafeneiach\u201d i jak starsze panie zbieraj\u0105 si\u0119 przed domami, by szyde\u0142kowa\u0107. Prze\u017cyj autentyczn\u0105 codzienno\u015b\u0107 na Krecie i poznaj lokalnych mieszka\u0144c\u00f3w.<\/p>\n<p style=\"text-align: center;\">Sprawd\u017a nasz\u0105\u00a0<a href=\"https:\/\/old.seacretehotels.com\/pl\/chania-excursions\/\">Sekcj\u0119 wycieczek,<\/a>\u00a0by uzyska\u0107 przedsmak tego, co ma do zaoferowania Chania!<\/p>\n","protected":false},"excerpt":{"rendered":"<p>Autentyczny krete\u0144ski styl \u017cycia Gdyby wybra\u0107 jedno s\u0142owo na opisanie Krety, by\u0142oby nim \u201eFiloksenia\u201d, gdy\u017c tutaj nigdy nie jeste\u015b kim\u015b <\/p>\n","protected":false},"author":1,"featured_media":0,"parent":0,"menu_order":0,"comment_status":"closed","ping_status":"closed","template":"templates\/template--experience.php","meta":[],"acf":[],"_links":{"self":[{"href":"https:\/\/old.seacretehotels.com\/pl\/wp-json\/wp\/v2\/pages\/91593"}],"collection":[{"href":"https:\/\/old.seacretehotels.com\/pl\/wp-json\/wp\/v2\/pages"}],"about":[{"href":"https:\/\/old.seacretehotels.com\/pl\/wp-json\/wp\/v2\/types\/page"}],"author":[{"embeddable":true,"href":"https:\/\/old.seacretehotels.com\/pl\/wp-json\/wp\/v2\/users\/1"}],"replies":[{"embeddable":true,"href":"https:\/\/old.seacretehotels.com\/pl\/wp-json\/wp\/v2\/comments?post=91593"}],"version-history":[{"count":5,"href":"https:\/\/old.seacretehotels.com\/pl\/wp-json\/wp\/v2\/pages\/91593\/revisions"}],"predecessor-version":[{"id":92433,"href":"https:\/\/old.seacretehotels.com\/pl\/wp-json\/wp\/v2\/pages\/91593\/revisions\/92433"}],"wp:attachment":[{"href":"https:\/\/old.seacretehotels.com\/pl\/wp-json\/wp\/v2\/media?parent=91593"}],"curies":[{"name":"wp","href":"https:\/\/api.w.org\/{rel}","templated":true}]}}