
  
{"id":91589,"date":"2016-03-16T12:15:05","date_gmt":"2016-03-16T10:15:05","guid":{"rendered":"https:\/\/old.seacretehotels.com\/cretan-cuisine\/"},"modified":"2022-12-16T17:24:49","modified_gmt":"2022-12-16T15:24:49","slug":"cretan-cuisine","status":"publish","type":"page","link":"https:\/\/old.seacretehotels.com\/pl\/cretan-cuisine\/","title":{"rendered":"Cretan Cuisine"},"content":{"rendered":"<h1 style=\"text-align: center;\">Legendarna krete\u0144ska gastronomia<\/h1>\n<h2><strong>Poznaj najbardziej autentyczn\u0105 krete\u0144sk\u0105 kuchni\u0119 w hotelach SeaCrete!<\/strong><\/h2>\n<p>Tradycyjna kuchnia Krety uwa\u017cana jest za jedn\u0105 z najzdrowszych na \u015bwiecie. Bogactwo i jako\u015b\u0107 krete\u0144skich gleb zapewnia rozmaito\u015b\u0107 lokalnych produkt\u00f3w i sk\u0142adnik\u00f3w, zr\u0119cznie \u0142\u0105czonych w najsmaczniejsze przepisy, znane z wyj\u0105tkowego aromatu, smaku, \u015bwie\u017co\u015bci, a przede wszystkim jako\u015bci. Posi\u0142ki przygotowywane s\u0105 z wielu sk\u0142adnik\u00f3w, polewane od serca oliw\u0105 z oliwek, a ich smaku nie zmienia nadmiar przypraw. G\u0142\u00f3wnymi sk\u0142adnikami diety krete\u0144skiej s\u0105 oliwa z oliwek t\u0142oczona na zimno, dzika zielenina, warzywa, fasola, soczewica, ryby, mi\u0119so, owoce morza, zio\u0142a, wino i tsikoudia. Szeroki wyb\u00f3r ser\u00f3w, w szczeg\u00f3lno\u015bci krete\u0144ska graviera, athotiro i mizithra r\u00f3wnie\u017c jest istotnym sk\u0142adnikiem po\u017cywienia na wyspie wraz z lokalnymi produktami, takimi jak jogurt, mi\u00f3d i wiele r\u00f3\u017cnych owoc\u00f3w, b\u0119d\u0105cych dope\u0142nieniem tej bogatej kuchni. Dieta krete\u0144ska uznawana jest obecnie przez mi\u0119dzynarodow\u0105 spo\u0142eczno\u015b\u0107 naukowc\u00f3w za najbardziej wymierny i najlepszej jako\u015bci przyk\u0142ad diety \u015br\u00f3dziemnomorskiej. W czasach, w kt\u00f3rych toczy si\u0119 debata o to, jaka dieta jest najbardziej zbilansowana i prowadzi do d\u0142u\u017cszego i zdrowszego \u017cycia, Krete\u0144czycy przygl\u0105daj\u0105 si\u0119 temu z dystansem i u\u015bmiechaj\u0105 z zadowoleniem, my\u015bl\u0105c o swoich tradycjach i osi\u0105gni\u0119ciach kulinarnych. Zwyczaje gastronomiczne wyspy doprowadzi\u0142y tutejsz\u0105 ludno\u015b\u0107 do osi\u0105gni\u0119cia jednej z najlepszych oczekiwanych d\u0142ugo\u015bci \u017cycia na \u015bwiecie (oko\u0142o 90 lat) i notuje si\u0119 tu jedn\u0105 z najni\u017cszych na \u015bwiecie zapadalno\u015bci na choroby serca i inne choroby przewlek\u0142e.\u00a0Zgodnie z badaniami naukowymi i analizami statystycznymi prowadzonymi od lat 1960., dieta krete\u0144ska zapewnia zdrowie i d\u0142ugowieczno\u015b\u0107. Ciesz si\u0119 dobrodziejstwami Krety w hotelach SeaCrete i spr\u00f3buj kuchni numer jeden w basenie Morza \u015ar\u00f3dziemnego.<\/p>\n","protected":false},"excerpt":{"rendered":"<p>Legendarna krete\u0144ska gastronomia Poznaj najbardziej autentyczn\u0105 krete\u0144sk\u0105 kuchni\u0119 w hotelach SeaCrete! Tradycyjna kuchnia Krety uwa\u017cana jest za jedn\u0105 z najzdrowszych <\/p>\n","protected":false},"author":1,"featured_media":88258,"parent":0,"menu_order":0,"comment_status":"closed","ping_status":"closed","template":"templates\/template--experience.php","meta":[],"acf":[],"_links":{"self":[{"href":"https:\/\/old.seacretehotels.com\/pl\/wp-json\/wp\/v2\/pages\/91589"}],"collection":[{"href":"https:\/\/old.seacretehotels.com\/pl\/wp-json\/wp\/v2\/pages"}],"about":[{"href":"https:\/\/old.seacretehotels.com\/pl\/wp-json\/wp\/v2\/types\/page"}],"author":[{"embeddable":true,"href":"https:\/\/old.seacretehotels.com\/pl\/wp-json\/wp\/v2\/users\/1"}],"replies":[{"embeddable":true,"href":"https:\/\/old.seacretehotels.com\/pl\/wp-json\/wp\/v2\/comments?post=91589"}],"version-history":[{"count":2,"href":"https:\/\/old.seacretehotels.com\/pl\/wp-json\/wp\/v2\/pages\/91589\/revisions"}],"predecessor-version":[{"id":91591,"href":"https:\/\/old.seacretehotels.com\/pl\/wp-json\/wp\/v2\/pages\/91589\/revisions\/91591"}],"wp:featuredmedia":[{"embeddable":true,"href":"https:\/\/old.seacretehotels.com\/pl\/wp-json\/wp\/v2\/media\/88258"}],"wp:attachment":[{"href":"https:\/\/old.seacretehotels.com\/pl\/wp-json\/wp\/v2\/media?parent=91589"}],"curies":[{"name":"wp","href":"https:\/\/api.w.org\/{rel}","templated":true}]}}