
  
{"id":91573,"date":"2016-03-16T11:58:58","date_gmt":"2016-03-16T09:58:58","guid":{"rendered":"https:\/\/old.seacretehotels.com\/chania-activities\/"},"modified":"2022-12-16T17:21:14","modified_gmt":"2022-12-16T15:21:14","slug":"chania-activities","status":"publish","type":"page","link":"https:\/\/old.seacretehotels.com\/pl\/chania-activities\/","title":{"rendered":"Activities"},"content":{"rendered":"<h1 style=\"text-align: center;\">Ciekawe i rozrywkowe zaj\u0119cia w Chanii<\/h1>\n<p style=\"text-align: center;\">Hotele SeaCrete oferuj\u0105 wszelkiego rodzaju zaj\u0119cia rozrywkowe oraz szereg zabawnych i ciekawych zaj\u0119\u0107 odpowiednich dla wszystkich Go\u015bci. Aby jeszcze bardziej podnie\u015b\u0107 jako\u015b\u0107 pobytu dla wszystkich naszych Go\u015bci, przygotowali\u015bmy niesamowity wyb\u00f3r zaj\u0119\u0107 w Chanii i innych aktywno\u015bci na Krecie, r\u00f3wnie\u017c dla dzieci, by zamieni\u0107 Twoje wakacje na pi\u0119knej wyspie Krecie w podr\u00f3\u017c marze\u0144. A zatem bez wzgl\u0119du na to, czy jeste\u015b na wakacjach z rodzin\u0105, czy na romantycznym wypadzie do Chanii, podniesiemy Twoj\u0105 adrenalin\u0119, oprowadzaj\u0105c Ci\u0119 po najbardziej popularnych miejscach w Chanii i proponuj\u0105c najlepsze aktywno\u015bci na Krecie.<\/p>\n<p>&nbsp;<\/p>\n<h2 style=\"text-align: center;\"><strong>Co robi\u0107 w Chanii na Krecie?<\/strong><\/h2>\n<p style=\"text-align: center;\">Bez wzgl\u0119du na to, czy jeste\u015b entuzjast\u0105 sportu, mi\u0142o\u015bnikiem natury, poszukiwaczem przyg\u00f3d, wiecznym romantykiem, czy rodzicem poszukuj\u0105cym ekscytuj\u0105cych wra\u017ce\u0144 do dzielenia z dzie\u0107mi, nasz wyb\u00f3r aktywno\u015bci w Chanii z pewno\u015bci\u0105 spe\u0142ni wszystkie Twoje oczekiwania. Przygotuj si\u0119 na nurkowanie g\u0142\u0119binowe i podpowierzchniowe w Morzu Krete\u0144skim, zabierz si\u0119 na \u0142\u00f3dk\u0119, nurkuj z niej lub po prostu skorzystaj z \u017ceglarskiej przygody. Mo\u017cesz zacz\u0105\u0107 dzie\u0144 od wizyty w zje\u017cd\u017calniach wodnych Limnoupoli, a p\u00f3\u017aniej prze\u017cy\u0107 safari w jeepie. Zabierz swoj\u0105 drug\u0105 po\u0142\u00f3wk\u0119 na przeja\u017cd\u017ck\u0119 doro\u017ck\u0105 lub przejazd konno po pla\u017cy i eksploracj\u0119 rajskich okolic.<\/p>\n<p>&nbsp;<\/p>\n<p style=\"text-align: center;\"><strong>Zaj\u0119cia outdoorowe w Chanii<\/strong><\/p>\n<ul>\n<li>nurkowanie g\u0142\u0119binowe i podpowierzchniowe<\/li>\n<li>wycieczka \u0142\u00f3dk\u0105 po\u0142\u0105czona z nurkowaniem podpowierzchniowym<\/li>\n<li>jazda konna<\/li>\n<li>Jeep Safari<\/li>\n<li>\u017ceglarstwo<\/li>\n<li>przeja\u017cd\u017cki doro\u017ck\u0105<\/li>\n<li>zje\u017cd\u017calnie wodne w Limnoupoli<\/li>\n<\/ul>\n<h3><strong>Nurkowanie g\u0142\u0119binowe i podpowierzchniowe<\/strong><\/h3>\n<p>Odkryj nurkowanie, czyli nasz\u0105 najbardziej popularn\u0105 aktywno\u015b\u0107. Pomy\u015blana jest dla os\u00f3b, kt\u00f3re ciekawi nurkowanie i kt\u00f3re chcia\u0142yby go spr\u00f3bowa\u0107 w bezpiecznym i przyjaznym otoczeniu. Uko\u0144czenie kursu zajmuje oko\u0142o trzech godzin. W tym czasie pocz\u0105tkuj\u0105cy ucz\u0105 si\u0119 podstawowych technik i teorii nurkowania, a nast\u0119pnie nurkuj\u0105 przez oko\u0142o 45 minut pod czujnym okiem instruktor\u00f3w PADI. Cho\u0107 nurkowanie uwa\u017cane jest za rozrywkowy sport, bezpiecze\u0144stwo jest spraw\u0105 kluczow\u0105, zatem nasi do\u015bwiadczeni instruktorzy zapewniaj\u0105 je na ka\u017cdym etapie, r\u00f3wnie\u017c podczas nurkowania na g\u0142\u0119boko\u015b\u0107 sze\u015bciu metr\u00f3w, tak \u017ce na ka\u017cdych dw\u00f3ch kursant\u00f3w przypada jeden instruktor.<\/p>\n<h3><strong>Wycieczka \u0142\u00f3dk\u0105 po\u0142\u0105czona z nurkowaniem podpowierzchniowym<\/strong><\/h3>\n<p>Jest to propozycja dla os\u00f3b, kt\u00f3re wol\u0105 pozosta\u0107 na powierzchni wody.<br \/>\nOferujemy wycieczk\u0119 po\u0142\u0105czon\u0105 z nurkowaniem podpowierzchniowym, dostarczaj\u0105c profesjonalnego sprz\u0119tu: masek, p\u0142etw i dla ch\u0119tnych pianki do nurkowania. Mo\u017cemy r\u00f3wnie\u017c zapewni\u0107 pomoc certyfikowanych instruktor\u00f3w na ca\u0142y czas sp\u0119dzony w wodzie. Odwiedzimy ciekawe i pi\u0119kne miejsca, doskonale nadaj\u0105ce si\u0119 do p\u0142ywania i nurkowania, dost\u0119pne wy\u0142\u0105cznie drog\u0105 morsk\u0105. Dobre towarzystwo i 3 godziny podr\u00f3\u017cy po nieznanych miejscach sprawi\u0105, \u017ce zapomnisz o codzienno\u015bci. Odkryj podwodny \u015bwiat, patrz\u0105c na\u0144 z g\u00f3ry!<\/p>\n<h3><strong>Nurkowanie w Kiani Beach Resort z nurkami Omega<\/strong><\/h3>\n<p>Bez wzgl\u0119du na to, czy to Tw\u00f3j pierwszy raz, czy te\u017c jeste\u015b ju\u017c do\u015bwiadczonym nurkiem, mo\u017cemy zapewni\u0107 Ci na Krecie do\u015bwiadczenie, kt\u00f3re zmieni Twoje \u017cycie. Je\u015bli chcesz spr\u00f3bowa\u0107 nurkowania g\u0142\u0119binowego lub podpowierzchniowego, do\u0142\u0105cz do nas. Je\u015bli jeste\u015b wykwalifikowanym nurkiem, mo\u017cemy Ci zapewni\u0107 najlepsze miejsca do nurkowania w Chanii, w tym nurkowanie w niesamowitej Jaskini S\u0142onia!<\/p>\n<h3><strong>Jazda konna<\/strong><\/h3>\n<p>Odkryj Kret\u0119 na nowo na konnym grzbiecie!<br \/>\nAby stworzy\u0107 sobie najlepsze wakacyjne wspomnienia, skorzystaj z ekscytuj\u0105cej jazdy po pla\u017cy, pi\u0119knego mini-safari i relaksuj\u0105cej jednodniowej wycieczki na konnym grzbiecie! Dost\u0119pne s\u0105 te\u017c \u0142atwe spacery dla pocz\u0105tkuj\u0105cych je\u017ad\u017ac\u00f3w.<br \/>\nZielone wzg\u00f3rza, kozie szlaki, gaje oliwne, zio\u0142a i dzikie kwiaty, wyj\u0105tkowe jezioro Kournas, wodospady w Argiroupoli, wiele ma\u0142ych, uroczych miasteczek i wspania\u0142e pla\u017ce zadbaj\u0105 o niezapomniane do\u015bwiadczenie!<br \/>\nKreta oferuje niezwyk\u0142e szlaki do jazdy konnej oraz ekscytuj\u0105ce miejsca do galopu wzd\u0142u\u017c Morza Krete\u0144skiego. Do wyboru s\u0105 przeja\u017cd\u017cki wcze\u015bnie rano lub wieczorem na 3 r\u00f3\u017cnych poziomach: pocz\u0105tkuj\u0105cy, \u015bredniozaawansowany i zaawansowany. Jest te\u017c specjalny program dla dzieci, w tym wycieczki z przewodnikiem po szlakach w naturze.<\/p>\n<p><strong>Jeep Safari<\/strong><\/p>\n<p>Skorzystaj z wycieczki z przewodnikiem lub jednodniowej wycieczki po krete\u0144skiej prowincji w ramach Jeep Safari!<br \/>\nZapu\u015b\u0107 si\u0119 w niedost\u0119pne, dzikie tereny i unikalne krajobrazy Krety we w\u0142asnym Jeepie, by sp\u0119dzi\u0107 niezapomniany dzie\u0144 z rodzin\u0105!<\/p>\n<p><strong>\u017beglarstwo<\/strong><\/p>\n<p>Odkrywaj pi\u0119kno Krety, niezwyk\u0142e okolice niedost\u0119pne samochodem oraz pla\u017ce Chanii na \u017cagl\u00f3wce. Nasz profesjonalny kapitan zapewni wyj\u0105tkowe do\u015bwiadczenie na niebieskich wodach Morza \u015ar\u00f3dziemnego. Co Ciebie nale\u017cy tylko cieszenie si\u0119 widokami! Wycieczki \u017ceglarskie zaczynaj\u0105 si\u0119 zazwyczaj w starym porcie. Nasze destynacje to odleg\u0142e pla\u017ce i niewielkie wyspy wok\u00f3\u0142 zatoki Chanii. Kierunek b\u0119dzie zale\u017ca\u0142 od pogody.<\/p>\n<p>Podczas wycieczki zatrzymamy si\u0119 kilka razy, by pop\u0142ywa\u0107, b\u0119dziemy te\u017c serwowa\u0107 lekkie przek\u0105ski, butelki wina, piwo i napoje bezalkoholowe.<\/p>\n<p><strong>Przeja\u017cd\u017cki doro\u017ck\u0105<\/strong><\/p>\n<p>Wybierz si\u0119 na romantyczn\u0105 przeja\u017cd\u017ck\u0119 doro\u017ck\u0105 po miasteczku i ciesz si\u0119 wra\u017ceniami z jazdy<br \/>\npo starym, tradycyjnym miasteczku pojazdem zaprz\u0119gowym!<\/p>\n<p><strong>Wycieczka do zje\u017cd\u017calni wodnych w Limnoupoli<\/strong><\/p>\n<p>Zabierz dzieci na pe\u0142en rado\u015bci dzie\u0144 wodnych przyg\u00f3d w zje\u017cd\u017calniach wodnych w Limnoupoli! Podczas wizyty w zje\u017cd\u017calniach wodnych w Limnoupoli czeka na Ciebie wiele entuzjazmu, szale\u0144stwa, zakr\u0119t\u00f3w, zabaw w pluskanie i \u015bmiechu. Ten park rozrywki znajduje si\u0119 zaledwie 8 km od Chanii, w malowniczym krajobrazie i pe\u0142no w nim fascynuj\u0105cych atrakcji w wodzie. W Limnoupoli ka\u017cdy staje si\u0119 zn\u00f3w dzieckiem!<\/p>\n<p>&nbsp;<\/p>\n","protected":false},"excerpt":{"rendered":"<p>Ciekawe i rozrywkowe zaj\u0119cia w Chanii Hotele SeaCrete oferuj\u0105 wszelkiego rodzaju zaj\u0119cia rozrywkowe oraz szereg zabawnych i ciekawych zaj\u0119\u0107 odpowiednich <\/p>\n","protected":false},"author":1,"featured_media":0,"parent":0,"menu_order":0,"comment_status":"closed","ping_status":"closed","template":"templates\/template--experience.php","meta":[],"acf":[],"_links":{"self":[{"href":"https:\/\/old.seacretehotels.com\/pl\/wp-json\/wp\/v2\/pages\/91573"}],"collection":[{"href":"https:\/\/old.seacretehotels.com\/pl\/wp-json\/wp\/v2\/pages"}],"about":[{"href":"https:\/\/old.seacretehotels.com\/pl\/wp-json\/wp\/v2\/types\/page"}],"author":[{"embeddable":true,"href":"https:\/\/old.seacretehotels.com\/pl\/wp-json\/wp\/v2\/users\/1"}],"replies":[{"embeddable":true,"href":"https:\/\/old.seacretehotels.com\/pl\/wp-json\/wp\/v2\/comments?post=91573"}],"version-history":[{"count":3,"href":"https:\/\/old.seacretehotels.com\/pl\/wp-json\/wp\/v2\/pages\/91573\/revisions"}],"predecessor-version":[{"id":92255,"href":"https:\/\/old.seacretehotels.com\/pl\/wp-json\/wp\/v2\/pages\/91573\/revisions\/92255"}],"wp:attachment":[{"href":"https:\/\/old.seacretehotels.com\/pl\/wp-json\/wp\/v2\/media?parent=91573"}],"curies":[{"name":"wp","href":"https:\/\/api.w.org\/{rel}","templated":true}]}}