
  
{"id":91569,"date":"2016-03-16T12:41:11","date_gmt":"2016-03-16T10:41:11","guid":{"rendered":"https:\/\/old.seacretehotels.com\/about\/"},"modified":"2022-12-16T17:36:19","modified_gmt":"2022-12-16T15:36:19","slug":"about","status":"publish","type":"page","link":"https:\/\/old.seacretehotels.com\/pl\/about\/","title":{"rendered":"About us"},"content":{"rendered":"<h1>Informacje o Hotelach SeaCrete<\/h1>\n<p>Czasu zazwyczaj jest na wszystko ma\u0142o, dlatego wakacje zawsze powinny by\u0107 spokojne i bezproblemowe, zar\u00f3wno dla doros\u0142ych, jak i dla najm\u0142odszych go\u015bci. W\u0142a\u015bnie dlatego w ramach SeaCrete stworzyli\u015bmy dwa wspania\u0142e kurorty rodzinne nad morzem w latach 1992-2007, z my\u015bl\u0105 o turystach, kt\u00f3rzy zas\u0142uguj\u0105 na co\u015b nadzwyczajnego.<\/p>\n<h2>Kiani Beach Resort i Kalyves Beach Hotel s\u0105 po\u0142o\u017cone na samym wybrze\u017cu Kalyves i wznosz\u0105 wakacje w Chanii na ca\u0142kiem nowy poziom przyjemno\u015bci.<\/h2>\n<p>Oba pla\u017cowe kurorty z powodzeniem \u0142\u0105cz\u0105 wysok\u0105 jako\u015b\u0107 us\u0142ug z niezr\u00f3wnanym ciep\u0142em znanej krete\u0144skiej go\u015bcinno\u015bci, zapewniaj\u0105c wakacje przechodz\u0105ce wszelkie oczekiwania na tle morza i bujnej ro\u015blinno\u015bci. Hotele SeaCrete zapewniaj\u0105 go\u015bciom wiele r\u00f3\u017cnych opcji przestronnego zakwaterowania, nad lazurowym krete\u0144skim morzem i w pobli\u017cu g\u00f3r, z wieloma luksusowymi obiektami i us\u0142ugami, kt\u00f3re odpowiedz\u0105 na wszystkie potrzeby.<\/p>\n<p style=\"text-align: center;\">Oddana obs\u0142uga gotowa jest spe\u0142nia\u0107 Twoje \u017cyczenia i zamienia\u0107 marzenia w rzeczywisto\u015b\u0107, kt\u00f3r\u0105 b\u0119dziesz wspomina\u0107 jeszcze latami.<\/p>\n<p style=\"text-align: center;\">Przygotuj si\u0119 na naprawd\u0119 wspania\u0142e wakacje w Chanii i skorzystaj z udogodnie\u0144 z wysokiej p\u00f3\u0142ki oraz r\u00f3\u017cnorodnych atrakcji oferowanych w naszych hotelach.<\/p>\n<p style=\"text-align: center;\"><strong>Odkrywaj, eksploruj i zbieraj najlepsze do\u015bwiadczenia na Krecie w hotelach SeaCrete!<\/strong><\/p>\n","protected":false},"excerpt":{"rendered":"<p>Informacje o Hotelach SeaCrete Czasu zazwyczaj jest na wszystko ma\u0142o, dlatego wakacje zawsze powinny by\u0107 spokojne i bezproblemowe, zar\u00f3wno dla <\/p>\n","protected":false},"author":1,"featured_media":0,"parent":0,"menu_order":0,"comment_status":"closed","ping_status":"closed","template":"templates\/template--experience.php","meta":[],"acf":[],"_links":{"self":[{"href":"https:\/\/old.seacretehotels.com\/pl\/wp-json\/wp\/v2\/pages\/91569"}],"collection":[{"href":"https:\/\/old.seacretehotels.com\/pl\/wp-json\/wp\/v2\/pages"}],"about":[{"href":"https:\/\/old.seacretehotels.com\/pl\/wp-json\/wp\/v2\/types\/page"}],"author":[{"embeddable":true,"href":"https:\/\/old.seacretehotels.com\/pl\/wp-json\/wp\/v2\/users\/1"}],"replies":[{"embeddable":true,"href":"https:\/\/old.seacretehotels.com\/pl\/wp-json\/wp\/v2\/comments?post=91569"}],"version-history":[{"count":2,"href":"https:\/\/old.seacretehotels.com\/pl\/wp-json\/wp\/v2\/pages\/91569\/revisions"}],"predecessor-version":[{"id":91571,"href":"https:\/\/old.seacretehotels.com\/pl\/wp-json\/wp\/v2\/pages\/91569\/revisions\/91571"}],"wp:attachment":[{"href":"https:\/\/old.seacretehotels.com\/pl\/wp-json\/wp\/v2\/media?parent=91569"}],"curies":[{"name":"wp","href":"https:\/\/api.w.org\/{rel}","templated":true}]}}