
  
{"id":91251,"date":"2016-03-11T17:52:05","date_gmt":"2016-03-11T15:52:05","guid":{"rendered":"https:\/\/old.seacretehotels.com\/kianibeachresort\/sports\/"},"modified":"2022-12-20T17:37:22","modified_gmt":"2022-12-20T15:37:22","slug":"sports","status":"publish","type":"page","link":"https:\/\/old.seacretehotels.com\/it\/kianibeachresort\/sports\/","title":{"rendered":"Kiani Sports"},"content":{"rendered":"<h1>Sport sulla spiaggia di Kiani<\/h1>\n<h2><strong>Esperienze presso il Kiani Beach Resort<\/strong><\/h2>\n<p>Volete spingervi oltre i vostri limiti e far salire l&#8217;adrenalina durante le vostre vacanze estive? Se \u00e8 cos\u00ec, preparatevi a partecipare ad alcune delle attivit\u00e0 sportive e di fitness pi\u00f9 emozionanti proposte dal Kiani Beach Resort. Qualunque sia la vostra et\u00e0 o livello, lasciate che i nostri esperti di fitness vi introducano ad un&#8217;estate di divertimento ed emozioni con le pi\u00f9 esaltanti sessioni di tennis, fitness, yoga, pilates, zumba, aquagym e stretching mattutino. I nostri istruttori altamente qualificati organizzano una serie di sport di squadra, programmi di intrattenimento e fitness, tra cui tornei sportivi specificamente destinati a tutta la famiglia, come calcio, tennis, pallavolo, pallanuoto, tiro con l&#8217;arco, freccette ed escursioni.<\/p>\n","protected":false},"excerpt":{"rendered":"<p>Sport sulla spiaggia di Kiani Esperienze presso il Kiani Beach Resort Volete spingervi oltre i vostri limiti e far salire <\/p>\n","protected":false},"author":1,"featured_media":84212,"parent":91085,"menu_order":0,"comment_status":"closed","ping_status":"closed","template":"templates\/template--single.php","meta":[],"acf":[],"_links":{"self":[{"href":"https:\/\/old.seacretehotels.com\/it\/wp-json\/wp\/v2\/pages\/91251"}],"collection":[{"href":"https:\/\/old.seacretehotels.com\/it\/wp-json\/wp\/v2\/pages"}],"about":[{"href":"https:\/\/old.seacretehotels.com\/it\/wp-json\/wp\/v2\/types\/page"}],"author":[{"embeddable":true,"href":"https:\/\/old.seacretehotels.com\/it\/wp-json\/wp\/v2\/users\/1"}],"replies":[{"embeddable":true,"href":"https:\/\/old.seacretehotels.com\/it\/wp-json\/wp\/v2\/comments?post=91251"}],"version-history":[{"count":3,"href":"https:\/\/old.seacretehotels.com\/it\/wp-json\/wp\/v2\/pages\/91251\/revisions"}],"predecessor-version":[{"id":92623,"href":"https:\/\/old.seacretehotels.com\/it\/wp-json\/wp\/v2\/pages\/91251\/revisions\/92623"}],"up":[{"embeddable":true,"href":"https:\/\/old.seacretehotels.com\/it\/wp-json\/wp\/v2\/pages\/91085"}],"wp:featuredmedia":[{"embeddable":true,"href":"https:\/\/old.seacretehotels.com\/it\/wp-json\/wp\/v2\/media\/84212"}],"wp:attachment":[{"href":"https:\/\/old.seacretehotels.com\/it\/wp-json\/wp\/v2\/media?parent=91251"}],"curies":[{"name":"wp","href":"https:\/\/api.w.org\/{rel}","templated":true}]}}