
  
{"id":91199,"date":"2016-03-11T18:07:28","date_gmt":"2016-03-11T16:07:28","guid":{"rendered":"https:\/\/old.seacretehotels.com\/kianibeachresort\/business\/"},"modified":"2022-12-20T17:27:58","modified_gmt":"2022-12-20T15:27:58","slug":"business","status":"publish","type":"page","link":"https:\/\/old.seacretehotels.com\/it\/kianibeachresort\/business\/","title":{"rendered":"Kiani Meetings"},"content":{"rendered":"<h1>Riunioni al Kiani<\/h1>\n<h2><strong>Esperienze presso il Kiani Beach Resort<\/strong><\/h2>\n<p>Il Kiani Beach Resort offre un centro congressi completamente attrezzato e dotato di apparecchiature tecniche avanzate per organizzare riunioni di lavoro, conferenze o eventi di successo. Se desiderate organizzare ad un importante riunione di lavoro, partecipare ad una grande conferenza o celebrare un trionfo personale con la vostra famiglia e i vostri amici durante una vacanza, il personale attento del nostro hotel trasformer\u00e0 i vostri sogni in realt\u00e0. Le nostre strutture soddisfano tutte le esigenze di business, con la velocit\u00e0 di internet in fibra ottica per garantire il regolare svolgimento di qualsiasi evento.<\/p>\n","protected":false},"excerpt":{"rendered":"<p>Riunioni al Kiani Esperienze presso il Kiani Beach Resort Il Kiani Beach Resort offre un centro congressi completamente attrezzato e <\/p>\n","protected":false},"author":1,"featured_media":84073,"parent":91085,"menu_order":0,"comment_status":"closed","ping_status":"closed","template":"templates\/template--single.php","meta":[],"acf":[],"_links":{"self":[{"href":"https:\/\/old.seacretehotels.com\/it\/wp-json\/wp\/v2\/pages\/91199"}],"collection":[{"href":"https:\/\/old.seacretehotels.com\/it\/wp-json\/wp\/v2\/pages"}],"about":[{"href":"https:\/\/old.seacretehotels.com\/it\/wp-json\/wp\/v2\/types\/page"}],"author":[{"embeddable":true,"href":"https:\/\/old.seacretehotels.com\/it\/wp-json\/wp\/v2\/users\/1"}],"replies":[{"embeddable":true,"href":"https:\/\/old.seacretehotels.com\/it\/wp-json\/wp\/v2\/comments?post=91199"}],"version-history":[{"count":5,"href":"https:\/\/old.seacretehotels.com\/it\/wp-json\/wp\/v2\/pages\/91199\/revisions"}],"predecessor-version":[{"id":92618,"href":"https:\/\/old.seacretehotels.com\/it\/wp-json\/wp\/v2\/pages\/91199\/revisions\/92618"}],"up":[{"embeddable":true,"href":"https:\/\/old.seacretehotels.com\/it\/wp-json\/wp\/v2\/pages\/91085"}],"wp:featuredmedia":[{"embeddable":true,"href":"https:\/\/old.seacretehotels.com\/it\/wp-json\/wp\/v2\/media\/84073"}],"wp:attachment":[{"href":"https:\/\/old.seacretehotels.com\/it\/wp-json\/wp\/v2\/media?parent=91199"}],"curies":[{"name":"wp","href":"https:\/\/api.w.org\/{rel}","templated":true}]}}