
  
{"id":91194,"date":"2016-03-09T18:22:18","date_gmt":"2016-03-09T16:22:18","guid":{"rendered":"https:\/\/old.seacretehotels.com\/kianibeachresort\/beach-pools\/"},"modified":"2023-06-21T11:17:35","modified_gmt":"2023-06-21T08:17:35","slug":"beach-pools","status":"publish","type":"page","link":"https:\/\/old.seacretehotels.com\/it\/kianibeachresort\/beach-pools\/","title":{"rendered":"Kiani Beach &#038; Pools"},"content":{"rendered":"<h1>Spiaggia e piscine Kiani<\/h1>\n<ul>\n<li>2 piscine all&#8217;aperto<\/li>\n<li>1 piscina coperta riscaldata<\/li>\n<li>2 piscine per bambini<\/li>\n<\/ul>\n<p>Al Kiani Beach Resort \u00e8 possibile nuotare nelle acque cristalline della piscina o immergersi nelle acque color smeraldo della nostra spiaggia Bandiera Blu. Immergetevi nella nostra piscina esterna di acqua dolce di 288 metri quadrati, profonda 1,60 metri, oppure semplicemente immergetevi nell&#8217;azzurro infinito del mare cretese, mentre i vostri bambini si godono il sole in tutta sicurezza nella piscina per bambini appositamente progettata di 40 metri quadrati, profonda 0,40 metri.<\/p>\n<p>La nostra seconda piscina esterna offre una corsia di 50 metri per il nuoto e la nostra piscina al coperto \u00e8 riscaldata.<\/p>\n<p>&nbsp;<\/p>\n<p><strong>Piscina coperta riscaldata<\/p>\n<p>Nota speciale: <\/strong>vorremmo informarvi che per motivi di sostenibilit\u00e0 per non consumare elettricit\u00e0 inutilmente, la nostra piscina coperta tra i mesi di g<strong>iugno, luglio e agosto non sar\u00e0 riscaldata.<br \/>\n<\/strong><\/p>\n<p>La nostra piscina coperta \u00e8 riscaldata e monitorata con una temperatura minima dell&#8217;acqua di 25 gradi Celsius o oltre, ogni giorno. Sulla parete dell\u2019area della nostra piscina coperta riscaldata troverete anche un termometro elettronico che indica la temperatura attuale dell&#8217;acqua e la temperatura dell\u2019ambiente.<\/p>\n<p>Dopo una nuotata, prendete il sole sui lettini a bordo piscina o rilassatevi sotto l\u2019ombrellone sorseggiando un cocktail alla frutta preparato dal nostro bar. La spiaggia di Kiani \u00e8 perfetta per una giornata di sole con la famiglia, con acque poco profonde e lunghi tratti di sabbia e ciottoli.<\/p>\n","protected":false},"excerpt":{"rendered":"<p>Spiaggia e piscine Kiani 2 piscine all&#8217;aperto 1 piscina coperta riscaldata 2 piscine per bambini Al Kiani Beach Resort \u00e8 <\/p>\n","protected":false},"author":1,"featured_media":86835,"parent":91085,"menu_order":0,"comment_status":"closed","ping_status":"closed","template":"templates\/template--single.php","meta":[],"acf":[],"_links":{"self":[{"href":"https:\/\/old.seacretehotels.com\/it\/wp-json\/wp\/v2\/pages\/91194"}],"collection":[{"href":"https:\/\/old.seacretehotels.com\/it\/wp-json\/wp\/v2\/pages"}],"about":[{"href":"https:\/\/old.seacretehotels.com\/it\/wp-json\/wp\/v2\/types\/page"}],"author":[{"embeddable":true,"href":"https:\/\/old.seacretehotels.com\/it\/wp-json\/wp\/v2\/users\/1"}],"replies":[{"embeddable":true,"href":"https:\/\/old.seacretehotels.com\/it\/wp-json\/wp\/v2\/comments?post=91194"}],"version-history":[{"count":4,"href":"https:\/\/old.seacretehotels.com\/it\/wp-json\/wp\/v2\/pages\/91194\/revisions"}],"predecessor-version":[{"id":103161,"href":"https:\/\/old.seacretehotels.com\/it\/wp-json\/wp\/v2\/pages\/91194\/revisions\/103161"}],"up":[{"embeddable":true,"href":"https:\/\/old.seacretehotels.com\/it\/wp-json\/wp\/v2\/pages\/91085"}],"wp:featuredmedia":[{"embeddable":true,"href":"https:\/\/old.seacretehotels.com\/it\/wp-json\/wp\/v2\/media\/86835"}],"wp:attachment":[{"href":"https:\/\/old.seacretehotels.com\/it\/wp-json\/wp\/v2\/media?parent=91194"}],"curies":[{"name":"wp","href":"https:\/\/api.w.org\/{rel}","templated":true}]}}