
  
{"id":91192,"date":"2016-03-07T17:31:48","date_gmt":"2016-03-07T15:31:48","guid":{"rendered":"https:\/\/old.seacretehotels.com\/kianibeachresort\/facilities\/"},"modified":"2022-12-20T17:20:04","modified_gmt":"2022-12-20T15:20:04","slug":"facilities","status":"publish","type":"page","link":"https:\/\/old.seacretehotels.com\/it\/kianibeachresort\/facilities\/","title":{"rendered":"Kiani Facilities Overview"},"content":{"rendered":"<h1>Strutture alberghiere di alto livello a La Canea<\/h1>\n<p>Il Kiani Beach Resort offre una vasta gamma di attivit\u00e0 e opzioni di intrattenimento per tutti. Dalle piscine di acqua cristallina alle avventure sportive e di fitness di alto livello, alle sessioni di allenamento e alle escursioni a piedi, fino ai programmi serali pi\u00f9 divertenti con balli, karaoke, spettacoli, lezioni ed eventi dal vivo, ogni ora \u00e8 ricca di divertimento.<\/p>\n<h2>Strutture per bambini a Creta<\/h2>\n<p>Il nostro resort per famiglie garantisce una vacanza memorabile sia per i bambini che per gli adulti. La piscina pensata proprio per i bambini, il Kid&#8217;s Club e la minidiscoteca per i nostri piccoli ospiti faranno s\u00ec che i bambini non possano chiedere di pi\u00f9. Godetevi una vacanza molto rilassante in spiaggia, mentre i vostri figli giocano in sicurezza sotto la supervisione dei nostri professionisti, oppure trascorrete del tempo di qualit\u00e0 insieme partecipando a una serie di avventure in famiglia.<\/p>\n<h2>Strutture per affari ed eventi di alto livello a La Canea<\/h2>\n<p>Il successo \u00e8 una cosa che non prevede pausa di interruzione, ma c&#8217;\u00e8 sempre tempo per un intervallo durante le vacanze per la vostra riuscita negli affari. Il Kiani Beach Resort pu\u00f2 organizzare un\u2019ampia scelta di riunioni, conferenze o eventi privati e garantire che i vostri eventi si svolgano senza intoppi. Festeggiate un&#8217;occasione speciale o organizzate una conferenza importante durante le vacanze e lasciate che ci occupiamo noi di tutti i dettagli.<\/p>\n<p>&nbsp;<\/p>\n<h3>STRUTTURE DELL&#8217;HOTEL<\/h3>\n<ul>\n<li>2 piscine all&#8217;aperto (una delle quali dispone di una corsia di 50 metri per nuotare)<\/li>\n<li>2 piscine per bambini<\/li>\n<li>Piscina coperta riscaldata<\/li>\n<li>Lettini e ombrelloni gratuiti a bordo piscina e sulla spiaggia<\/li>\n<li>2 ristoranti a buffet<\/li>\n<li>Bar &#8220;Dionysos&#8221; sulla spiaggia<\/li>\n<li>Bar della piscina esterna<\/li>\n<li>2 aree gioco per bambini con parco giochi all&#8217;aperto in legno (nave pirata)<\/li>\n<li>2 palestre, bagno turco, massaggi<\/li>\n<li>Programma di animazione giornaliera (acquagym, minidiscoteca, giochi per bambini, eventi serali)<\/li>\n<li>Strutture per bambini<\/li>\n<li>SPA<\/li>\n<li>Sport: tennis, beach volley, bocce, calcio<\/li>\n<li>Centro conferenze con supporto di segreteria su richiesta<\/li>\n<li>Medico su chiamata<\/li>\n<li>Sala TV<\/li>\n<li>Dotazioni per bambini come passeggini, seggioloni al ristorante, walkie talkie, bagnetto per bambini in camera, culla in camera, sterilizzatori<\/li>\n<li>Trasferimento dall&#8217;aeroporto in taxi o minibus a pagamento<\/li>\n<li>Giardino<\/li>\n<li>Wi-Fi gratuito<\/li>\n<li>Mini Market<\/li>\n<li>Vicino alla stazione degli autobus<\/li>\n<li>Servizio di check-out veloce<\/li>\n<li>Parcheggio privato gratuito<\/li>\n<li>Piscina per bambini<\/li>\n<li>La colazione viene servita dalle 8:00 alle 10:30<\/li>\n<li>Colazione anticipata su richiesta<\/li>\n<li>Computer a disposizione degli ospiti<\/li>\n<li>Angolo Internet<\/li>\n<li>Selezione di cuscini su richiesta con materiali biologici o ipoallergenici<\/li>\n<li>Servizio di colazione in camera con supplemento<\/li>\n<li>Trasferimenti privati da e verso gli aeroporti e i porti di Creta a pagamento<\/li>\n<li>Servizio in camera h24 con supplemento<\/li>\n<li>Servizio di pulizia pomeridiano su richiesta<\/li>\n<li>Servizio di cambio asciugamani su richiesta<\/li>\n<li>Centro affari<\/li>\n<li>Culla per bambini su richiesta<\/li>\n<li>Servizio di sveglia dell\u2019hotel su richiesta<\/li>\n<li>Campo da tennis<\/li>\n<li>Cassaforte centrale alla reception con supplemento<\/li>\n<li>Reception 24 ore<\/li>\n<li>Trasporto bagagli da e verso il parcheggio dell&#8217;hotel (parcheggio con parcheggiatore)<\/li>\n<li>Deposito bagagli<\/li>\n<li>Cibo o colazione ai clienti con pacchetti speciali su richiesta<\/li>\n<li>Servizio di lavaggio a secco con supplemento<\/li>\n<\/ul>\n","protected":false},"excerpt":{"rendered":"<p>Strutture alberghiere di alto livello a La Canea Il Kiani Beach Resort offre una vasta gamma di attivit\u00e0 e opzioni <\/p>\n","protected":false},"author":1,"featured_media":84196,"parent":91085,"menu_order":0,"comment_status":"closed","ping_status":"closed","template":"templates\/template--single.php","meta":[],"acf":[],"_links":{"self":[{"href":"https:\/\/old.seacretehotels.com\/it\/wp-json\/wp\/v2\/pages\/91192"}],"collection":[{"href":"https:\/\/old.seacretehotels.com\/it\/wp-json\/wp\/v2\/pages"}],"about":[{"href":"https:\/\/old.seacretehotels.com\/it\/wp-json\/wp\/v2\/types\/page"}],"author":[{"embeddable":true,"href":"https:\/\/old.seacretehotels.com\/it\/wp-json\/wp\/v2\/users\/1"}],"replies":[{"embeddable":true,"href":"https:\/\/old.seacretehotels.com\/it\/wp-json\/wp\/v2\/comments?post=91192"}],"version-history":[{"count":5,"href":"https:\/\/old.seacretehotels.com\/it\/wp-json\/wp\/v2\/pages\/91192\/revisions"}],"predecessor-version":[{"id":92613,"href":"https:\/\/old.seacretehotels.com\/it\/wp-json\/wp\/v2\/pages\/91192\/revisions\/92613"}],"up":[{"embeddable":true,"href":"https:\/\/old.seacretehotels.com\/it\/wp-json\/wp\/v2\/pages\/91085"}],"wp:featuredmedia":[{"embeddable":true,"href":"https:\/\/old.seacretehotels.com\/it\/wp-json\/wp\/v2\/media\/84196"}],"wp:attachment":[{"href":"https:\/\/old.seacretehotels.com\/it\/wp-json\/wp\/v2\/media?parent=91192"}],"curies":[{"name":"wp","href":"https:\/\/api.w.org\/{rel}","templated":true}]}}