
  
{"id":91099,"date":"2016-03-09T18:43:53","date_gmt":"2016-03-09T16:43:53","guid":{"rendered":"https:\/\/old.seacretehotels.com\/kianibeachresort\/family-holidays\/"},"modified":"2022-12-20T17:22:26","modified_gmt":"2022-12-20T15:22:26","slug":"family-holidays","status":"publish","type":"page","link":"https:\/\/old.seacretehotels.com\/it\/kianibeachresort\/family-holidays\/","title":{"rendered":"Kiani Family Vacation"},"content":{"rendered":"<h1>Vacanze indimenticabili in famiglia a Creta<\/h1>\n<p>Kiani Beach Resort a La Canea offre una vasta gamma di servizi e strutture per bambini che trasformeranno le vostre vacanze in famiglia a Creta in ricordi che rimarranno nel tempo. I genitori possono godersi una rilassante nuotata mentre i bambini sguazzano in sicurezza nella piscina per bambini appositamente progettata in uno dei migliori resort per famiglie a Creta, oppure potranno trascorrere momenti di qualit\u00e0 insieme sulla spiaggia baciata dal sole. Ideale per emozionanti vacanze in famiglia a La Canea, Kiani Beach Resort offre tutto ci\u00f2 che occorre per una piacevole vacanza in famiglia a La Canea, all&#8217;insegna del lusso.<\/p>\n<h2><strong>Hotel sulla spiaggia a 5 stelle con club per bambini a La Canea<\/strong><\/h2>\n<p>Questo incantevole resort adatto ai bambini nel villaggio di Kalyves a Creta offre un\u2019ampia variet\u00e0 di opzioni di intrattenimento, avventure sportive e acquatiche, nonch\u00e9 attivit\u00e0 ricreative per bambini e adulti. I bambini possono usufruire del fantastico <a href=\"https:\/\/old.seacretehotels.com\/kianibeachresort\/kids-club-outdoors\/\">Club per bambini di La Canea<\/a>, Creta e della Minidiscoteca dell&#8217;hotel e godersi le vacanze in spiaggia. Il team di animatori esperti professionisti dell&#8217;hotel garantiscono un fantastico intrattenimento per tutti i bambini durante tutta la giornata. Dalle divertenti attivit\u00e0 organizzate nella piscina progettata appositamente per bambini ad avventure come trucco sul viso e caccia al tesoro, cinema e sessioni di ballo nella nostra mini discoteca, i piccoli ospiti si sentiranno come in paradiso.<\/p>\n<h3><strong>Eccezionali vacanze in famiglia a Creta<\/strong><\/h3>\n<p>Le famiglie che soggiornano al Kiani Beach Resort potranno vivere le migliori vacanze in famiglia a La Canea, in uno dei resort per famiglie pi\u00f9 eccezionali dell&#8217;isola di Creta in Grecia. Godetevi le vacanze pi\u00f9 rilassanti con la vostra dolce met\u00e0, mentre i vostri figli si divertono in autonomia, oppure trascorrete una vacanza di qualit\u00e0 con la vostra famiglia direttamente sulla spiaggia. Kiani Beach Resort offre un miniclub al chiuso, un miniclub all\u2019aperto e varie strutture e servizi per bambini e neonati, cos\u00ec le vostre vacanze in famiglia a La Canea vi lasceranno molto di pi\u00f9 di una serie di ricordi.<\/p>\n<p><strong>Strutture e servizi<\/strong><\/p>\n<ul>\n<li>2 parchi giochi per bambini<\/li>\n<li>2 piscine per bambini<\/li>\n<li>Castello gonfiabile per saltare<\/li>\n<li>Seggioloni al ristorante<\/li>\n<li>Programma di animazione e club per bambini, 6 giorni alla settimana<\/li>\n<li>Minidiscoteca<\/li>\n<li>Giri sugli asini<\/li>\n<li>Truccabimbi<\/li>\n<\/ul>\n","protected":false},"excerpt":{"rendered":"<p>Vacanze indimenticabili in famiglia a Creta Kiani Beach Resort a La Canea offre una vasta gamma di servizi e strutture <\/p>\n","protected":false},"author":1,"featured_media":90264,"parent":91085,"menu_order":0,"comment_status":"closed","ping_status":"closed","template":"templates\/template--single.php","meta":[],"acf":[],"_links":{"self":[{"href":"https:\/\/old.seacretehotels.com\/it\/wp-json\/wp\/v2\/pages\/91099"}],"collection":[{"href":"https:\/\/old.seacretehotels.com\/it\/wp-json\/wp\/v2\/pages"}],"about":[{"href":"https:\/\/old.seacretehotels.com\/it\/wp-json\/wp\/v2\/types\/page"}],"author":[{"embeddable":true,"href":"https:\/\/old.seacretehotels.com\/it\/wp-json\/wp\/v2\/users\/1"}],"replies":[{"embeddable":true,"href":"https:\/\/old.seacretehotels.com\/it\/wp-json\/wp\/v2\/comments?post=91099"}],"version-history":[{"count":5,"href":"https:\/\/old.seacretehotels.com\/it\/wp-json\/wp\/v2\/pages\/91099\/revisions"}],"predecessor-version":[{"id":92614,"href":"https:\/\/old.seacretehotels.com\/it\/wp-json\/wp\/v2\/pages\/91099\/revisions\/92614"}],"up":[{"embeddable":true,"href":"https:\/\/old.seacretehotels.com\/it\/wp-json\/wp\/v2\/pages\/91085"}],"wp:featuredmedia":[{"embeddable":true,"href":"https:\/\/old.seacretehotels.com\/it\/wp-json\/wp\/v2\/media\/90264"}],"wp:attachment":[{"href":"https:\/\/old.seacretehotels.com\/it\/wp-json\/wp\/v2\/media?parent=91099"}],"curies":[{"name":"wp","href":"https:\/\/api.w.org\/{rel}","templated":true}]}}