
  
{"id":91094,"date":"2016-03-15T13:52:30","date_gmt":"2016-03-15T11:52:30","guid":{"rendered":"https:\/\/old.seacretehotels.com\/kianibeachresort\/kids-club-indoors\/"},"modified":"2023-05-18T09:06:25","modified_gmt":"2023-05-18T06:06:25","slug":"kids-club-indoors","status":"publish","type":"page","link":"https:\/\/old.seacretehotels.com\/it\/kianibeachresort\/kids-club-indoors\/","title":{"rendered":"Indoor Kids Club"},"content":{"rendered":"<h1>Club per bambini al chiuso<\/h1>\n<p><a href=\"https:\/\/old.seacretehotels.com\/wp-content\/uploads\/2022\/03\/Kids_Club_2022.pdf\">Scaricate qui il nostro divertente PDF con tutte le informazioni generali essenziali sul nostro Miniclub Kiani!<\/a><\/p>\n<p><strong>Orari di apertura:<\/strong><br \/>\ndalle 10:30 alle 13:00 Pomeriggio: dalle 15.30 alle 17.30 (6 giorni alla settimana)<\/p>\n<p><strong>Limiti di et\u00e0:\u00a0<\/strong><br \/>\nIl club al chiuso \u00e8 riservato ai bambini di et\u00e0 compresa tra 0 e 4 anni e tra 4 e 8 anni.<\/p>\n<p><strong>Club al chiuso per bambini di et\u00e0 compresa tra 4 e 8 anni<\/strong><br \/>\nI genitori possono affidare i propri figli di et\u00e0 compresa tra i 4 e gli 8 anni nelle mani dei nostri animatori professionisti. Quando lasciano i propri bambini, i genitori devono compilare un modulo con il nome del bambino, i dati di contatto dei genitori e altro ancora.<strong>\u00a0I bambini di et\u00e0 inferiore ai 4 anni non possono essere lasciati nel nostro miniclub non accompagnati.\u00a0<\/strong>Se un bambino di et\u00e0 inferiore ai 4 anni desidera frequentare il miniclub al chiuso o partecipare alle attivit\u00e0 al coperto, deve essere accompagnato da uno o entrambi i genitori.<\/p>\n<p><strong>Sala giochi al chiuso per bambini da 0 a 4 anni<\/strong><br \/>\nLa nostra sala giochi per bambini si trova nell&#8217;ala sud del Kiani Beach Resort, dietro la piscina coperta. La sala \u00e8 riservata ai genitori con bambini piccoli che desiderano giocare da soli ed \u00e8 accessibile negli orari delle attivit\u00e0 di animazione, dalle 10:30 alle 13:00 e dalle 15:00 alle 17:00. Non sono previste attivit\u00e0 organizzate. \u00c8 necessario prenotare la sala con gli animatori.<\/p>\n<p><strong>Restrizioni per i genitori:<\/strong><br \/>\ni genitori non possono lasciare i locali del Kiani Beach Resort mentre i loro figli partecipano a qualsiasi tipo di gioco libero o attivit\u00e0 presso il nostro Miniclub Kiani.<\/p>\n<p><strong>Attivit\u00e0<\/strong><br \/>\nIl Club per bambini al chiuso dell&#8217;hotel propone innumerevoli ore di divertimento e intrattenimento per i bambini di tutte le et\u00e0. I bambini possono coltivare la propria creativit\u00e0 con sessioni dedicate all\u2019arte, al disegno e alla pittura, giocando liberamente con tutti i nostri giocattoli e giochi e partecipando ad attivit\u00e0 di arti e mestieri e tanto altro ancora.<\/p>\n","protected":false},"excerpt":{"rendered":"<p>Club per bambini al chiuso Scaricate qui il nostro divertente PDF con tutte le informazioni generali essenziali sul nostro Miniclub <\/p>\n","protected":false},"author":1,"featured_media":88711,"parent":91085,"menu_order":0,"comment_status":"closed","ping_status":"closed","template":"templates\/template--single.php","meta":[],"acf":[],"_links":{"self":[{"href":"https:\/\/old.seacretehotels.com\/it\/wp-json\/wp\/v2\/pages\/91094"}],"collection":[{"href":"https:\/\/old.seacretehotels.com\/it\/wp-json\/wp\/v2\/pages"}],"about":[{"href":"https:\/\/old.seacretehotels.com\/it\/wp-json\/wp\/v2\/types\/page"}],"author":[{"embeddable":true,"href":"https:\/\/old.seacretehotels.com\/it\/wp-json\/wp\/v2\/users\/1"}],"replies":[{"embeddable":true,"href":"https:\/\/old.seacretehotels.com\/it\/wp-json\/wp\/v2\/comments?post=91094"}],"version-history":[{"count":6,"href":"https:\/\/old.seacretehotels.com\/it\/wp-json\/wp\/v2\/pages\/91094\/revisions"}],"predecessor-version":[{"id":101266,"href":"https:\/\/old.seacretehotels.com\/it\/wp-json\/wp\/v2\/pages\/91094\/revisions\/101266"}],"up":[{"embeddable":true,"href":"https:\/\/old.seacretehotels.com\/it\/wp-json\/wp\/v2\/pages\/91085"}],"wp:featuredmedia":[{"embeddable":true,"href":"https:\/\/old.seacretehotels.com\/it\/wp-json\/wp\/v2\/media\/88711"}],"wp:attachment":[{"href":"https:\/\/old.seacretehotels.com\/it\/wp-json\/wp\/v2\/media?parent=91094"}],"curies":[{"name":"wp","href":"https:\/\/api.w.org\/{rel}","templated":true}]}}