
  
{"id":91090,"date":"2016-03-15T13:50:34","date_gmt":"2016-03-15T11:50:34","guid":{"rendered":"https:\/\/old.seacretehotels.com\/kianibeachresort\/kids-club-outdoors\/"},"modified":"2023-05-18T09:02:50","modified_gmt":"2023-05-18T06:02:50","slug":"kids-club-outdoors","status":"publish","type":"page","link":"https:\/\/old.seacretehotels.com\/it\/kianibeachresort\/kids-club-outdoors\/","title":{"rendered":"Outdoor Kids Club"},"content":{"rendered":"<h1>Hotel con Club per bambini a Creta<\/h1>\n<p><a href=\"https:\/\/old.seacretehotels.com\/wp-content\/uploads\/2022\/03\/Kids_Club_2022.pdf\">Scaricate qui il nostro divertente PDF con tutte le informazioni generali essenziali sul nostro Miniclub Kiani!<\/a><\/p>\n<p><strong>Orari di apertura:<br \/>\n<\/strong>Mattina: dalle 10:30 alle 13:00 Pomeriggio: dalle 15:30 alle 17:30 (6 giorni alla settimana, chiuso il mercoled\u00ec).<br \/>\n21:00 &#8211; 22:00 Spettacoli serali per bambini<\/p>\n<p><strong>Il nostro Miniclub Kiani propone:<\/strong><\/p>\n<ul>\n<li>Attivit\u00e0 divertenti organizzate da animatori<\/li>\n<li>Castello gonfiabile per saltare<\/li>\n<li>Giri sull\u2019asino con Ercole<\/li>\n<li>Incontro con la nostra mascotte<\/li>\n<li>Minidiscoteca<\/li>\n<li>Giornate dedicate all\u2019ambiente<\/li>\n<li>Serate di cinema per bambini<\/li>\n<\/ul>\n<p><strong>Limiti di et\u00e0 del Miniclub Kiani:<\/strong><br \/>\nLimiti di et\u00e0: Il club \u00e8 riservato ai bambini di et\u00e0 compresa tra i 4 e gli 8 anni. I genitori possono affidare i propri figli di et\u00e0 compresa tra i 4 e gli 8 anni alla supervisione dei nostri animatori professionisti. I genitori devono inoltre compilare un modulo di registrazione quando lasciano il bambino presso il Miniclub Kiani.\u00a0<strong>I bambini di et\u00e0 inferiore ai 4 anni non possono essere lasciati nel nostro miniclub non accompagnati.<\/strong>\u00a0Se un bambino di et\u00e0 inferiore ai 4 anni desidera partecipare alle attivit\u00e0, deve essere accompagnato da un familiare.<\/p>\n<p><strong>Restrizioni per i genitori:<\/strong><br \/>\ni genitori non possono lasciare i locali del Kiani Beach Resort mentre i loro figli partecipano a qualsiasi tipo di gioco libero o attivit\u00e0 presso il nostro Miniclub Kiani.<\/p>\n<p><strong>Attivit\u00e0 del club per bambini:<\/strong><br \/>\nIl club per bambini propone innumerevoli ore di divertimento e intrattenimento per i vostri figli. Che si tratti di sguazzare in piscina o di pescare al mare, di creare maschere o truccarsi il viso o colorare magliette, esplorare il mondo attraverso vari giochi e attivit\u00e0, i vostri piccoli possono scegliere di trascorrere una settimana attiva al Miniclub Kiani.<\/p>\n<p>Con il graduale allentamento delle restrizioni dovute al Covid-19, siamo lieti di poter riprendere le attivit\u00e0 nella nostra sala interna del club per bambini, soprattutto nelle ore pomeridiane. La sala del Miniclub Kiani si trova nell&#8217;ala nord del Kiani Beach Resort, per raggiungerla, basta seguire i segnali sul pavimento dall&#8217;ascensore al primo piano, accanto al nostro ristorante.<\/p>\n<p><strong>Sala giochi per bambini da 0 a 4 anni:<\/strong>\u00a0La nostra sala giochi per bambini si trova nell&#8217;ala sud del Kiani Beach Resort, dietro la piscina coperta. La sala \u00e8 riservata ai genitori con bambini piccoli che desiderano giocare da soli ed \u00e8 accessibile negli orari delle attivit\u00e0 di animazione, dalle 10:30 alle 13:00 e dalle 16:00 alle 18:00. Non sono previste attivit\u00e0 organizzate. \u00c8 necessario prenotare la sala con gli animatori.<\/p>\n<p><strong>Per i vostri piccoli, il Kiani Beach Resort offre anche:\u00a0<\/strong><\/p>\n<ul>\n<li>due piscine per bambini (una delle quali con scivoli)<\/li>\n<li>Un castello gonfiabile per saltare. Limiti di et\u00e0: 4 &#8211; 13 anni<\/li>\n<li>Due grandi parchi giochi per bambini con altalene, ostacoli per l&#8217;arrampicata e altro ancora, aperti tutto il giorno 7 giorni su 7<\/li>\n<li>Giri in asino dalle 12:30 alle 13:00, 6 volte a settimana (tranne il mercoled\u00ec)<\/li>\n<li>Interazione con la nostra simpatica mascotte Figlo, che arriva prima della discoteca per bambini per stimolare i bambini di tutte le et\u00e0 a parteciparvi<\/li>\n<li>Discoteca per bambini dalle 20:30 alle 21:00, 6 volte a settimana (tranne il mercoled\u00ec) per bambini di tutte le et\u00e0<\/li>\n<li>Spettacoli serali Kids dalle 21:00 alle 22:00 circa, 6 volte a settimana (tranne il mercoled\u00ec) per bambini di tutte le et\u00e0<\/li>\n<\/ul>\n<p>Quando viaggiate con la famiglia, quale posto migliore scegliere per le vostre vacanze in famiglia se non un hotel 5 stelle sulla spiaggia con un club per bambini a Creta. Una location stupenda nel villaggio di Kalyves, vicino a La Canea, il Kiani Beach Resort \u00e8 un hotel adatto ai bambini a Creta, per una piacevole vacanza in famiglia sulla spiaggia. La sua posizione idilliaca, insieme agli eccezionali servizi speciali per bambini, ai servizi di assistenza ai neonati e alle strutture per bambini, consentono di trascorrere vacanze divertenti, spensierate e memorabili sull&#8217;isola di Creta, in Grecia.<\/p>\n<h2><strong>Hotel adatto ai bambini a La Canea<\/strong><\/h2>\n<p>Situato all&#8217;interno di un incantevole resort per famiglie in riva al mare, questo hotel per bambini a La Canea offre una vasta gamma di strutture e servizi per assicurarvi una vacanza a Creta con i bambini che resti un ricordo prezioso per tutta la vita. Dai menu appositamente studiati per i bambini, al miniclub all&#8217;aperto completamente attrezzato, all&#8217;ampia scelta di attivit\u00e0 per bambini, fino alle molteplici opzioni di intrattenimento per tutta la famiglia, Kiani Beach Resort si distingue quale perfetto hotel per famiglie con miniclub a Creta. Quando programmate le vostre vacanze a La Canea con i bambini, questa \u00e8 la vostra migliore scelta. Lasciate che i vostri figli passino degli splendidi momenti mentre voi vi rilassate sulla spiaggia.<\/p>\n","protected":false},"excerpt":{"rendered":"<p>Hotel con Club per bambini a Creta Scaricate qui il nostro divertente PDF con tutte le informazioni generali essenziali sul <\/p>\n","protected":false},"author":1,"featured_media":90314,"parent":91085,"menu_order":0,"comment_status":"closed","ping_status":"closed","template":"templates\/template--single.php","meta":[],"acf":[],"_links":{"self":[{"href":"https:\/\/old.seacretehotels.com\/it\/wp-json\/wp\/v2\/pages\/91090"}],"collection":[{"href":"https:\/\/old.seacretehotels.com\/it\/wp-json\/wp\/v2\/pages"}],"about":[{"href":"https:\/\/old.seacretehotels.com\/it\/wp-json\/wp\/v2\/types\/page"}],"author":[{"embeddable":true,"href":"https:\/\/old.seacretehotels.com\/it\/wp-json\/wp\/v2\/users\/1"}],"replies":[{"embeddable":true,"href":"https:\/\/old.seacretehotels.com\/it\/wp-json\/wp\/v2\/comments?post=91090"}],"version-history":[{"count":4,"href":"https:\/\/old.seacretehotels.com\/it\/wp-json\/wp\/v2\/pages\/91090\/revisions"}],"predecessor-version":[{"id":101259,"href":"https:\/\/old.seacretehotels.com\/it\/wp-json\/wp\/v2\/pages\/91090\/revisions\/101259"}],"up":[{"embeddable":true,"href":"https:\/\/old.seacretehotels.com\/it\/wp-json\/wp\/v2\/pages\/91085"}],"wp:featuredmedia":[{"embeddable":true,"href":"https:\/\/old.seacretehotels.com\/it\/wp-json\/wp\/v2\/media\/90314"}],"wp:attachment":[{"href":"https:\/\/old.seacretehotels.com\/it\/wp-json\/wp\/v2\/media?parent=91090"}],"curies":[{"name":"wp","href":"https:\/\/api.w.org\/{rel}","templated":true}]}}