
  
{"id":91085,"date":"2016-03-03T17:13:22","date_gmt":"2016-03-03T15:13:22","guid":{"rendered":"https:\/\/old.seacretehotels.com\/kianibeachresort\/"},"modified":"2023-10-30T15:55:38","modified_gmt":"2023-10-30T13:55:38","slug":"kianibeachresort","status":"publish","type":"page","link":"https:\/\/old.seacretehotels.com\/it\/kianibeachresort\/","title":{"rendered":"Kiani Homepage"},"content":{"rendered":"<p>Il Kiani Beach Resort \u00e8 stato votato:\u00a0<strong>I 10 migliori Resort All Inclusive in Grecia del 2022 e i 25 migliori Resort All Inclusive in Europa del 2022<\/strong><\/p>\n<h1>Resort All-Inclusive per famiglie a La Canea, Creta<\/h1>\n<p>Il Kiani Beach Resort \u00e8 un <a href=\"https:\/\/old.seacretehotels.com\/it\/kianibeachresort\/allinclusive-hotel\/\">resort per famiglie all-inclusive a La Canea<\/a>, proprio sulla pluripremiata spiaggia bandiera blu di Kiani Akti, appena fuori dal villaggio di Kalyves a Creta. Questo eccezionale resort a La Canea sul mare \u00e8 un\u2019oasi straordinaria per le famiglie con bambini piccoli, poich\u00e9 \u00e8 stato appositamente progettato per accogliere comodamente sia gli adulti che gli ospiti pi\u00f9 giovani. L&#8217;ampia gamma di strutture e servizi eccezionali per tutte le et\u00e0 assicura una vacanza in famiglia a Creta davvero rilassante. Preparatevi a immergervi in un ambiente lussuoso e a godervi le vostre vacanze in uno dei migliori resort sulla spiaggia in Grecia.<\/p>\n<h2><strong>Resort a La Canea per le famiglie<\/strong><\/h2>\n<p>Visitando questo eccezionale resort di Creta per famiglie, potrete fare il bagno nelle acque cristalline del mare cretese o in piscina, gustare cocktail rinfrescanti e pasti deliziosi, partecipare a una serie di programmi di svago e intrattenimento o rilassarvi totalmente nel pi\u00f9 incantevole degli scenari. Qualunque sia la vostra et\u00e0, abbandonatevi all&#8217;atmosfera beata di questo resort di lusso a 5 stelle a La Canea e preparatevi a vivere un&#8217;esperienza inaspettata.<\/p>\n","protected":false},"excerpt":{"rendered":"<p>Il Kiani Beach Resort \u00e8 stato votato:\u00a0I 10 migliori Resort All Inclusive in Grecia del 2022 e i 25 migliori <\/p>\n","protected":false},"author":1,"featured_media":88281,"parent":0,"menu_order":0,"comment_status":"closed","ping_status":"closed","template":"templates\/template--hotel.php","meta":[],"acf":[],"_links":{"self":[{"href":"https:\/\/old.seacretehotels.com\/it\/wp-json\/wp\/v2\/pages\/91085"}],"collection":[{"href":"https:\/\/old.seacretehotels.com\/it\/wp-json\/wp\/v2\/pages"}],"about":[{"href":"https:\/\/old.seacretehotels.com\/it\/wp-json\/wp\/v2\/types\/page"}],"author":[{"embeddable":true,"href":"https:\/\/old.seacretehotels.com\/it\/wp-json\/wp\/v2\/users\/1"}],"replies":[{"embeddable":true,"href":"https:\/\/old.seacretehotels.com\/it\/wp-json\/wp\/v2\/comments?post=91085"}],"version-history":[{"count":16,"href":"https:\/\/old.seacretehotels.com\/it\/wp-json\/wp\/v2\/pages\/91085\/revisions"}],"predecessor-version":[{"id":108347,"href":"https:\/\/old.seacretehotels.com\/it\/wp-json\/wp\/v2\/pages\/91085\/revisions\/108347"}],"wp:featuredmedia":[{"embeddable":true,"href":"https:\/\/old.seacretehotels.com\/it\/wp-json\/wp\/v2\/media\/88281"}],"wp:attachment":[{"href":"https:\/\/old.seacretehotels.com\/it\/wp-json\/wp\/v2\/media?parent=91085"}],"curies":[{"name":"wp","href":"https:\/\/api.w.org\/{rel}","templated":true}]}}