
  
{"id":91055,"date":"2016-03-15T17:25:47","date_gmt":"2016-03-15T15:25:47","guid":{"rendered":"https:\/\/old.seacretehotels.com\/kalyvesbeachhotel\/romantic-getaway\/"},"modified":"2022-12-20T17:52:20","modified_gmt":"2022-12-20T15:52:20","slug":"romantic-getaway","status":"publish","type":"page","link":"https:\/\/old.seacretehotels.com\/it\/kalyvesbeachhotel\/romantic-getaway\/","title":{"rendered":"Kalyves Romance"},"content":{"rendered":"<h1>Romantico hotel a La Canea<\/h1>\n<p>Gli eterni romantici sono invitati a celebrare l\u2019amore nel pi\u00f9 incantevole degli scenari sul mare e sul fiume. Il romantico Kalyves Beach Hotel a La Canea offre il rifugio ideale per le coppie che desiderano rilassarsi e trascorrere del tempo di qualit\u00e0 lontano dalla frenesia di tutti i giorni. Fai una passeggiata sulla spiaggia o nel suggestivo porto del villaggio di Kalyves e ammira le barche da pesca e le luci scintillanti delle taverne e dei caff\u00e8 vicini mentre il sole inizia a tramontare sul mare scintillante di Creta.<\/p>\n<h2><strong>Resort per luna di miele a Creta<\/strong><\/h2>\n<p>L\u2019autentico calore cretese si combina brillantemente con uno scenario eccezionale e tutti i piaceri del lusso rendendo il Kalyves Beach Hotel l\u2019hotel romantico per eccellenza a Creta per una memorabile luna di miele. Le coppie di sposi possono rilassarsi nelle spaziose camere e nella Jacuzzi e gustare deliziose cene a lume di candela a cielo aperto in questo romantico hotel di Creta. Quindi, se vuoi vivere le vacanze pi\u00f9 romantiche di sempre con la tua met\u00e0, il Kalyves Beach Hotel \u00e8 la scelta giusta per te.<\/p>\n<h3><strong>Il miglior rifugio romantico a La Canea<\/strong><\/h3>\n<p>Il Kalyves Beach Hotel \u00e8 considerato il miglior rifugio romantico di La Canea poich\u00e9 offre tutto quello che una coppia potrebbe mai desiderare in vacanza. Dall\u2019accattivante scenario agli incantevoli dintorni, le strutture di lusso, i servizi, le offerte di ristorazione e l\u2019ampia gamma di opzioni di intrattenimento e svago disponibili, questo lussuoso hotel sul mare a La Canea \u00e8 un vero paradiso per le coppie di innamorati.<\/p>\n","protected":false},"excerpt":{"rendered":"<p>Romantico hotel a La Canea Gli eterni romantici sono invitati a celebrare l\u2019amore nel pi\u00f9 incantevole degli scenari sul mare <\/p>\n","protected":false},"author":1,"featured_media":100211,"parent":90936,"menu_order":0,"comment_status":"closed","ping_status":"closed","template":"templates\/template--single.php","meta":[],"acf":[],"_links":{"self":[{"href":"https:\/\/old.seacretehotels.com\/it\/wp-json\/wp\/v2\/pages\/91055"}],"collection":[{"href":"https:\/\/old.seacretehotels.com\/it\/wp-json\/wp\/v2\/pages"}],"about":[{"href":"https:\/\/old.seacretehotels.com\/it\/wp-json\/wp\/v2\/types\/page"}],"author":[{"embeddable":true,"href":"https:\/\/old.seacretehotels.com\/it\/wp-json\/wp\/v2\/users\/1"}],"replies":[{"embeddable":true,"href":"https:\/\/old.seacretehotels.com\/it\/wp-json\/wp\/v2\/comments?post=91055"}],"version-history":[{"count":3,"href":"https:\/\/old.seacretehotels.com\/it\/wp-json\/wp\/v2\/pages\/91055\/revisions"}],"predecessor-version":[{"id":92630,"href":"https:\/\/old.seacretehotels.com\/it\/wp-json\/wp\/v2\/pages\/91055\/revisions\/92630"}],"up":[{"embeddable":true,"href":"https:\/\/old.seacretehotels.com\/it\/wp-json\/wp\/v2\/pages\/90936"}],"wp:featuredmedia":[{"embeddable":true,"href":"https:\/\/old.seacretehotels.com\/it\/wp-json\/wp\/v2\/media\/100211"}],"wp:attachment":[{"href":"https:\/\/old.seacretehotels.com\/it\/wp-json\/wp\/v2\/media?parent=91055"}],"curies":[{"name":"wp","href":"https:\/\/api.w.org\/{rel}","templated":true}]}}