
  
{"id":91018,"date":"2016-03-15T16:30:55","date_gmt":"2016-03-15T14:30:55","guid":{"rendered":"https:\/\/old.seacretehotels.com\/kalyvesbeachhotel\/beach-pools\/"},"modified":"2023-06-21T11:22:49","modified_gmt":"2023-06-21T08:22:49","slug":"beach-pools","status":"publish","type":"page","link":"https:\/\/old.seacretehotels.com\/it\/kalyvesbeachhotel\/beach-pools\/","title":{"rendered":"Kalyves Beach &#038; Pools"},"content":{"rendered":"<h1>Spiaggia e piscine del Kalyves<\/h1>\n<h2>Il Kalyves Beach Hotel vanta 3 piscine interne ed esterne e una spiaggia Bandiera blu.<\/h2>\n<p>Che tu preferisca nuotare nelle tranquille acque della piscina o immergerti nell\u2019azzurro del mare, il Kalyves Beach Hotel ti offre la possibilit\u00e0 di fare entrambe le cose poich\u00e9 vanta 3 piscine sia interne che esterne e una spiaggia Bandiera blu dove puoi goderti il sole sorseggiando un cocktail rinfrescante. Attraversa il ponte per raggiungere la spiaggia di Kalyves e nuotare nelle sue acque poco profonde con i tuoi piccoli. L\u2019hotel presenta anche una piscina appositamente progettata per i nostri ospiti pi\u00f9 giovani dove possono nuotare e sguazzare in sicurezza sotto il sole cretese.<\/p>\n<p><strong>Tipo di piscina \u00a0 \u00a0 \u00a0 \u00a0 \u00a0Dimensione \u00a0 \u00a0 \u00a0 Acqua\u00a0 \u00a0 \u00a0 \u00a0 \u00a0Forma \u00a0 \u00a0 \u00a0 Profondit\u00e0<\/strong><br \/>\nA. Piscina interna\u00a0 \u00a0 \u00a0 \u00a0 \u00a0 \u00a0 \u00a0 \u00a0 43 m2\u00a0 \u00a0 \u00a0 \u00a0 \u00a0 \u00a0 \u00a0 \u00a0 Dolce\u00a0 \u00a0 \u00a0 \u00a0 \u00a0 Regolare\u00a0 \u00a0 \u00a0 \u00a0 \u00a0 \u00a0 1,10 m<br \/>\nB. Piscina esterna\u00a0 \u00a0 \u00a0 \u00a0 \u00a0 \u00a0 \u00a0 \u00a0 116 m2\u00a0 \u00a0 \u00a0 \u00a0 \u00a0 \u00a0 \u00a0 \u00a0Dolce\u00a0 \u00a0 \u00a0 \u00a0 \u00a0 Irregolare\u00a0 \u00a0 \u00a0 \u00a0 \u00a0 1,60 m<br \/>\nC. Piscina esterna\u00a0 \u00a0 \u00a0 \u00a0 \u00a0 \u00a0 \u00a0 \u00a0 52 m2\u00a0 \u00a0 \u00a0 \u00a0 \u00a0 \u00a0 \u00a0 \u00a0 Dolce\u00a0 \u00a0 \u00a0 \u00a0 \u00a0 Regolare\u00a0 \u00a0 \u00a0 \u00a0 \u00a0 \u00a0 1,60 m<br \/>\nD. Piscina per bambini\u00a0 \u00a0 \u00a0 \u00a018 m2\u00a0 \u00a0 \u00a0 \u00a0 \u00a0 \u00a0 \u00a0 \u00a0 Dolce\u00a0 \u00a0 \u00a0 \u00a0 \u00a0 Rotonda\u00a0 \u00a0 \u00a0 \u00a0 \u00a0 \u00a0 0,60 m<\/p>\n<p><strong>Nota speciale:<\/strong> vorremmo informarvi che per motivi di sostenibilit\u00e0 per non consumare elettricit\u00e0 inutilmente, la nostra piscina coperta tra i mesi di <strong>giugno, luglio e agosto non sar\u00e0 riscaldata.<\/strong><\/p>\n","protected":false},"excerpt":{"rendered":"<p>Spiaggia e piscine del Kalyves Il Kalyves Beach Hotel vanta 3 piscine interne ed esterne e una spiaggia Bandiera blu. <\/p>\n","protected":false},"author":1,"featured_media":100486,"parent":90936,"menu_order":0,"comment_status":"closed","ping_status":"closed","template":"templates\/template--single.php","meta":[],"acf":[],"_links":{"self":[{"href":"https:\/\/old.seacretehotels.com\/it\/wp-json\/wp\/v2\/pages\/91018"}],"collection":[{"href":"https:\/\/old.seacretehotels.com\/it\/wp-json\/wp\/v2\/pages"}],"about":[{"href":"https:\/\/old.seacretehotels.com\/it\/wp-json\/wp\/v2\/types\/page"}],"author":[{"embeddable":true,"href":"https:\/\/old.seacretehotels.com\/it\/wp-json\/wp\/v2\/users\/1"}],"replies":[{"embeddable":true,"href":"https:\/\/old.seacretehotels.com\/it\/wp-json\/wp\/v2\/comments?post=91018"}],"version-history":[{"count":4,"href":"https:\/\/old.seacretehotels.com\/it\/wp-json\/wp\/v2\/pages\/91018\/revisions"}],"predecessor-version":[{"id":103170,"href":"https:\/\/old.seacretehotels.com\/it\/wp-json\/wp\/v2\/pages\/91018\/revisions\/103170"}],"up":[{"embeddable":true,"href":"https:\/\/old.seacretehotels.com\/it\/wp-json\/wp\/v2\/pages\/90936"}],"wp:featuredmedia":[{"embeddable":true,"href":"https:\/\/old.seacretehotels.com\/it\/wp-json\/wp\/v2\/media\/100486"}],"wp:attachment":[{"href":"https:\/\/old.seacretehotels.com\/it\/wp-json\/wp\/v2\/media?parent=91018"}],"curies":[{"name":"wp","href":"https:\/\/api.w.org\/{rel}","templated":true}]}}