
  
{"id":91011,"date":"2016-03-15T15:37:51","date_gmt":"2016-03-15T13:37:51","guid":{"rendered":"https:\/\/old.seacretehotels.com\/kalyvesbeachhotel\/facilities\/"},"modified":"2022-12-20T17:58:58","modified_gmt":"2022-12-20T15:58:58","slug":"facilities","status":"publish","type":"page","link":"https:\/\/old.seacretehotels.com\/it\/kalyvesbeachhotel\/facilities\/","title":{"rendered":"Kalyves Facilities Overview"},"content":{"rendered":"<h1>Servizi del Kalyves Beach Hotel<\/h1>\n<p>Il Kalyves Beach Hotel offre un\u2019oasi di relax e benessere per adulti e bambini. Gli ospiti possono godersi una nuotata in una delle due piscine esterne, nella piscina interna e nella spiaggia Bandiera blu mentre i bambini sguazzano in sicurezza nella piscina progettata appositamente per loro.<\/p>\n<p>Poich\u00e9 il fitness \u00e8 fondamentale per una vita sana, il Kalyves Beach Hotel offre un\u2019ampia gamma di attivit\u00e0 sportive che aumenteranno la resistenza e l\u2019energia degli ospiti. Tra immersioni subacquee, allenamento per il corpo, zumba, pilates, acquagym e sessioni di stretching, avrai l\u2019imbarazzo della scelta.<\/p>\n<p>Partecipa a diversi programmi di intrattenimento e fitness e metti alla prova le tue abilit\u00e0 al biliardo e a ping pong oppure mantieni il tuo regime di allenamento nella nostra minispa che comprende una piscina interna, una Jacuzzi, una sauna e attrezzature da palestra.<\/p>\n<p>Il divertimento non finisce mai al Kalyves Beach Hotel con un\u2019ampia serie di eventi dal vivo, spettacoli e programmi serate che riempiranno di gioia il cuore dei viaggiatori. Balla al ritmo dei nostri guest DJ, lascianti incantare dalle illusioni dei nostri maghi, scopri come ballare le danze greche e la danza del ventre e fai il karaoke con parenti e amici.<\/p>\n<p>Se viaggi con bambini, ti assicuriamo che si divertiranno pi\u00f9 di quanto tu possa immaginare. Il miniclub e la minidiscoteca offrono un\u2019ampia serie di attivit\u00e0 che comprendono truccabimbi, caccia al tesoro, giochi in piscina e tante altre opzioni che intratterranno i tuoi figli tutto il giorno dandoti il tempo di rilassarti. L\u2019intrattenimento per bambini \u00e8 disponibile due volte alla settimana, ma ci sono tante altre attivit\u00e0 per i pi\u00f9 piccoli in hotel.<\/p>\n<p>Mentre i tuoi figli giocano in tutta sicurezza nel miniclub sotto la supervisione dei nostri professionisti, tu avrai l\u2019opportunit\u00e0 di fare una pausa, goderti una nuotata in piscina, immergerti nella Jacuzzi e nella minispa o allenarti in palestra. Fai una passeggiata sulla spiaggia o assapora una cena romantica sotto le stelle.<\/p>\n<p>Il Kalyves Beach Hotel offre anche un\u2019ampia selezione di escursioni per tutti, nonch\u00e9 programmi di trekking per darti la possibilit\u00e0 di esplorare i pittoreschi villaggi di Creta, la sua natura e i suoi fiumi.<\/p>\n<p>Per chi coniuga lavoro e tempo libero, non c\u2019\u00e8 luogo migliore del Kalyves Beach Hotel dove puoi organizzare qualsiasi tipo di incontro, conferenza o evento in aree designate dotate di attrezzature tecnologiche per assicurarti il regolare svolgimento di ogni attivit\u00e0.<\/p>\n<p>Qualunque sia il motivo della tua visita, una cosa \u00e8 certa: ci assicureremo che la tua vacanza al Kalyves Beach Hotel sia indimenticabile!<\/p>\n<h2>Servizi dell\u2019hotel<\/h2>\n<ul>\n<li>Piscina<\/li>\n<li>Piscina interna riscaldata<\/li>\n<li>Lettini e ombrelloni gratuiti a bordo piscina e sulla spiaggia<\/li>\n<li>Ristorante a buffet<\/li>\n<li>Beach Bar<\/li>\n<li>Palestra, sauna, Jacuzzi, massaggi<\/li>\n<li>Programma di animazione giornaliera (acquagym, minidiscoteca, giochi per bambini, eventi serali)<\/li>\n<li>Strutture per bambini &#8211; Parco giochi<\/li>\n<li>Medico su chiamata<\/li>\n<li>Sala TV<\/li>\n<li>Dotazioni per bambini come passeggini, seggioloni al ristorante, walkie talkie, bagnetto per bambini in camera, culla in camera, sterilizzatori<\/li>\n<li>Giardino<\/li>\n<li>Wi-Fi gratuito<\/li>\n<li>Vicino alla stazione degli autobus<\/li>\n<li>Servizio di check-out veloce<\/li>\n<li>La colazione \u00e8 servita dalle 07:15 alle 10:30<\/li>\n<li>Colazione anticipata su richiesta<\/li>\n<li>Noleggio di laptop e tablet per l\u2019uso da parte degli ospiti<\/li>\n<li>Angolo Internet<\/li>\n<li>Servizio di colazione in camera con supplemento<\/li>\n<li>Libreria con un\u2019ampia selezione di libri e materiale da lettura<\/li>\n<li>Transfer privati da e per gli aeroporto e i porti di Creta<\/li>\n<li>Servizio in camera h24 con supplemento<\/li>\n<li>Servizio di pulizia pomeridiana<\/li>\n<li>Servizio di cambio asciugamani su richiesta<\/li>\n<li>Centro business con supporto di segreteria su richiesta<\/li>\n<li>Culla per bambini su richiesta<\/li>\n<li>Servizio di sveglia su richiesta<\/li>\n<li>Sala giochi con biliardo e giochi con supplemento<\/li>\n<li>Cassaforte centrale alla reception con supplemento<\/li>\n<li>Reception h24<\/li>\n<li>Deposito bagagli<\/li>\n<li>Servizio di trasporto bagagli<\/li>\n<li>Cibo o colazione ai clienti con pacchetti speciali su richiesta<\/li>\n<li>Servizio di lavaggio a secco con supplemento<\/li>\n<\/ul>\n","protected":false},"excerpt":{"rendered":"<p>Servizi del Kalyves Beach Hotel Il Kalyves Beach Hotel offre un\u2019oasi di relax e benessere per adulti e bambini. Gli <\/p>\n","protected":false},"author":1,"featured_media":0,"parent":90936,"menu_order":0,"comment_status":"closed","ping_status":"closed","template":"templates\/template--single.php","meta":[],"acf":[],"_links":{"self":[{"href":"https:\/\/old.seacretehotels.com\/it\/wp-json\/wp\/v2\/pages\/91011"}],"collection":[{"href":"https:\/\/old.seacretehotels.com\/it\/wp-json\/wp\/v2\/pages"}],"about":[{"href":"https:\/\/old.seacretehotels.com\/it\/wp-json\/wp\/v2\/types\/page"}],"author":[{"embeddable":true,"href":"https:\/\/old.seacretehotels.com\/it\/wp-json\/wp\/v2\/users\/1"}],"replies":[{"embeddable":true,"href":"https:\/\/old.seacretehotels.com\/it\/wp-json\/wp\/v2\/comments?post=91011"}],"version-history":[{"count":4,"href":"https:\/\/old.seacretehotels.com\/it\/wp-json\/wp\/v2\/pages\/91011\/revisions"}],"predecessor-version":[{"id":92634,"href":"https:\/\/old.seacretehotels.com\/it\/wp-json\/wp\/v2\/pages\/91011\/revisions\/92634"}],"up":[{"embeddable":true,"href":"https:\/\/old.seacretehotels.com\/it\/wp-json\/wp\/v2\/pages\/90936"}],"wp:attachment":[{"href":"https:\/\/old.seacretehotels.com\/it\/wp-json\/wp\/v2\/media?parent=91011"}],"curies":[{"name":"wp","href":"https:\/\/api.w.org\/{rel}","templated":true}]}}