
  
{"id":90992,"date":"2016-03-15T15:23:14","date_gmt":"2016-03-15T13:23:14","guid":{"rendered":"https:\/\/old.seacretehotels.com\/kalyvesbeachhotel\/dining-bars\/"},"modified":"2023-01-26T15:13:34","modified_gmt":"2023-01-26T13:13:34","slug":"dining-bars","status":"publish","type":"page","link":"https:\/\/old.seacretehotels.com\/it\/kalyvesbeachhotel\/dining-bars\/","title":{"rendered":"Kalyves Dining Overview"},"content":{"rendered":"<h1>Ristoranti e bar del Kalyves Beach<\/h1>\n<h2>Deliziosa gastronomia cretese e internazionale<\/h2>\n<p>Goditi le prelibatezze della gastronomia cretese e internazionale nella veranda all\u2019aperto del nostro ristorante ammirando la meravigliosa vista del fiume e del mare. Lascia che i nostri chef ti preparino piatti deliziosi con ingredienti di produzione locale e ispirazioni dalla cucina internazionale. Che desideri goderti una ricca colazione con spremuta fresca realizzata con arance biologiche, un delizioso pranzo o una cena a lume di candela sotto il cielo stellato, il ristorante a buffet del Kalyves Beach Hotel \u00e8 la scelta giusta per te. Se desideri uno spuntino leggero o goderti il tuo pasto sulla spiaggia, scegli la tua opzione preferita dal nostro menu a la carte insieme a una bevanda rinfrescante dal bar e assapora la giornata ascoltando il suono echeggiante delle onde!<\/p>\n<ul>\n<li>Orario della colazione dalle 08:00 alle 10:30 Buffet all\u2019americana<\/li>\n<li>Orario del pranzo dalle 13:00 alle 15:00 Buffet completo<\/li>\n<li>Orario della cena dalle 19:00 alle 21:30 Buffet completo<\/li>\n<\/ul>\n<h3>All-inclusive<\/h3>\n<p><strong>Al ristorante del Kalyves Beach<\/strong><br \/>\nDurante i pasti, quantit\u00e0 illimitata di bevande locali come: acqua fresca (acqua alla spina disponibile nei luoghi chiave<br \/>\ndel ristorante e del beach bar), bevande analcoliche (dal distributore), birra, vino della casa (rosso e bianco), ouzo, raki, succhi condensati o spremuta fresca realizzata con arance biologiche.<\/p>\n<h2><strong>Al Pool Bar del Kalyves Beach<\/strong><\/h2>\n<p>Sar\u00e0 servita una quantit\u00e0 illimitata di bevande alcoliche e analcoliche locali, oltre a caff\u00e8 americano, tisane e<br \/>\nacqua alla spina<\/p>\n<p><em>ORARI DI APERTURA PER IL BAR ALL INCLUSIVE<\/em><br \/>\nBeach Bar: dalle 11:00 alle 23:00. Dopo le 23:00, tutte le bevande saranno vendute a prezzi speciali per i nostri ospiti.<\/p>\n","protected":false},"excerpt":{"rendered":"<p>Ristoranti e bar del Kalyves Beach Deliziosa gastronomia cretese e internazionale Goditi le prelibatezze della gastronomia cretese e internazionale nella <\/p>\n","protected":false},"author":1,"featured_media":100238,"parent":90936,"menu_order":0,"comment_status":"closed","ping_status":"closed","template":"templates\/template--single.php","meta":[],"acf":[],"_links":{"self":[{"href":"https:\/\/old.seacretehotels.com\/it\/wp-json\/wp\/v2\/pages\/90992"}],"collection":[{"href":"https:\/\/old.seacretehotels.com\/it\/wp-json\/wp\/v2\/pages"}],"about":[{"href":"https:\/\/old.seacretehotels.com\/it\/wp-json\/wp\/v2\/types\/page"}],"author":[{"embeddable":true,"href":"https:\/\/old.seacretehotels.com\/it\/wp-json\/wp\/v2\/users\/1"}],"replies":[{"embeddable":true,"href":"https:\/\/old.seacretehotels.com\/it\/wp-json\/wp\/v2\/comments?post=90992"}],"version-history":[{"count":3,"href":"https:\/\/old.seacretehotels.com\/it\/wp-json\/wp\/v2\/pages\/90992\/revisions"}],"predecessor-version":[{"id":93959,"href":"https:\/\/old.seacretehotels.com\/it\/wp-json\/wp\/v2\/pages\/90992\/revisions\/93959"}],"up":[{"embeddable":true,"href":"https:\/\/old.seacretehotels.com\/it\/wp-json\/wp\/v2\/pages\/90936"}],"wp:featuredmedia":[{"embeddable":true,"href":"https:\/\/old.seacretehotels.com\/it\/wp-json\/wp\/v2\/media\/100238"}],"wp:attachment":[{"href":"https:\/\/old.seacretehotels.com\/it\/wp-json\/wp\/v2\/media?parent=90992"}],"curies":[{"name":"wp","href":"https:\/\/api.w.org\/{rel}","templated":true}]}}