
  
{"id":90991,"date":"2016-03-15T18:25:29","date_gmt":"2016-03-15T16:25:29","guid":{"rendered":"https:\/\/old.seacretehotels.com\/kalyvesbeachhotel\/traditional-holidays\/"},"modified":"2022-12-15T18:06:13","modified_gmt":"2022-12-15T16:06:13","slug":"traditional-holidays","status":"publish","type":"page","link":"https:\/\/old.seacretehotels.com\/it\/kalyvesbeachhotel\/traditional-holidays\/","title":{"rendered":"Kalyves Village Life"},"content":{"rendered":"<h1>La vita locale a Kalyves Village a La Canea<\/h1>\n<p>Sperimenta il calore e l\u2019autentica e rinomata ospitalit\u00e0 cretese nel pittoresco villaggio di Kalyves a La Canea. Vivi la vita come uno del posto in questo villaggio tradizionale di Creta e scopri le sue bellezze che si svelano al tuo passaggio. Esplora il villaggio di Kalyves a piedi perdendoti tra strade e vicoli, goditi il caff\u00e8 in modo tradizionale in uno dei caff\u00e8 del posto, il \u201ckafeneion\u201d nella piazza centrale del villaggio e acquista prodotti locali autentici e manufatti nei negozi specializzati, nelle macellerie, nei panifici, al mercato, presso il tradizionale produttore di botti che vende vino e nei negozi di ceramica e gioielli. Socializza con la gente del posto nella piazza centrale mentre ti godi un pasto o una bevanda vicino alla chiesa di Agia Parakevi e ne ammiri la bellezza autentica.<\/p>\n<h2><strong>Il villaggio tradizionale di Kalyves a Creta<\/strong><\/h2>\n<p>Mantenendo il suo carattere originale e lo stile di vita locale, il villaggio di Kalyves \u00e8 la scelta ideale per una tranquilla fuga sull\u2019isola di Creta. Passeggia nella piazza principale del villaggio e attraversa il ponte sul fiume Xydas, ammira la flora e la fauna sulle rive del fiume e le anatre di passaggio. Il villaggio di Kalyves rappresenta il punto di partenza ideale per visitare due incredibili spiagge della zona, i villaggi vicini come Almyrida, Kalami, Armeni, Aptera con il suo sito archeologico e Nio Horio, nonch\u00e9 per escursioni turistiche nella regione di Apokoronas a La Canea. Splendidamente incastonato nel cuore del villaggio di Kalyves, il Kalyves Beach Hotel a La Canea rappresenta la scelta migliore per le tue vacanze in famiglia o romantiche a Creta, nonch\u00e9 la base perfetta per esplorare la regione di Apokoronas.<\/p>\n<h3><strong>Vacanze memorabili a Kalyves<\/strong><\/h3>\n<p>Il caratteristico villaggio di Kalyves a La Canea \u00e8 la scelta preferita di molte persone poich\u00e9 offre un tranquillo rifugio per famiglie e coppie. Tranquillo e pittoresco, il villaggio offre tutto ci\u00f2 che un viaggiatore potrebbe desiderare da un\u2019autentica vacanza a Kalyves, incluse due straordinarie spiagge Bandiera blu con acque poco profonde e diversi spunti per escursioni sia per gli appassionati della fauna selvatica che per i birdwatcher data l\u2019ampia presenza di uccelli migratori e specie endemiche degni di nota. Passeggia sulla spiaggia e le lussureggianti aree circostanti, visita la Gola Diktamo e segui i sentieri di campagna attraverso profumati uliveti, pascoli e minuscoli borghi, siediti sulla riva del fiume Xidas o Koiliaris e ammira il suggestivo sfondo delle celebre Montagne Bianche della Grecia. Goditi le tue vacanze a Kalyves e le migliori <a href=\"https:\/\/old.seacretehotels.com\/it\/chania-sightseeing\/\">attrazioni di La Canea<\/a> soggiornando presso uno dei migliori resort balneari di Creta.<\/p>\n","protected":false},"excerpt":{"rendered":"<p>La vita locale a Kalyves Village a La Canea Sperimenta il calore e l\u2019autentica e rinomata ospitalit\u00e0 cretese nel pittoresco <\/p>\n","protected":false},"author":1,"featured_media":100589,"parent":90936,"menu_order":0,"comment_status":"closed","ping_status":"closed","template":"templates\/template--single.php","meta":[],"acf":[],"_links":{"self":[{"href":"https:\/\/old.seacretehotels.com\/it\/wp-json\/wp\/v2\/pages\/90991"}],"collection":[{"href":"https:\/\/old.seacretehotels.com\/it\/wp-json\/wp\/v2\/pages"}],"about":[{"href":"https:\/\/old.seacretehotels.com\/it\/wp-json\/wp\/v2\/types\/page"}],"author":[{"embeddable":true,"href":"https:\/\/old.seacretehotels.com\/it\/wp-json\/wp\/v2\/users\/1"}],"replies":[{"embeddable":true,"href":"https:\/\/old.seacretehotels.com\/it\/wp-json\/wp\/v2\/comments?post=90991"}],"version-history":[{"count":5,"href":"https:\/\/old.seacretehotels.com\/it\/wp-json\/wp\/v2\/pages\/90991\/revisions"}],"predecessor-version":[{"id":92021,"href":"https:\/\/old.seacretehotels.com\/it\/wp-json\/wp\/v2\/pages\/90991\/revisions\/92021"}],"up":[{"embeddable":true,"href":"https:\/\/old.seacretehotels.com\/it\/wp-json\/wp\/v2\/pages\/90936"}],"wp:featuredmedia":[{"embeddable":true,"href":"https:\/\/old.seacretehotels.com\/it\/wp-json\/wp\/v2\/media\/100589"}],"wp:attachment":[{"href":"https:\/\/old.seacretehotels.com\/it\/wp-json\/wp\/v2\/media?parent=90991"}],"curies":[{"name":"wp","href":"https:\/\/api.w.org\/{rel}","templated":true}]}}