
  
{"id":90968,"date":"2016-03-15T17:04:23","date_gmt":"2016-03-15T15:04:23","guid":{"rendered":"https:\/\/old.seacretehotels.com\/kalyvesbeachhotel\/allinclusive-hotel\/"},"modified":"2022-12-15T17:49:39","modified_gmt":"2022-12-15T15:49:39","slug":"allinclusive-hotel","status":"publish","type":"page","link":"https:\/\/old.seacretehotels.com\/it\/kalyvesbeachhotel\/allinclusive-hotel\/","title":{"rendered":"Kalyves All-Inclusive Overview"},"content":{"rendered":"<h1>Kalyves Beach All Inclusive La Canea<\/h1>\n<p><strong>Tariffa BB + 10 \u20ac per adulto\/giorno<\/strong><\/p>\n<p>Il Kalyves Beach Hotel offre un piano vacanze all inclusive per migliorare ulteriormente la tua esperienza. Gli ospiti che soggiornano in hotel possono godersi deliziosi pasti presso il ristorante a buffet della struttura accompagnati da spremuta fresca realizzata con arance biologiche, spuntini leggeri e bibite per tutta la giornata, nonch\u00e9 drink e bevande illimitate omaggio. Il parco giochi per bambini, i lettini e gli ombrelloni, nonch\u00e9 le serate a tema organizzate tutta l\u2019estate sono ugualmente inclusi nel piano. Gli ospiti privilegiati hanno anche l\u2019opportunit\u00e0 di acquistare il piano VIP all inclusive e godersi gratuitamente alcuni servizi extra, integratori alimentari e attivit\u00e0 sportive.<\/p>\n<p><strong><em>\u00a0<\/em><\/strong><\/p>\n<p><strong><em>Pasti <\/em><\/strong><strong>Ristorante a buffet<br \/>\n<\/strong>Tutti i pasti sono serviti in un ricco buffet, con una variet\u00e0 di cibi freschi preparati ogni giorno dai nostri talentuosi chef utilizzando prodotti locali. Giorno e notte, gli ospiti possono ammirare la magnifica vista sul Mare di Creta abbinata alle deliziose specialit\u00e0 preparate dal nostro Chef.<\/p>\n<ul>\n<li>Orario della colazione dalle 08:00 alle 10:30 Buffet all\u2019americana<\/li>\n<li>Orario del pranzo dalle 13:00 alle 15:00 Buffet completo<\/li>\n<li>Orario della cena dalle 19:00 alle 21:30 Buffet completo<\/li>\n<\/ul>\n<p>Regole sull\u2019abbigliamento: durante i pasti, gli ospiti sono tenuti a vestirsi in maniera adeguata nel ristorante principale<\/p>\n<p><strong><em>\u00a0<\/em><\/strong><\/p>\n<p><strong><em>Pasti leggeri, spuntini e caff\u00e8<br \/>\n<\/em><\/strong>Variet\u00e0 di snack caldi e freddi, panini, pasticcini, insieme a frutta e insalate di produzione locale, saranno disponibili nei seguenti orari: met\u00e0 mattinata (dalle 11:00 alle 12:00) pomeriggio (dalle 16:00 alle 17:00) I gelati sono disponibili a pranzo e a cena (a buffet) e tra le 11:00-12:00 e le 16:00-17:00 (al Beach Bar). Panino per le escursioni: disponibile su richiesta alla reception. Gli ospiti devono effettuare la prenotazione con un giorno di anticipo entro le ore 19:00.<\/p>\n<p><strong><em>\u00a0<\/em><\/strong><\/p>\n<p><strong><em>Drink e bevande<\/em><\/strong><strong> al ristorante del Kalyves Beach Hotel<\/strong><br \/>\nDurante i pasti, quantit\u00e0 illimitata di bevande locali come vino cretese alla spina (rosso, bianco, rosato). Birra alla spina cretese, bevande gassate dal distributore di bibite e acqua alla spina, caff\u00e8 \/ t\u00e8 con filtro.<\/p>\n<p><strong>\u00a0<\/strong><\/p>\n<h2><strong>Al Pool Bar del Kalyves Beach Hotel<\/strong><\/h2>\n<p>Sar\u00e0 servita una quantit\u00e0 illimitata di bevande alcoliche e analcoliche locali non di marca, pi\u00f9 caff\u00e8 con filtro, tisane e acqua alla spina. Liquori locali non marcati (Ouzo, Raki, Gin, Tequila, Rum, Vodka, Brandy, Whiskey), bevande gassate dal distributore di bibite e acqua alla spina, caff\u00e8 \/ t\u00e8 con filtro<\/p>\n<p>ORARI DI APERTURA PER IL BAR ALL INCLUSIVE: Beach Bar: dalle 11:00 alle 23:00.<\/p>\n<p><strong><em>\u00a0<\/em><\/strong><\/p>\n<p><strong><em>Servizi in camera:<\/em><\/strong><\/p>\n<ul>\n<li>Servizio di pulizia<\/li>\n<li>Una bottiglia d\u2019acqua all\u2019arrivo<\/li>\n<\/ul>\n<p><strong><em>\u00a0<\/em><\/strong><\/p>\n<p><strong><em>Per i nostri giovani ospiti<\/em><\/strong><\/p>\n<ul>\n<li>Parco giochi per bambini<\/li>\n<li>Seggioloni al ristorante<\/li>\n<\/ul>\n<p><strong><em>\u00a0<\/em><\/strong><\/p>\n<p><strong><em>Tempo libero e relax<\/em><\/strong><\/p>\n<ul>\n<li>Gli ombrelloni e i lettini in piscina e in spiaggia sono a disposizione dei nostri ospiti (gratuitamente)<\/li>\n<li>Internet Wi-Fi gratuito in tutte le camere, sulla spiaggia e nelle aree pubbliche dell&#8217;hotel<\/li>\n<li>Spettacoli serali quotidiani<\/li>\n<\/ul>\n<p><strong><em>\u00a0<\/em><\/strong><\/p>\n<p><strong><em>Sport e fitness<\/em><\/strong><\/p>\n<ul>\n<li>Palestra\/programmi di fitness organizzati (yoga, Zumba, acquagym, ecc.)<\/li>\n<li>Uso gratuito della piscina interna riscaldata<\/li>\n<\/ul>\n<p><strong>\u00a0<\/strong><\/p>\n<h3><strong>Servizi a pagamento (prenotazioni alla reception)<\/strong><\/h3>\n<ul>\n<li>Massaggio<\/li>\n<li>Uso diurno<\/li>\n<li>Sauna<\/li>\n<li>Medico su chiamata<\/li>\n<li>Jacuzzi<\/li>\n<li>Servizio taxi<\/li>\n<li>Biliardo e giochi elettronici<\/li>\n<li>Pacchetto beb\u00e8 (culla-trolley, seggiolino)<\/li>\n<li>Teli mare<\/li>\n<li>Noleggio portatile<\/li>\n<li>Cassetta di sicurezza in camera<\/li>\n<\/ul>\n","protected":false},"excerpt":{"rendered":"<p>Kalyves Beach All Inclusive La Canea Tariffa BB + 10 \u20ac per adulto\/giorno Il Kalyves Beach Hotel offre un piano <\/p>\n","protected":false},"author":1,"featured_media":100250,"parent":90936,"menu_order":0,"comment_status":"closed","ping_status":"closed","template":"templates\/template--single.php","meta":[],"acf":[],"_links":{"self":[{"href":"https:\/\/old.seacretehotels.com\/it\/wp-json\/wp\/v2\/pages\/90968"}],"collection":[{"href":"https:\/\/old.seacretehotels.com\/it\/wp-json\/wp\/v2\/pages"}],"about":[{"href":"https:\/\/old.seacretehotels.com\/it\/wp-json\/wp\/v2\/types\/page"}],"author":[{"embeddable":true,"href":"https:\/\/old.seacretehotels.com\/it\/wp-json\/wp\/v2\/users\/1"}],"replies":[{"embeddable":true,"href":"https:\/\/old.seacretehotels.com\/it\/wp-json\/wp\/v2\/comments?post=90968"}],"version-history":[{"count":3,"href":"https:\/\/old.seacretehotels.com\/it\/wp-json\/wp\/v2\/pages\/90968\/revisions"}],"predecessor-version":[{"id":90980,"href":"https:\/\/old.seacretehotels.com\/it\/wp-json\/wp\/v2\/pages\/90968\/revisions\/90980"}],"up":[{"embeddable":true,"href":"https:\/\/old.seacretehotels.com\/it\/wp-json\/wp\/v2\/pages\/90936"}],"wp:featuredmedia":[{"embeddable":true,"href":"https:\/\/old.seacretehotels.com\/it\/wp-json\/wp\/v2\/media\/100250"}],"wp:attachment":[{"href":"https:\/\/old.seacretehotels.com\/it\/wp-json\/wp\/v2\/media?parent=90968"}],"curies":[{"name":"wp","href":"https:\/\/api.w.org\/{rel}","templated":true}]}}