
  
{"id":90957,"date":"2016-09-07T11:44:55","date_gmt":"2016-09-07T08:44:55","guid":{"rendered":"https:\/\/old.seacretehotels.com\/kalyvesbeachhotel\/sustainability\/"},"modified":"2023-09-12T12:33:31","modified_gmt":"2023-09-12T09:33:31","slug":"sustainability","status":"publish","type":"page","link":"https:\/\/old.seacretehotels.com\/it\/kalyvesbeachhotel\/sustainability\/","title":{"rendered":"Kalyves &#8211; Sostenibilit\u00e0"},"content":{"rendered":"<h1>Kalyves Beach Sostenibilit\u00e0<\/h1>\n<h2>Una delle cose che rendono il Kalyves Beach Hotel cos\u00ec unico \u00e8 l\u2019ambiente circostante.<\/h2>\n<p>Che si tratti del mare cristallino, della sabbia dorata, delle verdi colline o del luminoso sole di Creta, non si pu\u00f2 non rimanere incantati dalla splendida natura dell\u2019ambientazione del resort. Quale tesoro pi\u00f9 grande pu\u00f2 esserci se non l\u2019ambiente stesso.<\/p>\n<p>Un hotel ecosostenibile, il Kalyves Beach Hotel si fonde con i dintorni naturali e rispetta l\u2019ambiente non solo con la sua architettura, ma anche con la sua forte filosofia di coscienza ecologica e le azioni quotidiane. Per questo motivo, siamo stati insigniti dei premi HACCP &amp; TRAVELIFE. Di seguito troverai una selezione delle nostre pratiche consapevoli:<\/p>\n<p><a href=\"https:\/\/old.seacretehotels.com\/wp-content\/uploads\/2021\/04\/SeaCrete-Children-Policy_March2021_EN.pdf\" target=\"_blank\" rel=\"nofollow noopener noreferrer\">Politica di protezione dei bambini<\/a><\/p>\n<p><a href=\"https:\/\/old.seacretehotels.com\/wp-content\/uploads\/2021\/04\/SeaCrete-Local-Community-Policy_March2021_EN.pdf\" target=\"_blank\" rel=\"nofollow noopener noreferrer\">Politiche per i dipendenti e la comunit\u00e0 locale<\/a><\/p>\n<p><a href=\"https:\/\/old.seacretehotels.com\/wp-content\/uploads\/2021\/04\/SeaCrete-Environmental-Policy-March2021_EN.pdf\" target=\"_blank\" rel=\"noopener noreferrer\">Politica ambientale<\/a><\/p>\n<p><a href=\"https:\/\/old.seacretehotels.com\/wp-content\/uploads\/2021\/04\/SeaCrete-HealthSafety-Policy_March2021_EN.pdf\" target=\"_blank\" rel=\"nofollow noopener noreferrer\">Politica di salute e sicurezza<\/a><\/p>\n<p><a href=\"https:\/\/old.seacretehotels.com\/wp-content\/uploads\/2021\/04\/SeaCrete-Human-Rights-and-employees_March2021_EN.pdf\" target=\"_blank\" rel=\"noopener noreferrer\">Politica sui diritti umani e sui dipendenti<\/a><\/p>\n<p><a href=\"https:\/\/old.seacretehotels.com\/wp-content\/uploads\/2021\/04\/SeaCrete-Quality-policy_March2021_EN.pdf\" target=\"_blank\" rel=\"noopener noreferrer\">Politica di garanzia della qualit\u00e0<\/a><\/p>\n<p><a href=\"https:\/\/old.seacretehotels.com\/wp-content\/uploads\/2023\/09\/2023_KALYVES-SUSTAIN-REPORT-2021-2022_final.pdf\" target=\"_blank\" rel=\"nofollow noopener noreferrer\">Rapporto di sostenibilit\u00e0<\/a><\/p>\n<p><a href=\"https:\/\/old.seacretehotels.com\/wp-content\/uploads\/2022\/12\/\u0395\u039d\u0397\u039c\u0395\u03a1\u03a9\u03a3\u0397-\u0392-\u0395\u03a0\u0399\u03a0\u0395\u0394\u039f\u03a5-\u039a\u0391\u039c\u0395\u03a1\u0395\u03a3.pdf\" target=\"_blank\" rel=\"noopener\">Informazioni sulla fotocamera<\/a><\/p>\n<p><strong><a href=\"https:\/\/old.seacretehotels.com\/wp-content\/uploads\/2021\/10\/SeaCreteHotels_Sustainability.pdf\" target=\"_blank\" rel=\"noopener noreferrer\">Scarica qui la nostra presentazione completa sulla sostenibilit\u00e0 degli hotel SeaCrete<\/a><\/strong><\/p>\n","protected":false},"excerpt":{"rendered":"<p>Kalyves Beach Sostenibilit\u00e0 Una delle cose che rendono il Kalyves Beach Hotel cos\u00ec unico \u00e8 l\u2019ambiente circostante. Che si tratti <\/p>\n","protected":false},"author":1,"featured_media":0,"parent":90936,"menu_order":0,"comment_status":"closed","ping_status":"closed","template":"templates\/template--hotel.php","meta":[],"acf":[],"_links":{"self":[{"href":"https:\/\/old.seacretehotels.com\/it\/wp-json\/wp\/v2\/pages\/90957"}],"collection":[{"href":"https:\/\/old.seacretehotels.com\/it\/wp-json\/wp\/v2\/pages"}],"about":[{"href":"https:\/\/old.seacretehotels.com\/it\/wp-json\/wp\/v2\/types\/page"}],"author":[{"embeddable":true,"href":"https:\/\/old.seacretehotels.com\/it\/wp-json\/wp\/v2\/users\/1"}],"replies":[{"embeddable":true,"href":"https:\/\/old.seacretehotels.com\/it\/wp-json\/wp\/v2\/comments?post=90957"}],"version-history":[{"count":8,"href":"https:\/\/old.seacretehotels.com\/it\/wp-json\/wp\/v2\/pages\/90957\/revisions"}],"predecessor-version":[{"id":107008,"href":"https:\/\/old.seacretehotels.com\/it\/wp-json\/wp\/v2\/pages\/90957\/revisions\/107008"}],"up":[{"embeddable":true,"href":"https:\/\/old.seacretehotels.com\/it\/wp-json\/wp\/v2\/pages\/90936"}],"wp:attachment":[{"href":"https:\/\/old.seacretehotels.com\/it\/wp-json\/wp\/v2\/media?parent=90957"}],"curies":[{"name":"wp","href":"https:\/\/api.w.org\/{rel}","templated":true}]}}