
  
{"id":90879,"date":"2016-03-16T12:18:50","date_gmt":"2016-03-16T10:18:50","guid":{"rendered":"https:\/\/old.seacretehotels.com\/chania-sightseeing\/"},"modified":"2022-12-15T18:18:05","modified_gmt":"2022-12-15T16:18:05","slug":"chania-sightseeing","status":"publish","type":"page","link":"https:\/\/old.seacretehotels.com\/it\/chania-sightseeing\/","title":{"rendered":"Scopri La Canea"},"content":{"rendered":"<h1 style=\"text-align: center;\">Chania Sightseeing<\/h1>\n<p style=\"text-align: center;\">SeaCrete Hotels offer the ideal base to explore Crete and in particular the best sightseeing in <a href=\"https:\/\/www.youtube.com\/watch?v=sKumaIgs8fs\" target=\"_blank\" rel=\"nofollow noopener noreferrer\">Chania<\/a>.<br \/>\nThe charming city of Chania, built over the ruins of the ancient city of Kydonia has a population of 60.000 residents and is considered as one of the most beautiful cities of Greece &#8211; and one of the most picturesque cities on the island of Crete for a memorable family vacation and delightful holidays.<br \/>\nSince the ancient times, the city has faced conquerors and the influences of many civilizations through time, all of which are evident in its rich culture and architecture as well as in the various spots of Chania sightseeing. Today, Chania has very successfully managed to preserve its original colour and historical character, despite the fast-growing tourist industry over the years. SeaCrete hotels allow you to enjoy the most relaxing <a href=\"https:\/\/old.seacretehotels.com\/kianibeachresort\/allinclusive-hotel\/\">all-inclusive holidays in Chania<\/a> and explore the most enchanting part of Crete.<\/p>\n<h2 style=\"text-align: center;\">Chania Holidays-See and do<\/h2>\n<p style=\"text-align: center;\">Chania has an airport and the port of Souda, the largest natural port of the Mediterranean. The Municipal Market is one of the most central spots in the city, as is the Municipal Garden. Here a plethora of cultural events are organized every year such as exhibitions, festivals, theatrical, musical performances and many more.<\/p>\n<p style=\"text-align: center;\">The noble Old Venetian port provides a pleasant walk through picturesque streets and alleys dotted with stalls, coffee shops and restaurants. Narrow passages surrounded by elegant neoclassic buildings built in different historical periods offer visitors pleasant routes to discover during their holidays in Chania.<br \/>\nWith its endless sandy beaches, wild gorges, caves, endemic plants and animals, vast olive and orange groves and the combination of wilderness and sea, Chania excites even the most discerning travellers.<\/p>\n<p style=\"text-align: center;\">The mountainous inner region, hosts villages that time has forgotten, scattered churches and monasteries, towers and castles. The whole area is an archaeological site and a paradise for wandering, climbing and sports. Excavations, both in the town of Chania and in the countryside, have un-earthed the existence of settlements from the prehistoric era to the present. SeaCrete hotels offer the perfect base for all-inclusive holidays in Crete as their privileged location allows for thrilling island excursions and exciting adventures throughout the region. Plan the most exceptional all-inclusive <a href=\"https:\/\/old.seacretehotels.com\/kalyvesbeachhotel\/traditional-holidays\/\">holidays in Kalyves<\/a> village and discover the beauties of Chania.<\/p>\n<h1 style=\"text-align: center;\">Visite turistiche a La Canea<\/h1>\n<p style=\"text-align: center;\">I SeaCrete Hotels rappresentano il punto di partenza ideale per esplorare Creta e, in particolare, i migliori luoghi turistici di <a href=\"https:\/\/www.youtube.com\/watch?v=sKumaIgs8fs\">La Canea<\/a>.<br \/>\nL\u2019incantevole citt\u00e0 di La Canea, costruita sulle rovine dell\u2019antica citt\u00e0 di Cidonia, ha una popolazione di 60.000 residenti ed \u00e8 considerata una delle pi\u00f9 belle citt\u00e0 della Grecia e una delle pi\u00f9 pittoresche dell\u2019isola di Creta per una memorabile vacanza in famiglia.<br \/>\nFin dall\u2019antichit\u00e0, la citt\u00e0 ha affrontato conquistatori e le influenze di molte civilt\u00e0, tutte evidenti nella sua ricca cultura e architettura, nonch\u00e9 in diversi luoghi turistici di La Canea. Oggi, La Canea \u00e8 riuscita a preservare la sua essenza originale e il suo carattere storico, nonostante l\u2019incremento del settore turistico negli anni. I SeaCrete Hotels ti consentono di goderti le pi\u00f9 rilassanti <a href=\"https:\/\/old.seacretehotels.com\/kianibeachresort\/allinclusive-hotel\/\">vacanze all inclusive a La Canea<\/a> e di esplorare la zona pi\u00f9 incantevole di Creta.<\/p>\n<h2 style=\"text-align: center;\"><strong>Vacanze a La Canea &#8211; Cosa vedere e fare<\/strong><\/h2>\n<p style=\"text-align: center;\">La Canea ha un aeroporto e il porto di Suda, il porto naturale pi\u00f9 grande del Mediterraneo. Il mercato comunale \u00e8 uno dei luoghi pi\u00f9 centrali della citt\u00e0, insieme al giardino comunale. Qui si organizzano ogni anno numerosi eventi culturali, come mostre, festival, spettacoli teatrali e musicali e tanto altro.<\/p>\n<p style=\"text-align: center;\">L\u2019Antico porto veneziano \u00e8 il luogo ideale per una piacevole passeggiata tra le strade i vicoli pittoreschi costellati di chioschi, caff\u00e8 e ristoranti. Stretti passaggi circondati da eleganti edifici neoclassici costruiti in diversi periodi storici offrono ai visitatori piacevoli itinerari da percorrere durante le loro vacanze a La Canea.<br \/>\nCon le sue infinite spiagge bianche, le gole selvagge, le grotte, le piante e gli animali endemici, gli ampi oliveti e aranceti e la combinazione di natura selvaggia e mare, La Canea entusiasma anche i viaggiatori pi\u00f9 esigenti.<\/p>\n<p style=\"text-align: center;\">La montuosa regione interna ospita villaggi dimenticati dal tempo, chiese e monasteri sparsi qua e l\u00e0, torri e castelli. L\u2019intera area \u00e8 un sito archeologico e un paradiso per l\u2019escursionismo, l\u2019arrampicata e le attivit\u00e0 sportive. Gli scavi, sia in citt\u00e0 che nella campagna, hanno rinvenuto insediamenti dall\u2019era preistorica al presente. I SeaCrete Hotel offrono il punto di partenza perfetto per una vacanza all inclusive a Creta, poich\u00e9 la loro posizione privilegiata consente entusiasmanti escursioni dell\u2019isola ed elettrizzanti avventure nella regione. Pianifica la pi\u00f9 incredibile\u00a0<a href=\"https:\/\/old.seacretehotels.com\/kalyvesbeachhotel\/traditional-holidays\/\">vacanza all inclusive a Kalyves<\/a>\u00a0e scopri le bellezze di La Canea.<\/p>\n","protected":false},"excerpt":{"rendered":"<p>Chania Sightseeing SeaCrete Hotels offer the ideal base to explore Crete and in particular the best sightseeing in Chania. The <\/p>\n","protected":false},"author":1,"featured_media":84804,"parent":0,"menu_order":0,"comment_status":"closed","ping_status":"closed","template":"templates\/template--experience.php","meta":[],"acf":[],"_links":{"self":[{"href":"https:\/\/old.seacretehotels.com\/it\/wp-json\/wp\/v2\/pages\/90879"}],"collection":[{"href":"https:\/\/old.seacretehotels.com\/it\/wp-json\/wp\/v2\/pages"}],"about":[{"href":"https:\/\/old.seacretehotels.com\/it\/wp-json\/wp\/v2\/types\/page"}],"author":[{"embeddable":true,"href":"https:\/\/old.seacretehotels.com\/it\/wp-json\/wp\/v2\/users\/1"}],"replies":[{"embeddable":true,"href":"https:\/\/old.seacretehotels.com\/it\/wp-json\/wp\/v2\/comments?post=90879"}],"version-history":[{"count":3,"href":"https:\/\/old.seacretehotels.com\/it\/wp-json\/wp\/v2\/pages\/90879\/revisions"}],"predecessor-version":[{"id":92144,"href":"https:\/\/old.seacretehotels.com\/it\/wp-json\/wp\/v2\/pages\/90879\/revisions\/92144"}],"wp:featuredmedia":[{"embeddable":true,"href":"https:\/\/old.seacretehotels.com\/it\/wp-json\/wp\/v2\/media\/84804"}],"wp:attachment":[{"href":"https:\/\/old.seacretehotels.com\/it\/wp-json\/wp\/v2\/media?parent=90879"}],"curies":[{"name":"wp","href":"https:\/\/api.w.org\/{rel}","templated":true}]}}