
  
{"id":90875,"date":"2016-03-16T12:16:58","date_gmt":"2016-03-16T10:16:58","guid":{"rendered":"https:\/\/old.seacretehotels.com\/cretan-nature\/"},"modified":"2022-12-15T18:16:26","modified_gmt":"2022-12-15T16:16:26","slug":"cretan-nature","status":"publish","type":"page","link":"https:\/\/old.seacretehotels.com\/it\/cretan-nature\/","title":{"rendered":"Natura Cretese"},"content":{"rendered":"<h1 style=\"text-align: center;\">Natura Cretese<\/h1>\n<h2><strong>Flora e fauna selvatiche<\/strong><\/h2>\n<p>Per avere un\u2019idea della biodiversit\u00e0 di Creta, pensa solo che l\u2019isola conta quasi lo stesso numero di specie e sottospecie di piante (circa 1.750) dell\u2019intera Gran Bretagna (1.450), anche se \u00e8 35 volte pi\u00f9 piccola. Questa diversit\u00e0 non si riflette solo nel numero totale di specie, ma anche nella quantit\u00e0 di specie endemiche, che crescono solo a Creta e in nessun altro luogo al mondo.<br \/>\nA Creta, esistono circa 160 specie e sottospecie endemiche, quindi il 9% delle specie vegetali di Creta non esiste in nessun altro luogo al mondo. Incredibilmente, la flora cretese si \u00e8 adattata per resistere agli interventi umani e in particolare agli animali che pascolano libri, una tradizionale pratica di Creta da migliaia di anni. Le piante sono diventate pi\u00f9 resistenti, con spine o un sapore cattivo e amaro. Le piante pi\u00f9 caratteristiche dell\u2019isola sono le erbe aromatiche che vi fioriscono. A causa degli oli essenziali che contengono, vengono utilizzate come ingredienti in cucina, per la preparazione di t\u00e8 e come medicine. Esse includono timo selvatico, salvia, origano, t\u00e8 di montagna e maggiorana selvatica.<\/p>\n<h3><strong>Paesaggi naturali<\/strong><\/h3>\n<p>La Canea \u00e8 divisa dai monti Lefka Ori in due paesaggi naturali completamente differenti. La zona costiera, con spiagge lunghe 415 km, \u00e8 pi\u00f9 ricca e densamente popolata. L\u2019altro \u00e8 un territorio interno scarsamente popolato e considerato una delle parti pi\u00f9 autentiche di Creta.<\/p>\n<p style=\"text-align: center;\"><strong>Esplora la natura<\/strong><br \/>\nGiorno dopo giorno, sempre pi\u00f9 girovaghi esplora le zone interne a piedi, in jeep, a cavallo o in bicicletta. In luoghi come Vamos, Milia, Keramia, Kasteli, Askifou e Spilia, si pu\u00f2 apprezzare la \u201cvita semplice e naturale\u201d di Creta, con un bicchiere di vino o tsikoudia e deliziose scelte di alimenti biologici naturali. A La Canea ci sono circa 60 gole, tra cui una delle pi\u00f9 famose \u00e8 la gola di Samaria, dichiarata riserva naturale nel 1962. Si tratta della gola pi\u00f9 grande d\u2019Europa, con i suoi 16 km di lunghezza. La gola contiene specie rare di flora e fauna, come la capra selvatica cretese (o kri-kri, come la chiamano le persone del posto) e rare specie di aquile e uccelli selvatici, tutti protetti dai trattati internazionali.<\/p>\n","protected":false},"excerpt":{"rendered":"<p>Natura Cretese Flora e fauna selvatiche Per avere un\u2019idea della biodiversit\u00e0 di Creta, pensa solo che l\u2019isola conta quasi lo <\/p>\n","protected":false},"author":1,"featured_media":0,"parent":0,"menu_order":0,"comment_status":"closed","ping_status":"closed","template":"templates\/template--experience.php","meta":[],"acf":[],"_links":{"self":[{"href":"https:\/\/old.seacretehotels.com\/it\/wp-json\/wp\/v2\/pages\/90875"}],"collection":[{"href":"https:\/\/old.seacretehotels.com\/it\/wp-json\/wp\/v2\/pages"}],"about":[{"href":"https:\/\/old.seacretehotels.com\/it\/wp-json\/wp\/v2\/types\/page"}],"author":[{"embeddable":true,"href":"https:\/\/old.seacretehotels.com\/it\/wp-json\/wp\/v2\/users\/1"}],"replies":[{"embeddable":true,"href":"https:\/\/old.seacretehotels.com\/it\/wp-json\/wp\/v2\/comments?post=90875"}],"version-history":[{"count":2,"href":"https:\/\/old.seacretehotels.com\/it\/wp-json\/wp\/v2\/pages\/90875\/revisions"}],"predecessor-version":[{"id":90877,"href":"https:\/\/old.seacretehotels.com\/it\/wp-json\/wp\/v2\/pages\/90875\/revisions\/90877"}],"wp:attachment":[{"href":"https:\/\/old.seacretehotels.com\/it\/wp-json\/wp\/v2\/media?parent=90875"}],"curies":[{"name":"wp","href":"https:\/\/api.w.org\/{rel}","templated":true}]}}