
  
{"id":61348,"date":"2022-02-21T10:29:28","date_gmt":"2022-02-21T08:29:28","guid":{"rendered":"https:\/\/old.seacretehotels.com\/?page_id=61348"},"modified":"2023-06-06T09:47:50","modified_gmt":"2023-06-06T06:47:50","slug":"rooftop-restaurant","status":"publish","type":"page","link":"https:\/\/old.seacretehotels.com\/fr\/kianibeachresort\/rooftop-restaurant\/","title":{"rendered":"Kiani Beach Resort Roof Top Restaurant"},"content":{"rendered":"<h1>Kiani Beach Resort Roof Top Restaurant<\/h1>\n<p><strong>Vin et d\u00eener romantique sous les \u00e9toiles cr\u00e9toises dans notre restaurant Roof Top \u00e0 Kiani Beach Resort &#8211; South Wing.<\/strong><\/p>\n<p><strong>Horaires d&rsquo;ouverture du restaurant sur le toit:<\/strong> Vendredi Samedi Dimanche: 19h00 &#8211; 21h30<\/p>\n<p>Choisissez parmi une s\u00e9lection de quatre merveilleux menus\u00a0 (payants) et go\u00fbtez \u00e0 la cuisine cr\u00e9toise authentique et de renomm\u00e9e mondiale. Pourquoi ne pas l&rsquo;accompagner d&rsquo;une merveilleuse bouteille de vin local pour une excellente soir\u00e9e !<\/p>\n<p>Menu 1: Un avant-go\u00fbt de la Gr\u00e8ce<\/p>\n<p>Menu 2: Menu traditionnel cr\u00e9tois<\/p>\n<p>Menu 3: Un avant-go\u00fbt de la mer \u00c9g\u00e9e \u2013 Menu fruits de mer<\/p>\n<p>Menu 4: Menu V\u00e9g\u00e9tarien<\/p>\n<p><strong><a href=\"https:\/\/old.seacretehotels.com\/wp-content\/uploads\/2022\/06\/rooftop_menu.pdf\" target=\"_blank\" rel=\"noopener\">T\u00e9l\u00e9chargez le menu complet ici<\/a><\/strong><\/p>\n<p><strong>R\u00e9servation obligatoire.<\/strong><br \/>\nPour r\u00e9server votre table, veuillez effectuer votre r\u00e9servation \u00e0 la r\u00e9ception principale.<\/p>\n","protected":false},"excerpt":{"rendered":"<p>Kiani Beach Resort Roof Top Restaurant Vin et d\u00eener romantique sous les \u00e9toiles cr\u00e9toises dans notre restaurant Roof Top \u00e0 <\/p>\n","protected":false},"author":1,"featured_media":76153,"parent":57567,"menu_order":0,"comment_status":"closed","ping_status":"closed","template":"templates\/template--single.php","meta":[],"acf":[],"_links":{"self":[{"href":"https:\/\/old.seacretehotels.com\/fr\/wp-json\/wp\/v2\/pages\/61348"}],"collection":[{"href":"https:\/\/old.seacretehotels.com\/fr\/wp-json\/wp\/v2\/pages"}],"about":[{"href":"https:\/\/old.seacretehotels.com\/fr\/wp-json\/wp\/v2\/types\/page"}],"author":[{"embeddable":true,"href":"https:\/\/old.seacretehotels.com\/fr\/wp-json\/wp\/v2\/users\/1"}],"replies":[{"embeddable":true,"href":"https:\/\/old.seacretehotels.com\/fr\/wp-json\/wp\/v2\/comments?post=61348"}],"version-history":[{"count":13,"href":"https:\/\/old.seacretehotels.com\/fr\/wp-json\/wp\/v2\/pages\/61348\/revisions"}],"predecessor-version":[{"id":102470,"href":"https:\/\/old.seacretehotels.com\/fr\/wp-json\/wp\/v2\/pages\/61348\/revisions\/102470"}],"up":[{"embeddable":true,"href":"https:\/\/old.seacretehotels.com\/fr\/wp-json\/wp\/v2\/pages\/57567"}],"wp:featuredmedia":[{"embeddable":true,"href":"https:\/\/old.seacretehotels.com\/fr\/wp-json\/wp\/v2\/media\/76153"}],"wp:attachment":[{"href":"https:\/\/old.seacretehotels.com\/fr\/wp-json\/wp\/v2\/media?parent=61348"}],"curies":[{"name":"wp","href":"https:\/\/api.w.org\/{rel}","templated":true}]}}