
  
{"id":58772,"date":"2021-04-20T11:40:47","date_gmt":"2021-04-20T08:40:47","guid":{"rendered":"https:\/\/old.seacretehotels.com\/kianibeachresort\/belive-family-sports-club\/"},"modified":"2021-10-26T17:03:37","modified_gmt":"2021-10-26T14:03:37","slug":"belive-family-sports-club","status":"publish","type":"page","link":"https:\/\/old.seacretehotels.com\/fr\/kianibeachresort\/belive-family-sports-club\/","title":{"rendered":"BeLive Family Sports Club"},"content":{"rendered":"<p><strong>Installations de fitness suppl\u00e9mentaires pour toute la famille pendant votre s\u00e9jour au Kiani Beach Resort!<\/strong><\/p>\n<p>Nous sommes ravis de collaborer avec le BeLive Family Sports Club \u00e0 Chania, o\u00f9 nos clients peuvent profiter d\u2019activit\u00e9s de remise en forme et de loisirs suppl\u00e9mentaires pendant leur s\u00e9jour au Kiani Beach Resort.<br \/>\nLe complexe de fitness comprend:<\/p>\n<ul>\n<li>Un gymnase<\/li>\n<li>Des Installations de conditionnement physique de groupe<\/li>\n<li>Une aire de jeux int\u00e9rieure et ext\u00e9rieure pour les enfants<\/li>\n<li>6 courts de tennis ultramodernes<\/li>\n<li>2 courts de squash<\/li>\n<\/ul>\n<p>Entra\u00eenement \u00e0 la performance mentale<\/p>\n<p><strong>Restaurant et bars<\/strong><br \/>\nSi vous souhaitez utiliser les installations ci-dessus, veuillez vous renseigner \u00e0 la r\u00e9ception principale.<br \/>\nVeuillez noter que les services ci-dessus sont en suppl\u00e9ment.<\/p>\n<p>Pour plus d\u2019informations et des photos de BeLive Family club de sport cliquez <a href=\"https:\/\/www.belive.gr\/\" target=\"_blank\" rel=\"noopener\">ici<\/a>.<br \/>\nPour plus d\u2019informations sur l\u2019emplacement cliquez <a href=\"https:\/\/www.belive.gr\/\">ici<\/a>.<\/p>\n<p><img decoding=\"async\" loading=\"lazy\" class=\"alignnone size-medium wp-image-58780\" src=\"https:\/\/old.seacretehotels.com\/wp-content\/uploads\/2021\/04\/image-1557813012469-800x533.jpg\" alt=\"\" width=\"800\" height=\"533\" srcset=\"https:\/\/old.seacretehotels.com\/wp-content\/uploads\/2021\/04\/image-1557813012469-800x533.jpg 800w, https:\/\/old.seacretehotels.com\/wp-content\/uploads\/2021\/04\/image-1557813012469-600x400.jpg 600w, https:\/\/old.seacretehotels.com\/wp-content\/uploads\/2021\/04\/image-1557813012469.jpg 900w\" sizes=\"(max-width: 800px) 100vw, 800px\" \/><\/p>\n<p><img decoding=\"async\" loading=\"lazy\" class=\"size-medium wp-image-58779\" src=\"https:\/\/old.seacretehotels.com\/wp-content\/uploads\/2021\/04\/image-1557813078257-800x533.jpg\" alt=\"BeLive family sports club Chania\" width=\"800\" height=\"533\" srcset=\"https:\/\/old.seacretehotels.com\/wp-content\/uploads\/2021\/04\/image-1557813078257-800x533.jpg 800w, https:\/\/old.seacretehotels.com\/wp-content\/uploads\/2021\/04\/image-1557813078257-600x400.jpg 600w, https:\/\/old.seacretehotels.com\/wp-content\/uploads\/2021\/04\/image-1557813078257.jpg 900w\" sizes=\"(max-width: 800px) 100vw, 800px\" \/><\/p>\n<p><img decoding=\"async\" loading=\"lazy\" class=\"size-medium wp-image-58774\" src=\"https:\/\/old.seacretehotels.com\/wp-content\/uploads\/2021\/04\/image-1557813105413-800x533.jpg\" alt=\"BeLive family sports club Chania\" width=\"800\" height=\"533\" srcset=\"https:\/\/old.seacretehotels.com\/wp-content\/uploads\/2021\/04\/image-1557813105413-800x533.jpg 800w, https:\/\/old.seacretehotels.com\/wp-content\/uploads\/2021\/04\/image-1557813105413-600x400.jpg 600w, https:\/\/old.seacretehotels.com\/wp-content\/uploads\/2021\/04\/image-1557813105413.jpg 900w\" sizes=\"(max-width: 800px) 100vw, 800px\" \/><\/p>\n<p><img decoding=\"async\" loading=\"lazy\" class=\"size-medium wp-image-58778\" src=\"https:\/\/old.seacretehotels.com\/wp-content\/uploads\/2021\/04\/image-1557813057584-800x533.jpg\" alt=\"BeLive family sports club Chania\" width=\"800\" height=\"533\" srcset=\"https:\/\/old.seacretehotels.com\/wp-content\/uploads\/2021\/04\/image-1557813057584-800x533.jpg 800w, https:\/\/old.seacretehotels.com\/wp-content\/uploads\/2021\/04\/image-1557813057584-600x400.jpg 600w, https:\/\/old.seacretehotels.com\/wp-content\/uploads\/2021\/04\/image-1557813057584.jpg 900w\" sizes=\"(max-width: 800px) 100vw, 800px\" \/><\/p>\n<p><img decoding=\"async\" loading=\"lazy\" class=\"size-medium wp-image-58777\" src=\"https:\/\/old.seacretehotels.com\/wp-content\/uploads\/2021\/04\/image-1557813038526-800x533.jpg\" alt=\"BeLive family sports club Chania\" width=\"800\" height=\"533\" srcset=\"https:\/\/old.seacretehotels.com\/wp-content\/uploads\/2021\/04\/image-1557813038526-800x533.jpg 800w, https:\/\/old.seacretehotels.com\/wp-content\/uploads\/2021\/04\/image-1557813038526-600x400.jpg 600w, https:\/\/old.seacretehotels.com\/wp-content\/uploads\/2021\/04\/image-1557813038526.jpg 900w\" sizes=\"(max-width: 800px) 100vw, 800px\" \/><\/p>\n<p><img decoding=\"async\" loading=\"lazy\" class=\"size-medium wp-image-58773\" src=\"https:\/\/old.seacretehotels.com\/wp-content\/uploads\/2021\/04\/image-1557813027868-800x533.jpg\" alt=\"BeLive family sports club Chania\" width=\"800\" height=\"533\" srcset=\"https:\/\/old.seacretehotels.com\/wp-content\/uploads\/2021\/04\/image-1557813027868-800x533.jpg 800w, https:\/\/old.seacretehotels.com\/wp-content\/uploads\/2021\/04\/image-1557813027868-600x400.jpg 600w, https:\/\/old.seacretehotels.com\/wp-content\/uploads\/2021\/04\/image-1557813027868.jpg 900w\" sizes=\"(max-width: 800px) 100vw, 800px\" \/><\/p>\n","protected":false},"excerpt":{"rendered":"<p>Installations de fitness suppl\u00e9mentaires pour toute la famille pendant votre s\u00e9jour au Kiani Beach Resort! Nous sommes ravis de collaborer <\/p>\n","protected":false},"author":3,"featured_media":58774,"parent":57567,"menu_order":0,"comment_status":"closed","ping_status":"closed","template":"templates\/template--single.php","meta":[],"acf":[],"_links":{"self":[{"href":"https:\/\/old.seacretehotels.com\/fr\/wp-json\/wp\/v2\/pages\/58772"}],"collection":[{"href":"https:\/\/old.seacretehotels.com\/fr\/wp-json\/wp\/v2\/pages"}],"about":[{"href":"https:\/\/old.seacretehotels.com\/fr\/wp-json\/wp\/v2\/types\/page"}],"author":[{"embeddable":true,"href":"https:\/\/old.seacretehotels.com\/fr\/wp-json\/wp\/v2\/users\/3"}],"replies":[{"embeddable":true,"href":"https:\/\/old.seacretehotels.com\/fr\/wp-json\/wp\/v2\/comments?post=58772"}],"version-history":[{"count":3,"href":"https:\/\/old.seacretehotels.com\/fr\/wp-json\/wp\/v2\/pages\/58772\/revisions"}],"predecessor-version":[{"id":58785,"href":"https:\/\/old.seacretehotels.com\/fr\/wp-json\/wp\/v2\/pages\/58772\/revisions\/58785"}],"up":[{"embeddable":true,"href":"https:\/\/old.seacretehotels.com\/fr\/wp-json\/wp\/v2\/pages\/57567"}],"wp:featuredmedia":[{"embeddable":true,"href":"https:\/\/old.seacretehotels.com\/fr\/wp-json\/wp\/v2\/media\/58774"}],"wp:attachment":[{"href":"https:\/\/old.seacretehotels.com\/fr\/wp-json\/wp\/v2\/media?parent=58772"}],"curies":[{"name":"wp","href":"https:\/\/api.w.org\/{rel}","templated":true}]}}