
  
{"id":58077,"date":"2021-10-21T10:52:13","date_gmt":"2021-10-21T07:52:13","guid":{"rendered":"https:\/\/old.seacretehotels.com\/?page_id=58077"},"modified":"2021-10-21T17:41:33","modified_gmt":"2021-10-21T14:41:33","slug":"experiences","status":"publish","type":"page","link":"https:\/\/old.seacretehotels.com\/fr\/kianibeachresort\/experiences\/","title":{"rendered":"Kiani Beach Hotel: Animations et activit\u00e9s"},"content":{"rendered":"<h1>Les exp\u00e9riences<\/h1>\n<p>Le Kiani Beach Resort a cr\u00e9\u00e9 un ensemble d\u2019exp\u00e9riences incroyables, pour les enfants comme pour les adultes, pour que la qualit\u00e9 de leur s\u00e9jour soit encore meilleure. Quel vous souhaitiez plonger dans les eaux tranquilles de la piscine, vous relaxer sur la plage baign\u00e9e de soleil, faire travailler votre cardio avec des s\u00e9ances d\u2019exercices \u00e9nergiques, des activit\u00e9s sportives exaltantes, y compris du sport nautique, ou simplement danser jusque tard dans la nuit, le Kiani Beach Resort \u00e0 La Can\u00e9e est l\u2019endroit qu\u2019il vous faut. Pr\u00e9parez-vous \u00e0 lib\u00e9rer votre esprit, \u00e0 d\u00e9compresser, \u00e0 d\u00e9couvrir, \u00e0 faire la f\u00eate et \u00e0 ressentir l\u2019\u00e9nergie de la Cr\u00e8te\u00a0!<\/p>\n<h2>Plage et piscines<\/h2>\n<p>Appr\u00e9ciez de faire quelques longueurs dans les eaux cristallines de la piscine ou plongez dans la mer cr\u00e9toise et d\u00e9tendez-vous sur la plage avec un jus fra\u00eechement press\u00e9 tout en regardant le soleil se coucher sur l\u2019horizon infini.<\/p>\n<h2>Fitness et sport<\/h2>\n<p>Participez \u00e0 divers programmes de sport et fitness, faites travailler votre cardio et profitez de moments palpitants avec votre famille et vos amis dans les environs enchanteurs du Kiani Beach Resort.<\/p>\n<h2>Divertissement en soir\u00e9e<\/h2>\n<p>Dansez jusque tard dans la nuit, faites du karaok\u00e9 et apprenez la danse du ventre ou suivez pas \u00e0 pas les danses du folklore grec. Croyez en la magie tandis que vous vous \u00e9merveillez aux tours et illusions r\u00e9alis\u00e9s par notre magicien, ou laissez-vous aller au son m\u00e9lodieux du piano. Quel que soit votre choix, pr\u00e9parez-vous \u00e0 des divertissements passionnants.<\/p>\n","protected":false},"excerpt":{"rendered":"<p>Les exp\u00e9riences Le Kiani Beach Resort a cr\u00e9\u00e9 un ensemble d\u2019exp\u00e9riences incroyables, pour les enfants comme pour les adultes, pour <\/p>\n","protected":false},"author":1,"featured_media":58071,"parent":57567,"menu_order":0,"comment_status":"closed","ping_status":"closed","template":"templates\/template--single.php","meta":[],"acf":[],"_links":{"self":[{"href":"https:\/\/old.seacretehotels.com\/fr\/wp-json\/wp\/v2\/pages\/58077"}],"collection":[{"href":"https:\/\/old.seacretehotels.com\/fr\/wp-json\/wp\/v2\/pages"}],"about":[{"href":"https:\/\/old.seacretehotels.com\/fr\/wp-json\/wp\/v2\/types\/page"}],"author":[{"embeddable":true,"href":"https:\/\/old.seacretehotels.com\/fr\/wp-json\/wp\/v2\/users\/1"}],"replies":[{"embeddable":true,"href":"https:\/\/old.seacretehotels.com\/fr\/wp-json\/wp\/v2\/comments?post=58077"}],"version-history":[{"count":4,"href":"https:\/\/old.seacretehotels.com\/fr\/wp-json\/wp\/v2\/pages\/58077\/revisions"}],"predecessor-version":[{"id":58082,"href":"https:\/\/old.seacretehotels.com\/fr\/wp-json\/wp\/v2\/pages\/58077\/revisions\/58082"}],"up":[{"embeddable":true,"href":"https:\/\/old.seacretehotels.com\/fr\/wp-json\/wp\/v2\/pages\/57567"}],"wp:featuredmedia":[{"embeddable":true,"href":"https:\/\/old.seacretehotels.com\/fr\/wp-json\/wp\/v2\/media\/58071"}],"wp:attachment":[{"href":"https:\/\/old.seacretehotels.com\/fr\/wp-json\/wp\/v2\/media?parent=58077"}],"curies":[{"name":"wp","href":"https:\/\/api.w.org\/{rel}","templated":true}]}}