
  
{"id":58064,"date":"2021-10-21T10:55:17","date_gmt":"2021-10-21T07:55:17","guid":{"rendered":"https:\/\/old.seacretehotels.com\/?page_id=58064"},"modified":"2021-10-21T17:42:24","modified_gmt":"2021-10-21T14:42:24","slug":"romance","status":"publish","type":"page","link":"https:\/\/old.seacretehotels.com\/fr\/kianibeachresort\/romance\/","title":{"rendered":"Kiani Romantisme"},"content":{"rendered":"<h1>Kiani Romantisme<\/h1>\n<p>C\u00e9l\u00e9brez votre amour entre mer et ciel, profitez d\u2019une balade sur la plage avec un coucher de soleil grandiose en toile de fond, d\u00e9gustez des saveurs d\u00e9licieuses \u00e0 la lumi\u00e8re des chandelles sous les \u00e9toiles ou passez simplement une soir\u00e9e avec votre moiti\u00e9 dans le confort de votre suite tout en contemplant la mer \u00e9tincelante. Le Kiani Beach Resort constitue le parfait endroit pour raviver votre flamme ou retomber amoureux l\u2019un de l\u2019autre. \u00cates-vous pr\u00eat \u00e0 accueillir l\u2019amour ?<\/p>\n","protected":false},"excerpt":{"rendered":"<p>Kiani Romantisme C\u00e9l\u00e9brez votre amour entre mer et ciel, profitez d\u2019une balade sur la plage avec un coucher de soleil <\/p>\n","protected":false},"author":1,"featured_media":58069,"parent":57567,"menu_order":0,"comment_status":"closed","ping_status":"closed","template":"templates\/template--single.php","meta":[],"acf":[],"_links":{"self":[{"href":"https:\/\/old.seacretehotels.com\/fr\/wp-json\/wp\/v2\/pages\/58064"}],"collection":[{"href":"https:\/\/old.seacretehotels.com\/fr\/wp-json\/wp\/v2\/pages"}],"about":[{"href":"https:\/\/old.seacretehotels.com\/fr\/wp-json\/wp\/v2\/types\/page"}],"author":[{"embeddable":true,"href":"https:\/\/old.seacretehotels.com\/fr\/wp-json\/wp\/v2\/users\/1"}],"replies":[{"embeddable":true,"href":"https:\/\/old.seacretehotels.com\/fr\/wp-json\/wp\/v2\/comments?post=58064"}],"version-history":[{"count":4,"href":"https:\/\/old.seacretehotels.com\/fr\/wp-json\/wp\/v2\/pages\/58064\/revisions"}],"predecessor-version":[{"id":58086,"href":"https:\/\/old.seacretehotels.com\/fr\/wp-json\/wp\/v2\/pages\/58064\/revisions\/58086"}],"up":[{"embeddable":true,"href":"https:\/\/old.seacretehotels.com\/fr\/wp-json\/wp\/v2\/pages\/57567"}],"wp:featuredmedia":[{"embeddable":true,"href":"https:\/\/old.seacretehotels.com\/fr\/wp-json\/wp\/v2\/media\/58069"}],"wp:attachment":[{"href":"https:\/\/old.seacretehotels.com\/fr\/wp-json\/wp\/v2\/media?parent=58064"}],"curies":[{"name":"wp","href":"https:\/\/api.w.org\/{rel}","templated":true}]}}