
  
{"id":58051,"date":"2021-10-21T10:55:21","date_gmt":"2021-10-21T07:55:21","guid":{"rendered":"https:\/\/old.seacretehotels.com\/?page_id=58051"},"modified":"2022-05-07T19:49:49","modified_gmt":"2022-05-07T16:49:49","slug":"fitness-sports","status":"publish","type":"page","link":"https:\/\/old.seacretehotels.com\/fr\/kianibeachresort\/fitness-sports\/","title":{"rendered":"Kiani Fitness et sport"},"content":{"rendered":"<h1>Fitness et sport<\/h1>\n<h2>Testez vos limites, mesurez-vous \u00e0 vos amis ou profitez simplement de faire de l\u2019exercice dans les environs idylliques du Kiani Beach Resort.<\/h2>\n<p>Restez en forme pendant vos vacances avec un entra\u00eenement fitness et des s\u00e9ances passionnantes de yoga, de Pilates, de Zumba et d\u2019aquagym, ainsi que des s\u00e9ances de stretching le matin. La salle de sport est aussi \u00e0 disposition pour l\u2019entra\u00eenement quotidien individuel. Pour ceux qui ont une \u00e2me plus aventuri\u00e8re, l\u2019h\u00f4tel propose une s\u00e9lection de v\u00e9los tout terrain qui vont permettront de d\u00e9couvrir l\u2019une apr\u00e8s l\u2019autre les merveilles de la nature. La randonn\u00e9e et le trekking font aussi partie des activit\u00e9s principales propos\u00e9es, car la r\u00e9gion regorge de paysages majestueux et de villages pittoresques valant la peine d\u2019\u00eatre d\u00e9couverts.<\/p>\n<ul>\n<li>Tennis\u00a0: 1\u00a0h par jour (r\u00e9servation obligatoire)<\/li>\n<li>Salle de sport\u00a0: Acc\u00e8s libre (sur r\u00e9servation d\u2019un cr\u00e9neau horaire \u00e0 la r\u00e9ception)<\/li>\n<li>Ping Pong\u00a0: 1\u00a0h par jour (r\u00e9servation obligatoire)<\/li>\n<li>Beach volley gratuit<\/li>\n<li>Mini-foot\/foot gratuit<\/li>\n<\/ul>\n<p><strong>Formation personnelle (service payant)<\/strong><\/p>\n<p>&nbsp;<\/p>\n<p>Au Kiani Beach Resort, nous sommes heureux de vous offrir notre service de formation personnelle par notre entra\u00eeneur personnel hautement qualifi\u00e9 et d\u00e9vou\u00e9. Le seul but de nos entra\u00eeneurs est de s&rsquo;assurer que vous recevez un entra\u00eenement adapt\u00e9 et approfondi \u00e0 vos besoins, en toute s\u00e9curit\u00e9 et quel que soit le niveau de votre condition physique.<\/p>\n<p><strong>Choisissez entre des s\u00e9ances d&rsquo;entra\u00eenement de 40 ou 60 minutes, couvrant un large \u00e9ventail de techniques telles que:<\/strong><\/p>\n<ul>\n<li>Yoga<\/li>\n<li>Tapis Pilates \/ Accessoires Pilates<\/li>\n<li>Conditionnement total du corps<\/li>\n<li>Conditionnement du haut du corps<\/li>\n<li>Conditionnement des jambes et des abdominaux<\/li>\n<li>Circuit HIIT \/ Cross Training<\/li>\n<li>Fitballs<\/li>\n<li>\u00c9longation<\/li>\n<\/ul>\n<p><strong>Pour plus d&rsquo;informations et les prix, veuillez r\u00e9server votre cr\u00e9neau \u00e0 la r\u00e9ception principale.<\/strong><\/p>\n<p><strong>\u00a0<\/strong><\/p>\n","protected":false},"excerpt":{"rendered":"<p>Fitness et sport Testez vos limites, mesurez-vous \u00e0 vos amis ou profitez simplement de faire de l\u2019exercice dans les environs <\/p>\n","protected":false},"author":1,"featured_media":57890,"parent":57567,"menu_order":0,"comment_status":"closed","ping_status":"closed","template":"templates\/template--single.php","meta":[],"acf":[],"_links":{"self":[{"href":"https:\/\/old.seacretehotels.com\/fr\/wp-json\/wp\/v2\/pages\/58051"}],"collection":[{"href":"https:\/\/old.seacretehotels.com\/fr\/wp-json\/wp\/v2\/pages"}],"about":[{"href":"https:\/\/old.seacretehotels.com\/fr\/wp-json\/wp\/v2\/types\/page"}],"author":[{"embeddable":true,"href":"https:\/\/old.seacretehotels.com\/fr\/wp-json\/wp\/v2\/users\/1"}],"replies":[{"embeddable":true,"href":"https:\/\/old.seacretehotels.com\/fr\/wp-json\/wp\/v2\/comments?post=58051"}],"version-history":[{"count":9,"href":"https:\/\/old.seacretehotels.com\/fr\/wp-json\/wp\/v2\/pages\/58051\/revisions"}],"predecessor-version":[{"id":68947,"href":"https:\/\/old.seacretehotels.com\/fr\/wp-json\/wp\/v2\/pages\/58051\/revisions\/68947"}],"up":[{"embeddable":true,"href":"https:\/\/old.seacretehotels.com\/fr\/wp-json\/wp\/v2\/pages\/57567"}],"wp:featuredmedia":[{"embeddable":true,"href":"https:\/\/old.seacretehotels.com\/fr\/wp-json\/wp\/v2\/media\/57890"}],"wp:attachment":[{"href":"https:\/\/old.seacretehotels.com\/fr\/wp-json\/wp\/v2\/media?parent=58051"}],"curies":[{"name":"wp","href":"https:\/\/api.w.org\/{rel}","templated":true}]}}