
  
{"id":58041,"date":"2021-10-21T10:55:12","date_gmt":"2021-10-21T07:55:12","guid":{"rendered":"https:\/\/old.seacretehotels.com\/?page_id=58041"},"modified":"2021-10-21T17:41:46","modified_gmt":"2021-10-21T14:41:46","slug":"animation-entertainment","status":"publish","type":"page","link":"https:\/\/old.seacretehotels.com\/fr\/kianibeachresort\/animation-entertainment\/","title":{"rendered":"Kiani Animations et divertissements"},"content":{"rendered":"<h1>Animations et divertissements<\/h1>\n<p>Alors que le soleil va se coucher, la musique s\u2019\u00e9veille au Kiani Beach Resort. Profitez des animations des DJ et des divers mix de musique latine, funk, soul et jazz, et apprenez des danses grecques authentiques ou exercez-vous aux mouvements de la danse du ventre sur la piste de danse avec l\u2019aide d\u2019instructeurs professionnels. D\u00e9couvrez ce que veut dire \u00ab\u00a0OPA\u00a0\u00bb pendant nos soir\u00e9es grecques ou chantez en suivant les paroles du karaok\u00e9. Mettez vos connaissances \u00e0 l\u2019\u00e9preuve et mesurez-vous \u00e0 vos amis pendant les soir\u00e9es quiz, et laissez notre magicien vous faire croire \u00e0 ses illusions.<\/p>\n<h2>Spectacles et \u00e9v\u00e9nements<\/h2>\n<ul>\n<li><strong>Spectacle oriental<\/strong><\/li>\n<\/ul>\n<p>Pr\u00e9parez-vous pour les plus s\u00e9duisantes des soir\u00e9es des \u00ab\u00a0mille et une nuits \u00bb, pendant lesquelles nos danseurs arabes vous feront tourner la t\u00eate. Laissez votre regard suivre les mouvements de la danse orientale et laissez votre imagination s\u2019envoler vers les myst\u00e8res des terres lointaines.<\/p>\n<ul>\n<li><strong>Spectacle de magie<\/strong><\/li>\n<\/ul>\n<p>Essayez de d\u00e9couvrir les myst\u00e8res des illusions pr\u00e9sent\u00e9es par nos magiciens, participez \u00e0 nos tours de magie, et que vous soyez ou non un enfant, pr\u00e9parez-vous \u00e0 croire \u00e0 nouveau en la magie\u00a0!<\/p>\n<ul>\n<li><strong>Soir\u00e9e karaok\u00e9<\/strong><\/li>\n<\/ul>\n<p>Choisissez votre chanson pr\u00e9f\u00e9r\u00e9e et pr\u00e9parez-vous \u00e0 chanter devant vos amis et votre famille. Profitez de votre minute de gloire sur notre sc\u00e8ne et laissez-nous vous applaudir\u00a0!<\/p>\n<ul>\n<li><strong>Soir\u00e9e piano<\/strong><\/li>\n<\/ul>\n<p>D\u00e9gustez des plats aux saveurs vari\u00e9es tout en \u00e9coutant des airs m\u00e9lodieux au piano. Y a-t-il une meilleure fa\u00e7on de terminer une magnifique journ\u00e9e d\u2019\u00e9t\u00e9 \u00e0 La Can\u00e9e\u00a0?<\/p>\n<ul>\n<li><strong>Soir\u00e9e grecque<\/strong><\/li>\n<\/ul>\n<p>Apprenez \u00e0 danser comme les grecs au rythme de la musique folklorique grecque et des danses cr\u00e9toises traditionnelles. Pr\u00e9parez-vous \u00e0 crier \u00ab\u00a0Opa\u00a0\u00bb sur la piste de danse et \u00e0 bien vous amuser.<\/p>\n<ul>\n<li><strong>Musique live<\/strong><\/li>\n<\/ul>\n<p>Suivez le rythme de la musique jou\u00e9e par nos groupes en live et dansez jusqu\u2019au bout de la nuit avec votre moiti\u00e9 ou vos amis.<\/p>\n<ul>\n<li><strong>Soir\u00e9e quiz<\/strong><\/li>\n<\/ul>\n<p>Mettre vos aptitudes et vos connaissances \u00e0 l\u2019\u00e9preuve en vous mesurant aux autres invit\u00e9s pendant la soir\u00e9e quiz. R\u00e9fl\u00e9chissez vite, r\u00e9pondez intelligemment et soyez le roi de la soir\u00e9e quiz\u00a0!<\/p>\n<ul>\n<li><strong>Soir\u00e9e saxophone<\/strong><\/li>\n<\/ul>\n<p>Relaxez-vous au son du saxophone et d\u00e9compressez dans une ambiance divine. Laissez vos sens s\u2019\u00e9vader vers le ciel et vos pens\u00e9es voyager dans l\u2019infini azur\u00e9 de la mer cr\u00e9toise.<\/p>\n<p>Quand le soleil radieux va se coucher, la journ\u00e9e n\u2019est pas encore termin\u00e9e pour nous au Kiani Beach Resort\u00a0! Profitez de nos programmes de soir\u00e9e avec DJ, danse et \u00e9v\u00e9nements en live, avec des artistes invit\u00e9s qui dansent sur de la musique latine, funk, soul, jazz et de la musique traditionnelle m\u00e9diterran\u00e9enne et cr\u00e9toise sous les \u00e9toiles. Joignez-vous aux danseurs pour qu\u2019ils vous apprennent \u00e0 danser comme les grecs pendant la \u00ab\u00a0Soir\u00e9e grecque\u00a0\u00bb, ou essayez-vous au chant avec le karaok\u00e9. Nos danseurs orientaux sauront faire venir les jeunes et les moins jeunes sur la piste de danse avec leurs le\u00e7ons enthousiasmantes et des danses de groupe.<\/p>\n","protected":false},"excerpt":{"rendered":"<p>Animations et divertissements Alors que le soleil va se coucher, la musique s\u2019\u00e9veille au Kiani Beach Resort. Profitez des animations <\/p>\n","protected":false},"author":1,"featured_media":58047,"parent":57567,"menu_order":0,"comment_status":"closed","ping_status":"closed","template":"templates\/template--single.php","meta":[],"acf":[],"_links":{"self":[{"href":"https:\/\/old.seacretehotels.com\/fr\/wp-json\/wp\/v2\/pages\/58041"}],"collection":[{"href":"https:\/\/old.seacretehotels.com\/fr\/wp-json\/wp\/v2\/pages"}],"about":[{"href":"https:\/\/old.seacretehotels.com\/fr\/wp-json\/wp\/v2\/types\/page"}],"author":[{"embeddable":true,"href":"https:\/\/old.seacretehotels.com\/fr\/wp-json\/wp\/v2\/users\/1"}],"replies":[{"embeddable":true,"href":"https:\/\/old.seacretehotels.com\/fr\/wp-json\/wp\/v2\/comments?post=58041"}],"version-history":[{"count":5,"href":"https:\/\/old.seacretehotels.com\/fr\/wp-json\/wp\/v2\/pages\/58041\/revisions"}],"predecessor-version":[{"id":58085,"href":"https:\/\/old.seacretehotels.com\/fr\/wp-json\/wp\/v2\/pages\/58041\/revisions\/58085"}],"up":[{"embeddable":true,"href":"https:\/\/old.seacretehotels.com\/fr\/wp-json\/wp\/v2\/pages\/57567"}],"wp:featuredmedia":[{"embeddable":true,"href":"https:\/\/old.seacretehotels.com\/fr\/wp-json\/wp\/v2\/media\/58047"}],"wp:attachment":[{"href":"https:\/\/old.seacretehotels.com\/fr\/wp-json\/wp\/v2\/media?parent=58041"}],"curies":[{"name":"wp","href":"https:\/\/api.w.org\/{rel}","templated":true}]}}