
  
{"id":57996,"date":"2021-10-20T18:01:04","date_gmt":"2021-10-20T15:01:04","guid":{"rendered":"https:\/\/old.seacretehotels.com\/?page_id=57996"},"modified":"2021-10-21T17:45:39","modified_gmt":"2021-10-21T14:45:39","slug":"location-map","status":"publish","type":"page","link":"https:\/\/old.seacretehotels.com\/fr\/kianibeachresort\/location-map\/","title":{"rendered":"Emplacement et carte"},"content":{"rendered":"<p><strong>Emplacement et carte<\/strong><\/p>\n<p>Le Kiani Beach Hotel est situ\u00e9 dans un quartier calme dans le village de bord de mer de Kalyves, dans la r\u00e9gion d\u2019Apokoronas, \u00e0 20 km de La Can\u00e9e et pr\u00e8s de l\u2019a\u00e9roport. En plein sur la plage, avec \u00e0 l\u2019arri\u00e8re une vue sur la montagne, ce magnifique complexe avec vue sur la mer est la garantie de vacances relaxantes sur la plage en Cr\u00e8te. Tout pr\u00e8s de l\u2019h\u00f4tel se trouvent \u00e9galement le village et la plage de Kalyves sur le cap Drapano, ainsi que la ville d\u2019Almyrida, avec ses boutiques, tavernes, restaurants et installations de sport nautique.<\/p>\n<p><strong>Liens utiles<\/strong><\/p>\n<ul>\n<li>Incredible Crete <a href=\"http:\/\/www.incrediblecrete.gr\" target=\"_blank\" rel=\"nofollow noopener noreferrer\">www.incrediblecrete.gr<\/a><\/li>\n<li>Cretan Beaches <a href=\"http:\/\/www.cretanbeaches.com\/en\/\" target=\"_blank\" rel=\"nofollow noopener noreferrer\">www.cretanbeaches.com<\/a><\/li>\n<li>Municipality of Chania <a href=\"http:\/\/www.chania.gr\" target=\"_blank\" rel=\"nofollow noopener noreferrer\">www.chania.gr<\/a><\/li>\n<li>Ancient town of <a href=\"https:\/\/en.wikipedia.org\/wiki\/Aptera,_Greece\" target=\"_blank\" rel=\"nofollow noopener noreferrer\">Aptera<\/a><\/li>\n<li>Aegean Airlines <a href=\"http:\/\/www.aegeanair.com\" target=\"_blank\" rel=\"nofollow noopener noreferrer\">www.aegeanair.com<\/a><\/li>\n<li>EasyJet <a href=\"http:\/\/www.easyjet.com\" target=\"_blank\" rel=\"nofollow noopener noreferrer\">www.easyjet.com<\/a><\/li>\n<li>Ryanair <a href=\"http:\/\/www.ryanair.com\" target=\"_blank\" rel=\"nofollow noopener noreferrer\">www.ryanair.com<\/a><\/li>\n<li>British Airways <a href=\"http:\/\/www.britishairways.com\/\" target=\"_blank\" rel=\"nofollow noopener noreferrer\">www.britishairways.com<\/a><\/li>\n<li>Norwegian Air\u00a0<a href=\"https:\/\/www.norwegian.com\/\" target=\"_blank\" rel=\"noopener noreferrer\">www.norwegian.com<\/a><\/li>\n<\/ul>\n","protected":false},"excerpt":{"rendered":"<p>Emplacement et carte Le Kiani Beach Hotel est situ\u00e9 dans un quartier calme dans le village de bord de mer <\/p>\n","protected":false},"author":1,"featured_media":57999,"parent":57567,"menu_order":0,"comment_status":"closed","ping_status":"closed","template":"templates\/template--location.php","meta":[],"acf":[],"_links":{"self":[{"href":"https:\/\/old.seacretehotels.com\/fr\/wp-json\/wp\/v2\/pages\/57996"}],"collection":[{"href":"https:\/\/old.seacretehotels.com\/fr\/wp-json\/wp\/v2\/pages"}],"about":[{"href":"https:\/\/old.seacretehotels.com\/fr\/wp-json\/wp\/v2\/types\/page"}],"author":[{"embeddable":true,"href":"https:\/\/old.seacretehotels.com\/fr\/wp-json\/wp\/v2\/users\/1"}],"replies":[{"embeddable":true,"href":"https:\/\/old.seacretehotels.com\/fr\/wp-json\/wp\/v2\/comments?post=57996"}],"version-history":[{"count":3,"href":"https:\/\/old.seacretehotels.com\/fr\/wp-json\/wp\/v2\/pages\/57996\/revisions"}],"predecessor-version":[{"id":58000,"href":"https:\/\/old.seacretehotels.com\/fr\/wp-json\/wp\/v2\/pages\/57996\/revisions\/58000"}],"up":[{"embeddable":true,"href":"https:\/\/old.seacretehotels.com\/fr\/wp-json\/wp\/v2\/pages\/57567"}],"wp:featuredmedia":[{"embeddable":true,"href":"https:\/\/old.seacretehotels.com\/fr\/wp-json\/wp\/v2\/media\/57999"}],"wp:attachment":[{"href":"https:\/\/old.seacretehotels.com\/fr\/wp-json\/wp\/v2\/media?parent=57996"}],"curies":[{"name":"wp","href":"https:\/\/api.w.org\/{rel}","templated":true}]}}