
  
{"id":57984,"date":"2021-10-20T17:58:22","date_gmt":"2021-10-20T14:58:22","guid":{"rendered":"https:\/\/old.seacretehotels.com\/?page_id=57984"},"modified":"2021-10-21T17:40:59","modified_gmt":"2021-10-21T14:40:59","slug":"business","status":"publish","type":"page","link":"https:\/\/old.seacretehotels.com\/fr\/kianibeachresort\/business\/","title":{"rendered":"Kiani R\u00e9unions"},"content":{"rendered":"<h1>Kiani R\u00e9unions<\/h1>\n<h2>Kiani Beach Resort Installations<\/h2>\n<p>Le Kiani Beach Resort comporte un centre de conf\u00e9rence enti\u00e8rement \u00e9quip\u00e9, avec du mat\u00e9riel technique perfectionn\u00e9 pour une organisation r\u00e9ussie des r\u00e9unions d\u2019affaires, des conf\u00e9rences ou des \u00e9v\u00e9nements. Que vous souhaitiez assister \u00e0 une r\u00e9union de travail importante, participer \u00e0 une conf\u00e9rence importante ou f\u00eater une r\u00e9ussite personnelle avec votre famille et vos amis pendant vos vacances, le personnel pr\u00e9venant de notre h\u00f4tel fera de vos r\u00eaves une r\u00e9alit\u00e9. Nos installations prennent en charge tous les besoins professionnels, avec la vitesse de connexion de la fibre optique, pour garantir le bon fonctionnement de n\u2019importe quel \u00e9v\u00e9nement.<\/p>\n","protected":false},"excerpt":{"rendered":"<p>Kiani R\u00e9unions Kiani Beach Resort Installations Le Kiani Beach Resort comporte un centre de conf\u00e9rence enti\u00e8rement \u00e9quip\u00e9, avec du mat\u00e9riel <\/p>\n","protected":false},"author":1,"featured_media":57987,"parent":57567,"menu_order":0,"comment_status":"closed","ping_status":"closed","template":"templates\/template--single.php","meta":[],"acf":[],"_links":{"self":[{"href":"https:\/\/old.seacretehotels.com\/fr\/wp-json\/wp\/v2\/pages\/57984"}],"collection":[{"href":"https:\/\/old.seacretehotels.com\/fr\/wp-json\/wp\/v2\/pages"}],"about":[{"href":"https:\/\/old.seacretehotels.com\/fr\/wp-json\/wp\/v2\/types\/page"}],"author":[{"embeddable":true,"href":"https:\/\/old.seacretehotels.com\/fr\/wp-json\/wp\/v2\/users\/1"}],"replies":[{"embeddable":true,"href":"https:\/\/old.seacretehotels.com\/fr\/wp-json\/wp\/v2\/comments?post=57984"}],"version-history":[{"count":4,"href":"https:\/\/old.seacretehotels.com\/fr\/wp-json\/wp\/v2\/pages\/57984\/revisions"}],"predecessor-version":[{"id":57989,"href":"https:\/\/old.seacretehotels.com\/fr\/wp-json\/wp\/v2\/pages\/57984\/revisions\/57989"}],"up":[{"embeddable":true,"href":"https:\/\/old.seacretehotels.com\/fr\/wp-json\/wp\/v2\/pages\/57567"}],"wp:featuredmedia":[{"embeddable":true,"href":"https:\/\/old.seacretehotels.com\/fr\/wp-json\/wp\/v2\/media\/57987"}],"wp:attachment":[{"href":"https:\/\/old.seacretehotels.com\/fr\/wp-json\/wp\/v2\/media?parent=57984"}],"curies":[{"name":"wp","href":"https:\/\/api.w.org\/{rel}","templated":true}]}}