
  
{"id":57969,"date":"2021-10-20T17:58:36","date_gmt":"2021-10-20T14:58:36","guid":{"rendered":"https:\/\/old.seacretehotels.com\/?page_id=57969"},"modified":"2022-11-02T10:32:24","modified_gmt":"2022-11-02T08:32:24","slug":"amenities","status":"publish","type":"page","link":"https:\/\/old.seacretehotels.com\/fr\/kianibeachresort\/amenities\/","title":{"rendered":"Kiani Installations et \u00e9quipements des chambres"},"content":{"rendered":"<h1>Kiani Installations et \u00e9quipements des chambres<\/h1>\n<p>Magnifiquement con\u00e7ues pour assurer un s\u00e9jour relaxant rempli de l\u2019ambiance cr\u00e9toise chaleureuse et de touches de finition luxueuses, toutes les chambres du Kiani Beach Resort garantissent des vacances qui d\u00e9passent toutes vos attentes. Spacieuses et \u00e9l\u00e9gantes, toutes les chambres poss\u00e8dent de nombreuses commodit\u00e9s modernes, parmi lesquelles une kitchenette avec r\u00e9frig\u00e9rateur, une salle de bains avec une baignoire ou une douche, une climatisation \u00e0 commande individuelle, une TV satellite et une connexion WiFi gratuite \u00e0 internet. Pour am\u00e9liorer encore davantage la qualit\u00e9 de votre s\u00e9jour, toutes les chambres d\u00e9cor\u00e9es avec charme s\u2019ouvrent sur un balcon ou une terrasse meubl\u00e9(e) pr\u00e9sentant une vie incroyable sur la mer, sur les jardins ou sur les montagnes.<\/p>\n<h2>\u00c9quipement des chambres<\/h2>\n<ul>\n<li>Cuisine ou kitchenette avec bouilloire<\/li>\n<li>R\u00e9frig\u00e9rateur<\/li>\n<li>Marche\/arr\u00eat de la ventilation<\/li>\n<li>TV satellite<\/li>\n<li>Coffre-fort<\/li>\n<li>S\u00e8che-cheveux<\/li>\n<li>Ligne t\u00e9l\u00e9phonique directe<\/li>\n<li>Possibilit\u00e9 d\u2019avoir l\u2019internet c\u00e2bl\u00e9 et le WiFi<\/li>\n<li>Balcon et terrasse<\/li>\n<li>Baignoire ou douche<\/li>\n<\/ul>\n","protected":false},"excerpt":{"rendered":"<p>Kiani Installations et \u00e9quipements des chambres Magnifiquement con\u00e7ues pour assurer un s\u00e9jour relaxant rempli de l\u2019ambiance cr\u00e9toise chaleureuse et de <\/p>\n","protected":false},"author":1,"featured_media":56294,"parent":57567,"menu_order":0,"comment_status":"closed","ping_status":"closed","template":"templates\/template--single.php","meta":[],"acf":[],"_links":{"self":[{"href":"https:\/\/old.seacretehotels.com\/fr\/wp-json\/wp\/v2\/pages\/57969"}],"collection":[{"href":"https:\/\/old.seacretehotels.com\/fr\/wp-json\/wp\/v2\/pages"}],"about":[{"href":"https:\/\/old.seacretehotels.com\/fr\/wp-json\/wp\/v2\/types\/page"}],"author":[{"embeddable":true,"href":"https:\/\/old.seacretehotels.com\/fr\/wp-json\/wp\/v2\/users\/1"}],"replies":[{"embeddable":true,"href":"https:\/\/old.seacretehotels.com\/fr\/wp-json\/wp\/v2\/comments?post=57969"}],"version-history":[{"count":5,"href":"https:\/\/old.seacretehotels.com\/fr\/wp-json\/wp\/v2\/pages\/57969\/revisions"}],"predecessor-version":[{"id":81171,"href":"https:\/\/old.seacretehotels.com\/fr\/wp-json\/wp\/v2\/pages\/57969\/revisions\/81171"}],"up":[{"embeddable":true,"href":"https:\/\/old.seacretehotels.com\/fr\/wp-json\/wp\/v2\/pages\/57567"}],"wp:featuredmedia":[{"embeddable":true,"href":"https:\/\/old.seacretehotels.com\/fr\/wp-json\/wp\/v2\/media\/56294"}],"wp:attachment":[{"href":"https:\/\/old.seacretehotels.com\/fr\/wp-json\/wp\/v2\/media?parent=57969"}],"curies":[{"name":"wp","href":"https:\/\/api.w.org\/{rel}","templated":true}]}}