
  
{"id":57945,"date":"2021-10-20T17:58:33","date_gmt":"2021-10-20T14:58:33","guid":{"rendered":"https:\/\/old.seacretehotels.com\/?page_id=57945"},"modified":"2021-10-21T17:40:10","modified_gmt":"2021-10-21T14:40:10","slug":"recreation","status":"publish","type":"page","link":"https:\/\/old.seacretehotels.com\/fr\/kianibeachresort\/recreation\/","title":{"rendered":"Kiani Activit\u00e9s r\u00e9cr\u00e9atives"},"content":{"rendered":"<h1>Kiani Activit\u00e9s r\u00e9cr\u00e9atives<\/h1>\n<p>S\u00e9journez au Kiani Beach Resort et exp\u00e9rimentez des vacances remplies de plaisir, de fun et de divertissement. Notre h\u00f4tel organise une s\u00e9rie de programmes excitants en soir\u00e9e, des spectacles et des \u00e9v\u00e9nement en live pour tous les go\u00fbts et toutes les envies. Dansez au rythme de la musique latine, funk, soul, jazz et cr\u00e9toise traditionnelle, apprenez la danse du ventre, faites du karaok\u00e9, testez vos aptitudes pendant les soir\u00e9es quiz et participez aux illusions de nos spectacles de magie. Amusez-vous au bord de la mer dans notre amphith\u00e9\u00e2tre en plein air ou sur la terrasse du restaurant de l\u2019h\u00f4tel et mettez de la joie dans vos journ\u00e9es.<\/p>\n<h2>Spectacles et \u00e9v\u00e9nements<\/h2>\n<ul>\n<li>Soir\u00e9es DJ<\/li>\n<li>Spectacle oriental<\/li>\n<li>Spectacle de magie<\/li>\n<li>Soir\u00e9e karaok\u00e9<\/li>\n<li>Soir\u00e9e grecque<\/li>\n<li>Musique live<\/li>\n<li>Soir\u00e9e quiz<\/li>\n<li>Soir\u00e9e saxophone<\/li>\n<\/ul>\n","protected":false},"excerpt":{"rendered":"<p>Kiani Activit\u00e9s r\u00e9cr\u00e9atives S\u00e9journez au Kiani Beach Resort et exp\u00e9rimentez des vacances remplies de plaisir, de fun et de divertissement. <\/p>\n","protected":false},"author":1,"featured_media":57955,"parent":57567,"menu_order":0,"comment_status":"closed","ping_status":"closed","template":"templates\/template--single.php","meta":[],"acf":[],"_links":{"self":[{"href":"https:\/\/old.seacretehotels.com\/fr\/wp-json\/wp\/v2\/pages\/57945"}],"collection":[{"href":"https:\/\/old.seacretehotels.com\/fr\/wp-json\/wp\/v2\/pages"}],"about":[{"href":"https:\/\/old.seacretehotels.com\/fr\/wp-json\/wp\/v2\/types\/page"}],"author":[{"embeddable":true,"href":"https:\/\/old.seacretehotels.com\/fr\/wp-json\/wp\/v2\/users\/1"}],"replies":[{"embeddable":true,"href":"https:\/\/old.seacretehotels.com\/fr\/wp-json\/wp\/v2\/comments?post=57945"}],"version-history":[{"count":5,"href":"https:\/\/old.seacretehotels.com\/fr\/wp-json\/wp\/v2\/pages\/57945\/revisions"}],"predecessor-version":[{"id":57991,"href":"https:\/\/old.seacretehotels.com\/fr\/wp-json\/wp\/v2\/pages\/57945\/revisions\/57991"}],"up":[{"embeddable":true,"href":"https:\/\/old.seacretehotels.com\/fr\/wp-json\/wp\/v2\/pages\/57567"}],"wp:featuredmedia":[{"embeddable":true,"href":"https:\/\/old.seacretehotels.com\/fr\/wp-json\/wp\/v2\/media\/57955"}],"wp:attachment":[{"href":"https:\/\/old.seacretehotels.com\/fr\/wp-json\/wp\/v2\/media?parent=57945"}],"curies":[{"name":"wp","href":"https:\/\/api.w.org\/{rel}","templated":true}]}}