
  
{"id":57934,"date":"2021-10-20T17:58:28","date_gmt":"2021-10-20T14:58:28","guid":{"rendered":"https:\/\/old.seacretehotels.com\/?page_id=57934"},"modified":"2022-11-02T10:23:38","modified_gmt":"2022-11-02T08:23:38","slug":"gym","status":"publish","type":"page","link":"https:\/\/old.seacretehotels.com\/fr\/kianibeachresort\/gym\/","title":{"rendered":"Kiani Salle de sport et hammam"},"content":{"rendered":"<h1>Salle de sport et hammam<\/h1>\n<p>Notre h\u00f4tel offre \u00e0 ses clients la possibilit\u00e9 de garder leurs habitudes sportives ou de se d\u00e9tendre avec un bain de vapeur pendant leurs vacances. Profitez d\u2019une s\u00e9ance d\u2019exercices dynamisante dans notre salle de gym enti\u00e8rement \u00e9quip\u00e9e ou lib\u00e9rez vos sens avec un bain de vapeur dans notre hammam.<\/p>\n<h2>Salle de sport<\/h2>\n<p>Acc\u00e8s libre<\/p>\n<h2>Hammam<\/h2>\n<p>Il s&rsquo;agit d&rsquo;un bain de vapeur qui fait des merveilles pour adoucir la peau, d\u00e9tendre l&rsquo;esprit et ouvrir les pores pour une exp\u00e9rience de nettoyage en profondeur.<\/p>\n","protected":false},"excerpt":{"rendered":"<p>Salle de sport et hammam Notre h\u00f4tel offre \u00e0 ses clients la possibilit\u00e9 de garder leurs habitudes sportives ou de <\/p>\n","protected":false},"author":1,"featured_media":57943,"parent":57567,"menu_order":0,"comment_status":"closed","ping_status":"closed","template":"templates\/template--single.php","meta":[],"acf":[],"_links":{"self":[{"href":"https:\/\/old.seacretehotels.com\/fr\/wp-json\/wp\/v2\/pages\/57934"}],"collection":[{"href":"https:\/\/old.seacretehotels.com\/fr\/wp-json\/wp\/v2\/pages"}],"about":[{"href":"https:\/\/old.seacretehotels.com\/fr\/wp-json\/wp\/v2\/types\/page"}],"author":[{"embeddable":true,"href":"https:\/\/old.seacretehotels.com\/fr\/wp-json\/wp\/v2\/users\/1"}],"replies":[{"embeddable":true,"href":"https:\/\/old.seacretehotels.com\/fr\/wp-json\/wp\/v2\/comments?post=57934"}],"version-history":[{"count":5,"href":"https:\/\/old.seacretehotels.com\/fr\/wp-json\/wp\/v2\/pages\/57934\/revisions"}],"predecessor-version":[{"id":81163,"href":"https:\/\/old.seacretehotels.com\/fr\/wp-json\/wp\/v2\/pages\/57934\/revisions\/81163"}],"up":[{"embeddable":true,"href":"https:\/\/old.seacretehotels.com\/fr\/wp-json\/wp\/v2\/pages\/57567"}],"wp:featuredmedia":[{"embeddable":true,"href":"https:\/\/old.seacretehotels.com\/fr\/wp-json\/wp\/v2\/media\/57943"}],"wp:attachment":[{"href":"https:\/\/old.seacretehotels.com\/fr\/wp-json\/wp\/v2\/media?parent=57934"}],"curies":[{"name":"wp","href":"https:\/\/api.w.org\/{rel}","templated":true}]}}