
  
{"id":57914,"date":"2021-10-20T17:44:34","date_gmt":"2021-10-20T14:44:34","guid":{"rendered":"https:\/\/old.seacretehotels.com\/?page_id=57914"},"modified":"2022-05-07T19:59:56","modified_gmt":"2022-05-07T16:59:56","slug":"sports","status":"publish","type":"page","link":"https:\/\/old.seacretehotels.com\/fr\/kianibeachresort\/sports\/","title":{"rendered":"Kiani Sport"},"content":{"rendered":"<h1>Kiani Beach Sport<\/h1>\n<p>\u00cates-vous pr\u00eat \u00e0 monter d&rsquo;un cran et \u00e0 faire monter votre adr\u00e9naline pendant vos vacances d&rsquo;\u00e9t\u00e9\u00a0? Si c&rsquo;est le cas, pr\u00e9parez-vous \u00e0 participer \u00e0 certaines des activit\u00e9s sportives et de remise en forme les plus excitantes propos\u00e9es au Kiani Beach Resort. Quel que soit votre \u00e2ge ou votre niveau de comp\u00e9tence, laissez nos experts en fitness vous pr\u00e9senter un \u00e9t\u00e9 de plaisir et d&rsquo;excitation avec les s\u00e9ances de tennis, de fitness, de yoga, de pilates, de zumba, d&rsquo;aquagym et d&rsquo;\u00e9tirements matinaux les plus exaltantes. Nos entra\u00eeneurs hautement qualifi\u00e9s organisent une s\u00e9rie de programmes de sports d&rsquo;\u00e9quipe, de divertissement et de conditionnement physique, y compris des tournois sportifs sp\u00e9cialement con\u00e7us pour toute la famille tels que le soccer, le tennis, le volley-ball, le water-polo, le tir \u00e0 l&rsquo;arc, les fl\u00e9chettes et les randonn\u00e9es.<\/p>\n","protected":false},"excerpt":{"rendered":"<p>Kiani Beach Sport \u00cates-vous pr\u00eat \u00e0 monter d&rsquo;un cran et \u00e0 faire monter votre adr\u00e9naline pendant vos vacances d&rsquo;\u00e9t\u00e9\u00a0? Si <\/p>\n","protected":false},"author":1,"featured_media":57932,"parent":57567,"menu_order":0,"comment_status":"closed","ping_status":"closed","template":"templates\/template--single.php","meta":[],"acf":[],"_links":{"self":[{"href":"https:\/\/old.seacretehotels.com\/fr\/wp-json\/wp\/v2\/pages\/57914"}],"collection":[{"href":"https:\/\/old.seacretehotels.com\/fr\/wp-json\/wp\/v2\/pages"}],"about":[{"href":"https:\/\/old.seacretehotels.com\/fr\/wp-json\/wp\/v2\/types\/page"}],"author":[{"embeddable":true,"href":"https:\/\/old.seacretehotels.com\/fr\/wp-json\/wp\/v2\/users\/1"}],"replies":[{"embeddable":true,"href":"https:\/\/old.seacretehotels.com\/fr\/wp-json\/wp\/v2\/comments?post=57914"}],"version-history":[{"count":5,"href":"https:\/\/old.seacretehotels.com\/fr\/wp-json\/wp\/v2\/pages\/57914\/revisions"}],"predecessor-version":[{"id":68956,"href":"https:\/\/old.seacretehotels.com\/fr\/wp-json\/wp\/v2\/pages\/57914\/revisions\/68956"}],"up":[{"embeddable":true,"href":"https:\/\/old.seacretehotels.com\/fr\/wp-json\/wp\/v2\/pages\/57567"}],"wp:featuredmedia":[{"embeddable":true,"href":"https:\/\/old.seacretehotels.com\/fr\/wp-json\/wp\/v2\/media\/57932"}],"wp:attachment":[{"href":"https:\/\/old.seacretehotels.com\/fr\/wp-json\/wp\/v2\/media?parent=57914"}],"curies":[{"name":"wp","href":"https:\/\/api.w.org\/{rel}","templated":true}]}}