
  
{"id":57892,"date":"2021-10-20T17:57:38","date_gmt":"2021-10-20T14:57:38","guid":{"rendered":"https:\/\/old.seacretehotels.com\/?page_id=57892"},"modified":"2023-06-21T11:13:59","modified_gmt":"2023-06-21T08:13:59","slug":"beach-pools","status":"publish","type":"page","link":"https:\/\/old.seacretehotels.com\/fr\/kianibeachresort\/beach-pools\/","title":{"rendered":"Kiani Plage et piscines"},"content":{"rendered":"<h1>Kiani Plage et piscines<\/h1>\n<ul>\n<li>2 piscines ext\u00e9rieures<\/li>\n<li>1 piscine int\u00e9rieure chauff\u00e9e<\/li>\n<li>2 piscines pour enfants<\/li>\n<\/ul>\n<p>&nbsp;<\/p>\n<p><strong>Avis important: Piscine int\u00e9rieure chauff\u00e9e<br \/>\n<\/strong><br \/>\n<strong>Remarque sp\u00e9ciale:<\/strong> Nous tenons \u00e0 vous informer que pour des raisons de durabilit\u00e9 afin de ne pas consommer d&rsquo;\u00e9lectricit\u00e9 inutilement, notre piscine int\u00e9rieure entre les mois <strong>de juin, juillet et ao\u00fbt ne sera pas chauff\u00e9e.<\/strong><\/p>\n<p>Au Kiani Beach Resort, vous avez la possibilit\u00e9, soit de nager dans les eaux cristallines de la piscine, soit de plonger dans les eaux couleur \u00e9meraude de notre plage Pavillon bleu. Plongez dans la piscine d\u2019eau douce en ext\u00e9rieur de 288 m\u00e8tres carr\u00e9s et d\u2019une profondeur de 1,60\u00a0m, ou baignez-vous simplement dans l\u2019azur infini de la mer de Cr\u00e8te pendant que vos enfants profitent du soleil en toute s\u00e9curit\u00e9 dans la piscine pour enfants de 40 m\u00e8tres carr\u00e9s et de 0,40 m de profondeur, sp\u00e9cialement con\u00e7ue pour eux.<\/p>\n<p>Notre deuxi\u00e8me piscine ext\u00e9rieure comporte des lignes de 50\u00a0m\u00e8tres de long pour la natation et notre piscine int\u00e9rieure est chauff\u00e9e.<\/p>\n<p><strong>Piscine int\u00e9rieure chauff\u00e9e<\/strong><br \/>\nNotre piscine int\u00e9rieure chauff\u00e9e est chauff\u00e9e et surveill\u00e9e avec une temp\u00e9rature d&rsquo;eau minimale de 25 degr\u00e9s Celsius, ou plus quotidiennement. Sur le mur de notre piscine int\u00e9rieure chauff\u00e9e, vous trouverez \u00e9galement un thermom\u00e8tre \u00e9lectronique qui identifie la temp\u00e9rature actuelle de l&rsquo;eau ainsi que la temp\u00e9rature ambiante.<\/p>\n<p>Apr\u00e8s votre baignade dans l\u2019eau, prenez donc un bain de soleil sur les transats au bord de la piscine ou d\u00e9tendez-vous dans l\u2019ombre d\u2019un parasol avec un cocktail aux fruits pr\u00e9par\u00e9 au bar. La plage de Kiani est parfaite pour une journ\u00e9e au soleil en famille, car ses eaux sont peu profondes et elle pr\u00e9sente de longues \u00e9tendues de sable et de galets.<\/p>\n","protected":false},"excerpt":{"rendered":"<p>Kiani Plage et piscines 2 piscines ext\u00e9rieures 1 piscine int\u00e9rieure chauff\u00e9e 2 piscines pour enfants &nbsp; Avis important: Piscine int\u00e9rieure <\/p>\n","protected":false},"author":1,"featured_media":56224,"parent":57567,"menu_order":0,"comment_status":"closed","ping_status":"closed","template":"templates\/template--single.php","meta":[],"acf":[],"_links":{"self":[{"href":"https:\/\/old.seacretehotels.com\/fr\/wp-json\/wp\/v2\/pages\/57892"}],"collection":[{"href":"https:\/\/old.seacretehotels.com\/fr\/wp-json\/wp\/v2\/pages"}],"about":[{"href":"https:\/\/old.seacretehotels.com\/fr\/wp-json\/wp\/v2\/types\/page"}],"author":[{"embeddable":true,"href":"https:\/\/old.seacretehotels.com\/fr\/wp-json\/wp\/v2\/users\/1"}],"replies":[{"embeddable":true,"href":"https:\/\/old.seacretehotels.com\/fr\/wp-json\/wp\/v2\/comments?post=57892"}],"version-history":[{"count":11,"href":"https:\/\/old.seacretehotels.com\/fr\/wp-json\/wp\/v2\/pages\/57892\/revisions"}],"predecessor-version":[{"id":103157,"href":"https:\/\/old.seacretehotels.com\/fr\/wp-json\/wp\/v2\/pages\/57892\/revisions\/103157"}],"up":[{"embeddable":true,"href":"https:\/\/old.seacretehotels.com\/fr\/wp-json\/wp\/v2\/pages\/57567"}],"wp:featuredmedia":[{"embeddable":true,"href":"https:\/\/old.seacretehotels.com\/fr\/wp-json\/wp\/v2\/media\/56224"}],"wp:attachment":[{"href":"https:\/\/old.seacretehotels.com\/fr\/wp-json\/wp\/v2\/media?parent=57892"}],"curies":[{"name":"wp","href":"https:\/\/api.w.org\/{rel}","templated":true}]}}