
  
{"id":57883,"date":"2021-10-20T17:57:34","date_gmt":"2021-10-20T14:57:34","guid":{"rendered":"https:\/\/old.seacretehotels.com\/?page_id=57883"},"modified":"2021-10-21T17:38:37","modified_gmt":"2021-10-21T14:38:37","slug":"facilities","status":"publish","type":"page","link":"https:\/\/old.seacretehotels.com\/fr\/kianibeachresort\/facilities\/","title":{"rendered":"Kiani Installations"},"content":{"rendered":"<h1>Installations h\u00f4teli\u00e8res haut de gamme \u00e0 La Can\u00e9e<\/h1>\n<p>Le Kiani Beach Resort offre un large choix d\u2019activit\u00e9s et de divertissements pour le plaisir de tous. Depuis ses piscines aux eaux cristallines jusqu\u2019aux aventures sport et fitness de haut niveau, les s\u00e9ances d\u2019exercices grisantes et les randonn\u00e9es, jusqu\u2019aux programmes de soir\u00e9e les plus agr\u00e9ables avec danse, karaok\u00e9, spectacles, le\u00e7ons et \u00e9v\u00e9nements en live, chaque heure est une heure de plaisir.<\/p>\n<h2>Installations adapt\u00e9es aux enfants en Cr\u00e8te<\/h2>\n<p>Notre complexe adapt\u00e9 aux familles garantit un s\u00e9jour m\u00e9morable pour les enfants comme pour les adultes. Avec la piscine pour enfants sp\u00e9cialement con\u00e7ue pour eux, le club pour enfants et la mini discoth\u00e8que pr\u00e9vus pour eux, nos clients les plus jeunes en demanderont toujours plus. Profitez des vacances en bord de mer les plus relaxantes pendant que vos enfants jouent en toute s\u00e9curit\u00e9 sous la surveillance de nos professionnels, ou passez du temps de qualit\u00e9 tous ensemble en participant \u00e0 une s\u00e9rie d\u2019aventures en famille.<\/p>\n<h3>Installations haut de gamme pour les affaires et les \u00e9v\u00e9nements \u00e0 La Can\u00e9e<\/h3>\n<p>La r\u00e9ussite est un ma\u00eetre exigeant, mais il y a toujours assez de temps pour faire une pause pendant les vacances pour assurer la r\u00e9ussite de vos activit\u00e9s professionnelles. Le Kiani Beach Resort peut organiser une grande vari\u00e9t\u00e9 de r\u00e9unions, conf\u00e9rences ou \u00e9v\u00e9nements priv\u00e9s et en garantir le bon d\u00e9roulement. C\u00e9l\u00e9brez un \u00e9v\u00e9nement sp\u00e9cial ou organisez une conf\u00e9rence importante pendant vos vacances et laissez-nous nous occuper des d\u00e9tails.<\/p>\n<p><strong>INSTALLATIONS H\u00d4TELI\u00c8RES<\/strong><\/p>\n<ul>\n<li>2 piscines ext\u00e9rieures (dont une avec une ligne de 50 m\u00e8tres pour la natation)<\/li>\n<li>2 piscines pour enfants<\/li>\n<li>Piscine int\u00e9rieure chauff\u00e9e<\/li>\n<li>Transats et parasols gratuits pr\u00e8s de la piscine et sur la plage<\/li>\n<li>2 restaurants buffet<\/li>\n<li>Bar de plage \u00ab\u00a0Dionysos\u00a0\u00bb<\/li>\n<li>Bar de piscine en ext\u00e9rieur<\/li>\n<li>2 espaces de jeux pour les enfants avec aire de jeux ext\u00e9rieure en bois (bateau pirate)<\/li>\n<li>2 salles de sport, hammam, massoth\u00e9rapie<\/li>\n<li>Programme d\u2019animations quotidiennes (aquagym, mini disco, jeux pour enfants, \u00e9v\u00e9nements en soir\u00e9e)<\/li>\n<li>Installations pour les enfants<\/li>\n<li>Spa<\/li>\n<li>Sport\u00a0: tennis, beach volley, p\u00e9tanque, foot<\/li>\n<li>Centre de conf\u00e9rence avec services de secr\u00e9tariat sur demande<\/li>\n<li>M\u00e9decin de garde<\/li>\n<li>Salon TV<\/li>\n<li>\u00c9quipements pour enfants\u00a0: poussettes, chaises hautes dans le restaurant, talkies walkies, baignoire pour b\u00e9b\u00e9 dans la chambre, lit pour b\u00e9b\u00e9 dans la chambre, st\u00e9rilisateurs<\/li>\n<li>Transport vers l\u2019a\u00e9roport par taxi ou minibus contre frais suppl\u00e9mentaires<\/li>\n<li>Jardin<\/li>\n<li>Wi-Fi gratuit<\/li>\n<li>Sup\u00e9rette<\/li>\n<li>\u00c0 proximit\u00e9 des arr\u00eats de bus<\/li>\n<li>Service de check-out express<\/li>\n<li>Parking priv\u00e9 gratuit<\/li>\n<li>Piscine pour enfants<\/li>\n<li>Le petit-d\u00e9jeuner est servi entre 8\u00a0h 00 et 10\u00a0h 30<\/li>\n<li>Petit-d\u00e9jeuner avant l\u2019heure sur demande<\/li>\n<li>Ordinateur \u00e0 disposition des clients<\/li>\n<li>Coin Internet<\/li>\n<li>Protection pour oreiller sur demande, avec mat\u00e9riaux organiques ou hypoallerg\u00e9niques<\/li>\n<li>Service petit-d\u00e9jeuner en chambre contre frais suppl\u00e9mentaires<\/li>\n<li>Transports priv\u00e9s vers et depuis les a\u00e9roports et les ports de Cr\u00e8te contre frais suppl\u00e9mentaires<\/li>\n<li>Service de chambre 24 heures sur 24 contre frais suppl\u00e9mentaires<\/li>\n<li>Service de m\u00e9nage en apr\u00e8s-midi sur demande<\/li>\n<li>Service de changement de serviette sur demande<\/li>\n<li>Centre d\u2019affaires<\/li>\n<li>Lit pour b\u00e9b\u00e9 sur demande<\/li>\n<li>Service de r\u00e9veil de l\u2019h\u00f4tel sur demande<\/li>\n<li>Terrain de tennis<\/li>\n<li>Coffre-fort central \u00e0 la r\u00e9ception contre frais suppl\u00e9mentaires<\/li>\n<li>R\u00e9ception ouverte 24 heures sur 24<\/li>\n<li>Transport des bagages vers et depuis la zone de parking de l\u2019h\u00f4tel (service de voiturier)<\/li>\n<li>Bagagerie<\/li>\n<li>Repas ou petit-d\u00e9jeuner pour les clients sous emballage sp\u00e9cial sur demande<\/li>\n<li>Service pressing contre frais suppl\u00e9mentaires<\/li>\n<\/ul>\n","protected":false},"excerpt":{"rendered":"<p>Installations h\u00f4teli\u00e8res haut de gamme \u00e0 La Can\u00e9e Le Kiani Beach Resort offre un large choix d\u2019activit\u00e9s et de divertissements <\/p>\n","protected":false},"author":1,"featured_media":57890,"parent":57567,"menu_order":0,"comment_status":"closed","ping_status":"closed","template":"templates\/template--single.php","meta":[],"acf":[],"_links":{"self":[{"href":"https:\/\/old.seacretehotels.com\/fr\/wp-json\/wp\/v2\/pages\/57883"}],"collection":[{"href":"https:\/\/old.seacretehotels.com\/fr\/wp-json\/wp\/v2\/pages"}],"about":[{"href":"https:\/\/old.seacretehotels.com\/fr\/wp-json\/wp\/v2\/types\/page"}],"author":[{"embeddable":true,"href":"https:\/\/old.seacretehotels.com\/fr\/wp-json\/wp\/v2\/users\/1"}],"replies":[{"embeddable":true,"href":"https:\/\/old.seacretehotels.com\/fr\/wp-json\/wp\/v2\/comments?post=57883"}],"version-history":[{"count":4,"href":"https:\/\/old.seacretehotels.com\/fr\/wp-json\/wp\/v2\/pages\/57883\/revisions"}],"predecessor-version":[{"id":57995,"href":"https:\/\/old.seacretehotels.com\/fr\/wp-json\/wp\/v2\/pages\/57883\/revisions\/57995"}],"up":[{"embeddable":true,"href":"https:\/\/old.seacretehotels.com\/fr\/wp-json\/wp\/v2\/pages\/57567"}],"wp:featuredmedia":[{"embeddable":true,"href":"https:\/\/old.seacretehotels.com\/fr\/wp-json\/wp\/v2\/media\/57890"}],"wp:attachment":[{"href":"https:\/\/old.seacretehotels.com\/fr\/wp-json\/wp\/v2\/media?parent=57883"}],"curies":[{"name":"wp","href":"https:\/\/api.w.org\/{rel}","templated":true}]}}