
  
{"id":57848,"date":"2021-10-20T17:09:28","date_gmt":"2021-10-20T14:09:28","guid":{"rendered":"https:\/\/old.seacretehotels.com\/?page_id=57848"},"modified":"2023-04-10T10:55:30","modified_gmt":"2023-04-10T07:55:30","slug":"spa-center","status":"publish","type":"page","link":"https:\/\/old.seacretehotels.com\/fr\/kianibeachresort\/spa-center\/","title":{"rendered":"Espace bien-\u00eatre et Spa"},"content":{"rendered":"<h1>Espace bien-\u00eatre et Spa<\/h1>\n<p><strong><a href=\"https:\/\/hotels.aegeospas.gr\/wp-content\/uploads\/PDFs\/Menu-Wet-ENG-DE-Desktop.pdf\" target=\"_blank\" rel=\"noopener\">Cliquez ici pour une description compl\u00e8te de notre menu et de nos soins SPA<\/a><\/strong><\/p>\n<p><strong><a href=\"https:\/\/old.seacretehotels.com\/wp-content\/uploads\/2023\/04\/Aegeo-Spas-Menu-Pricelist-kiani-2023.pdf\" target=\"_blank\" rel=\"noopener\">Cliquez ici pour nos tarifs SPA<\/a><\/strong><\/p>\n<p>Une aventure cr\u00e9toise authentique ne serait pas compl\u00e8te sans une exp\u00e9rience au spa, d\u2019autant plus que les soins du Kiani Beach Spa incluent des ingr\u00e9dients locaux purs et naturels, tels que de l\u2019huile d\u2019olive, du miel et des extraits de raisin. Des plantes et herbes aromatiques fra\u00eeches telles que le romarin, la menthe poivr\u00e9e, la citronnelle et la camomille occupent une place importante dans la s\u00e9rie de soins sp\u00e9cialement formul\u00e9s propos\u00e9e dans notre Spa au Kiani Beach.<\/p>\n<p>Exploitant le v\u00e9ritable pouvoir gu\u00e9risseur de ces tr\u00e9sors cr\u00e9tois, nos masseurs exp\u00e9riment\u00e9s dispensent un soin inoubliable et relaxant adapt\u00e9 \u00e0 vos besoins. Profitez d\u2019une large gamme de traitements holistiques pour le corps et l\u2019esprit, parmi lesquels des massages corporels, des soins faciaux et corporels, dans nos cabines de soins sp\u00e9cialement pr\u00e9vues \u00e0 cet effet. Pourquoi ne pas aussi essayer notre sauna et notre jacuzzi apr\u00e8s un soin, pour une exp\u00e9rience encore plus revigorante ?<\/p>\n<p><strong>Pour les r\u00e9servations ou plus d\u2019informations, veuillez nous contacter \u00e0<\/strong> <a href=\"mailto:reservations@kianibeach.com\">reservations@kianibeach.com<\/a> ou par t\u00e9l\u00e9phone au +30 28250 32300 (ext. Spa 8933)<\/p>\n","protected":false},"excerpt":{"rendered":"<p>Espace bien-\u00eatre et Spa Cliquez ici pour une description compl\u00e8te de notre menu et de nos soins SPA Cliquez ici <\/p>\n","protected":false},"author":1,"featured_media":56653,"parent":57567,"menu_order":0,"comment_status":"closed","ping_status":"closed","template":"templates\/template--single.php","meta":[],"acf":[],"_links":{"self":[{"href":"https:\/\/old.seacretehotels.com\/fr\/wp-json\/wp\/v2\/pages\/57848"}],"collection":[{"href":"https:\/\/old.seacretehotels.com\/fr\/wp-json\/wp\/v2\/pages"}],"about":[{"href":"https:\/\/old.seacretehotels.com\/fr\/wp-json\/wp\/v2\/types\/page"}],"author":[{"embeddable":true,"href":"https:\/\/old.seacretehotels.com\/fr\/wp-json\/wp\/v2\/users\/1"}],"replies":[{"embeddable":true,"href":"https:\/\/old.seacretehotels.com\/fr\/wp-json\/wp\/v2\/comments?post=57848"}],"version-history":[{"count":19,"href":"https:\/\/old.seacretehotels.com\/fr\/wp-json\/wp\/v2\/pages\/57848\/revisions"}],"predecessor-version":[{"id":97729,"href":"https:\/\/old.seacretehotels.com\/fr\/wp-json\/wp\/v2\/pages\/57848\/revisions\/97729"}],"up":[{"embeddable":true,"href":"https:\/\/old.seacretehotels.com\/fr\/wp-json\/wp\/v2\/pages\/57567"}],"wp:featuredmedia":[{"embeddable":true,"href":"https:\/\/old.seacretehotels.com\/fr\/wp-json\/wp\/v2\/media\/56653"}],"wp:attachment":[{"href":"https:\/\/old.seacretehotels.com\/fr\/wp-json\/wp\/v2\/media?parent=57848"}],"curies":[{"name":"wp","href":"https:\/\/api.w.org\/{rel}","templated":true}]}}