
  
{"id":57771,"date":"2021-10-19T17:50:22","date_gmt":"2021-10-19T14:50:22","guid":{"rendered":"https:\/\/old.seacretehotels.com\/?page_id=57771"},"modified":"2022-02-24T11:56:49","modified_gmt":"2022-02-24T09:56:49","slug":"dining-bars","status":"publish","type":"page","link":"https:\/\/old.seacretehotels.com\/fr\/kianibeachresort\/dining-bars\/","title":{"rendered":"Kiani Restaurants et bars"},"content":{"rendered":"<h1>Kiani Restaurants et bars<\/h1>\n<h2>Pr\u00e9parez vos papilles gustatives pour un itin\u00e9raire all\u00e9chant dans le r\u00e9gime m\u00e9diterran\u00e9en et la cuisine cr\u00e9toise.<\/h2>\n<p>Savourez des recettes d\u00e9licieuses pr\u00e9par\u00e9es avec les ingr\u00e9dients locaux les plus frais et laissez nos chefs ravir vos sens avec les saveurs et les ar\u00f4mes les plus intrigants. Le Kiani Beach Resort invite les clients \u00e0 profiter d\u2019un petit-d\u00e9jeuner succulent avec du jus d\u2019oranges fra\u00eeches issues d\u2019une production biologique, \u00e0 savourer des repas d\u00e9licieux \u00e0 la terrasse du restaurant buffet Symposium ou \u00e0 d\u00e9guster des en-cas l\u00e9gers et des cocktails rafra\u00eechissants dans l\u2019atmosph\u00e8re vivifiante de notre bar de plage Dionysos, tout en contemplant l\u2019horizon infini de la mer de Cr\u00e8te. Une grande vari\u00e9t\u00e9 d\u2019en-cas chauds et froids, de sandwichs et de p\u00e2tisseries, ainsi que des fruits et des salades de la production locale seront disponibles aux horaires suivants : Milieu de matin\u00e9e (11 h \u2013 12 h) Apr\u00e8s-midi (16 h \u2013 18 h) Les glaces sont disponibles au d\u00e9jeuner et au d\u00eener (au buffet) et entre 11 h &#8211; 12 h et 16 h -18 h (au bar de plage Dionysos). Sandwichs pour les excursions : disponibles sur demande \u00e0 la r\u00e9ception. Les clients doivent effectuer leurs r\u00e9servations un jour \u00e0 l\u2019avance avant 19 h.<\/p>\n","protected":false},"excerpt":{"rendered":"<p>Kiani Restaurants et bars Pr\u00e9parez vos papilles gustatives pour un itin\u00e9raire all\u00e9chant dans le r\u00e9gime m\u00e9diterran\u00e9en et la cuisine cr\u00e9toise. <\/p>\n","protected":false},"author":1,"featured_media":57794,"parent":57567,"menu_order":0,"comment_status":"closed","ping_status":"closed","template":"templates\/template--single.php","meta":[],"acf":[],"_links":{"self":[{"href":"https:\/\/old.seacretehotels.com\/fr\/wp-json\/wp\/v2\/pages\/57771"}],"collection":[{"href":"https:\/\/old.seacretehotels.com\/fr\/wp-json\/wp\/v2\/pages"}],"about":[{"href":"https:\/\/old.seacretehotels.com\/fr\/wp-json\/wp\/v2\/types\/page"}],"author":[{"embeddable":true,"href":"https:\/\/old.seacretehotels.com\/fr\/wp-json\/wp\/v2\/users\/1"}],"replies":[{"embeddable":true,"href":"https:\/\/old.seacretehotels.com\/fr\/wp-json\/wp\/v2\/comments?post=57771"}],"version-history":[{"count":4,"href":"https:\/\/old.seacretehotels.com\/fr\/wp-json\/wp\/v2\/pages\/57771\/revisions"}],"predecessor-version":[{"id":61559,"href":"https:\/\/old.seacretehotels.com\/fr\/wp-json\/wp\/v2\/pages\/57771\/revisions\/61559"}],"up":[{"embeddable":true,"href":"https:\/\/old.seacretehotels.com\/fr\/wp-json\/wp\/v2\/pages\/57567"}],"wp:featuredmedia":[{"embeddable":true,"href":"https:\/\/old.seacretehotels.com\/fr\/wp-json\/wp\/v2\/media\/57794"}],"wp:attachment":[{"href":"https:\/\/old.seacretehotels.com\/fr\/wp-json\/wp\/v2\/media?parent=57771"}],"curies":[{"name":"wp","href":"https:\/\/api.w.org\/{rel}","templated":true}]}}