
  
{"id":57764,"date":"2021-10-19T17:45:54","date_gmt":"2021-10-19T14:45:54","guid":{"rendered":"https:\/\/old.seacretehotels.com\/?page_id=57764"},"modified":"2021-10-21T17:35:29","modified_gmt":"2021-10-21T14:35:29","slug":"pool-view-restaurant","status":"publish","type":"page","link":"https:\/\/old.seacretehotels.com\/fr\/kianibeachresort\/pool-view-restaurant\/","title":{"rendered":"Restaurant avec vue sur la piscine"},"content":{"rendered":"<h1>Kiani Beach Resort &#8211; Restaurant avec vue sur la piscine<\/h1>\n<h2>Restaurant buffet m\u00e9diterran\u00e9en<\/h2>\n<p>Notre nouveau restaurant avec vue sur la piscine surplombe la superbe piscine du nouveau b\u00e2timent du Kiani Beach Resort, offrant le cadre parfait pour un petit-d\u00e9jeuner \u00e9quilibr\u00e9, un repas surprenant ou un d\u00eener en t\u00eate \u00e0 t\u00eate sous les \u00e9toiles. Notre restaurant permet aux voyageurs de profiter du meilleur de ce que la terre de Cr\u00e8te a \u00e0 offrir, tout en se relaxant sur la magnifique terrasse de l\u2019h\u00f4tel. Les chefs cuisiniers exp\u00e9riment\u00e9s de l\u2019h\u00f4tel pr\u00e9parent les recettes les plus d\u00e9licieuses, avec les meilleurs des ingr\u00e9dients locaux, tout en veillant \u00e0 ce que les repas pr\u00e9sentent une valeur nutritionnelle \u00e9lev\u00e9e. Les buffets copieux comportent un magnifique choix de salades, de plats et de desserts pour les enfants comme pour les adultes.<\/p>\n<h3>D\u00e9licieuse cuisine cr\u00e9toise<\/h3>\n<p>Pr\u00e9parez-vous \u00e0 go\u00fbter \u00e0 quelques-unes des meilleures sp\u00e9cialit\u00e9s m\u00e9diterran\u00e9ennes, parmi lesquelles le poisson frais, les p\u00e2tes, les viandes, la volaille, les fromages locaux, les salades et l\u00e9gumes frais, tous pr\u00e9par\u00e9s avec de l\u2019huile d\u2019olive cr\u00e9toise et les meilleurs des ingr\u00e9dients locaux, y compris du jus d\u2019oranges fra\u00eeches issues d\u2019une production biologique, servi au petit-d\u00e9jeuner. Notre restaurant avec vue sur la piscine propose \u00e9galement des repas pour enfants ainsi que des repas \u00e9quilibr\u00e9s pour les v\u00e9g\u00e9tariens. En plus de la s\u00e9lection de plats d\u00e9licieux propos\u00e9e dans notre restaurant, un large choix de sucreries, de p\u00e2tisseries, de g\u00e2teaux et de fruits frais est toujours disponible pour adoucir vos vacances\u00a0!<\/p>\n<ul>\n<li>Petit d\u00e9jeuner 8\u00a0h &#8211; 10 h Buffet am\u00e9ricain<\/li>\n<li>D\u00e9jeuner 13\u00a0h &#8211; 14\u00a0h 30 Buffet complet<\/li>\n<li>D\u00eener 19\u00a0h &#8211; 21\u00a0h 00 Buffet complet<\/li>\n<\/ul>\n<p>Code vestimentaire\u00a0: Pendant le d\u00eener, il est demand\u00e9 aux hommes de porter des pantalons longs dans le restaurant principal.<\/p>\n<h3>Tout inclus<\/h3>\n<p>Pendant les repas, vous pouvez boire \u00e0 volont\u00e9 des boissons locales telles que\u00a0: de l\u2019eau fra\u00eeche (fontaine \u00e0 eau disponible \u00e0 des endroits strat\u00e9giques du restaurant et du bar de plage), des boissons sans alcool (\u00e0 la fontaine \u00e0 soda), de la bi\u00e8re, du vin de la maison (rouge et blanc), de l\u2019ouzo, du raki, du jus concentr\u00e9s ainsi que du jus d\u2019oranges fra\u00eeches issues d\u2019une production biologique au petit-d\u00e9jeuner.<\/p>\n","protected":false},"excerpt":{"rendered":"<p>Kiani Beach Resort &#8211; Restaurant avec vue sur la piscine Restaurant buffet m\u00e9diterran\u00e9en Notre nouveau restaurant avec vue sur la <\/p>\n","protected":false},"author":1,"featured_media":57769,"parent":57567,"menu_order":0,"comment_status":"closed","ping_status":"closed","template":"templates\/template--single.php","meta":[],"acf":[],"_links":{"self":[{"href":"https:\/\/old.seacretehotels.com\/fr\/wp-json\/wp\/v2\/pages\/57764"}],"collection":[{"href":"https:\/\/old.seacretehotels.com\/fr\/wp-json\/wp\/v2\/pages"}],"about":[{"href":"https:\/\/old.seacretehotels.com\/fr\/wp-json\/wp\/v2\/types\/page"}],"author":[{"embeddable":true,"href":"https:\/\/old.seacretehotels.com\/fr\/wp-json\/wp\/v2\/users\/1"}],"replies":[{"embeddable":true,"href":"https:\/\/old.seacretehotels.com\/fr\/wp-json\/wp\/v2\/comments?post=57764"}],"version-history":[{"count":3,"href":"https:\/\/old.seacretehotels.com\/fr\/wp-json\/wp\/v2\/pages\/57764\/revisions"}],"predecessor-version":[{"id":57770,"href":"https:\/\/old.seacretehotels.com\/fr\/wp-json\/wp\/v2\/pages\/57764\/revisions\/57770"}],"up":[{"embeddable":true,"href":"https:\/\/old.seacretehotels.com\/fr\/wp-json\/wp\/v2\/pages\/57567"}],"wp:featuredmedia":[{"embeddable":true,"href":"https:\/\/old.seacretehotels.com\/fr\/wp-json\/wp\/v2\/media\/57769"}],"wp:attachment":[{"href":"https:\/\/old.seacretehotels.com\/fr\/wp-json\/wp\/v2\/media?parent=57764"}],"curies":[{"name":"wp","href":"https:\/\/api.w.org\/{rel}","templated":true}]}}