
  
{"id":57759,"date":"2021-10-19T17:43:13","date_gmt":"2021-10-19T14:43:13","guid":{"rendered":"https:\/\/old.seacretehotels.com\/?page_id=57759"},"modified":"2021-10-21T17:35:11","modified_gmt":"2021-10-21T14:35:11","slug":"pool-bar","status":"publish","type":"page","link":"https:\/\/old.seacretehotels.com\/fr\/kianibeachresort\/pool-bar\/","title":{"rendered":"Bar de la piscine"},"content":{"rendered":"<h1>Bar de la piscine<\/h1>\n<p>Situ\u00e9 juste \u00e0 c\u00f4t\u00e9 de la piscine de la nouvelle aile du Kiani Beach, notre nouveau bar de plage est parfaitement plac\u00e9 pour se d\u00e9tendre au soleil c\u00f4t\u00e9 piscine. Avec un assortiment de boissons, caf\u00e9s, jus frais et boissons alcoolis\u00e9es, notre nouveau bar de piscine offre quelque chose \u00e0 tout le monde\u00a0! Des en-cas l\u00e9gers et des rafra\u00eechissements y sont servis tous les jours.<\/p>\n<p><strong>Heures d\u2019ouverture\u00a0:<\/strong><\/p>\n<p>11\u00a0h &#8211; 23\u00a0h<\/p>\n<h2>Tout inclus<\/h2>\n<p>Des boissons locales alcoolis\u00e9es et non alcoolis\u00e9es \u00e0 volont\u00e9, ainsi que du caf\u00e9 filtre, des tisanes\u00a0et de l\u2019eau du robinet y sont servis.<\/p>\n","protected":false},"excerpt":{"rendered":"<p>Bar de la piscine Situ\u00e9 juste \u00e0 c\u00f4t\u00e9 de la piscine de la nouvelle aile du Kiani Beach, notre nouveau <\/p>\n","protected":false},"author":1,"featured_media":56215,"parent":57567,"menu_order":0,"comment_status":"closed","ping_status":"closed","template":"templates\/template--single.php","meta":[],"acf":[],"_links":{"self":[{"href":"https:\/\/old.seacretehotels.com\/fr\/wp-json\/wp\/v2\/pages\/57759"}],"collection":[{"href":"https:\/\/old.seacretehotels.com\/fr\/wp-json\/wp\/v2\/pages"}],"about":[{"href":"https:\/\/old.seacretehotels.com\/fr\/wp-json\/wp\/v2\/types\/page"}],"author":[{"embeddable":true,"href":"https:\/\/old.seacretehotels.com\/fr\/wp-json\/wp\/v2\/users\/1"}],"replies":[{"embeddable":true,"href":"https:\/\/old.seacretehotels.com\/fr\/wp-json\/wp\/v2\/comments?post=57759"}],"version-history":[{"count":4,"href":"https:\/\/old.seacretehotels.com\/fr\/wp-json\/wp\/v2\/pages\/57759\/revisions"}],"predecessor-version":[{"id":57763,"href":"https:\/\/old.seacretehotels.com\/fr\/wp-json\/wp\/v2\/pages\/57759\/revisions\/57763"}],"up":[{"embeddable":true,"href":"https:\/\/old.seacretehotels.com\/fr\/wp-json\/wp\/v2\/pages\/57567"}],"wp:featuredmedia":[{"embeddable":true,"href":"https:\/\/old.seacretehotels.com\/fr\/wp-json\/wp\/v2\/media\/56215"}],"wp:attachment":[{"href":"https:\/\/old.seacretehotels.com\/fr\/wp-json\/wp\/v2\/media?parent=57759"}],"curies":[{"name":"wp","href":"https:\/\/api.w.org\/{rel}","templated":true}]}}