
  
{"id":57744,"date":"2021-10-19T17:51:53","date_gmt":"2021-10-19T14:51:53","guid":{"rendered":"https:\/\/old.seacretehotels.com\/?page_id=57744"},"modified":"2021-10-21T17:34:50","modified_gmt":"2021-10-21T14:34:50","slug":"beach-bar-dionysos","status":"publish","type":"page","link":"https:\/\/old.seacretehotels.com\/fr\/kianibeachresort\/beach-bar-dionysos\/","title":{"rendered":"Kiani Le bar de plage Dionysos"},"content":{"rendered":"<h1>Le bar de plage Dionysos<\/h1>\n<p>D\u00e9tendez-vous sur la plage avec un cocktail rafra\u00eechissant, une boisson sans alcool ou une boisson alcoolis\u00e9e, sirotez votre caf\u00e9 glac\u00e9 en contemplant la mer fascinante et laissez la brise marine caresser votre visage. Le confortable bar de plage de l\u2019h\u00f4tel, le Dionysos, propose toute la journ\u00e9e une grande s\u00e9lection d\u2019en-cas l\u00e9gers et de rafra\u00eechissements pour les baigneurs assoiff\u00e9s.<\/p>\n<p><strong>Heures d\u2019ouverture :<\/strong><br \/>\n11 h &#8211; 23 h<\/p>\n<h2>Tout inclus<\/h2>\n<p>Des boissons locales alcoolis\u00e9es et non alcoolis\u00e9es \u00e0 volont\u00e9, ainsi que du caf\u00e9 filtre, des tisanes<br \/>\net de l\u2019eau du robinet y sont servis.<\/p>\n","protected":false},"excerpt":{"rendered":"<p>Le bar de plage Dionysos D\u00e9tendez-vous sur la plage avec un cocktail rafra\u00eechissant, une boisson sans alcool ou une boisson <\/p>\n","protected":false},"author":1,"featured_media":57756,"parent":57567,"menu_order":0,"comment_status":"closed","ping_status":"closed","template":"templates\/template--single.php","meta":[],"acf":[],"_links":{"self":[{"href":"https:\/\/old.seacretehotels.com\/fr\/wp-json\/wp\/v2\/pages\/57744"}],"collection":[{"href":"https:\/\/old.seacretehotels.com\/fr\/wp-json\/wp\/v2\/pages"}],"about":[{"href":"https:\/\/old.seacretehotels.com\/fr\/wp-json\/wp\/v2\/types\/page"}],"author":[{"embeddable":true,"href":"https:\/\/old.seacretehotels.com\/fr\/wp-json\/wp\/v2\/users\/1"}],"replies":[{"embeddable":true,"href":"https:\/\/old.seacretehotels.com\/fr\/wp-json\/wp\/v2\/comments?post=57744"}],"version-history":[{"count":4,"href":"https:\/\/old.seacretehotels.com\/fr\/wp-json\/wp\/v2\/pages\/57744\/revisions"}],"predecessor-version":[{"id":57797,"href":"https:\/\/old.seacretehotels.com\/fr\/wp-json\/wp\/v2\/pages\/57744\/revisions\/57797"}],"up":[{"embeddable":true,"href":"https:\/\/old.seacretehotels.com\/fr\/wp-json\/wp\/v2\/pages\/57567"}],"wp:featuredmedia":[{"embeddable":true,"href":"https:\/\/old.seacretehotels.com\/fr\/wp-json\/wp\/v2\/media\/57756"}],"wp:attachment":[{"href":"https:\/\/old.seacretehotels.com\/fr\/wp-json\/wp\/v2\/media?parent=57744"}],"curies":[{"name":"wp","href":"https:\/\/api.w.org\/{rel}","templated":true}]}}