
  
{"id":57709,"date":"2021-10-19T17:17:04","date_gmt":"2021-10-19T14:17:04","guid":{"rendered":"https:\/\/old.seacretehotels.com\/?page_id=57709"},"modified":"2022-11-09T12:22:21","modified_gmt":"2022-11-09T10:22:21","slug":"allinclusive-hotel","status":"publish","type":"page","link":"https:\/\/old.seacretehotels.com\/fr\/kianibeachresort\/allinclusive-hotel\/","title":{"rendered":"Pr\u00e9sentation du Kiani tout inclus"},"content":{"rendered":"<h1>H\u00f4tel tout-inclus dans la r\u00e9gion de La Can\u00e9e, Cr\u00e8te<\/h1>\n<p>L\u2019h\u00f4tel 5 \u00e9toiles Kiani Beach constitue le meilleur choix pour des vacances tout-inclus \u00e0 La Can\u00e9e. Les clients privil\u00e9gi\u00e9s qui s\u00e9journent dans cet exceptionnel complexe tout-inclus \u00e0 La Can\u00e9e sont invit\u00e9s \u00e0 commencer leur journ\u00e9e par un petit-d\u00e9jeuner buffet succulent et un verre de jus d\u2019oranges fra\u00eeches issues d\u2019une production biologique, \u00e0 laisser la journ\u00e9e se d\u00e9rouler en participant \u00e0 de nombreux loisirs et aventures sportives exaltantes, \u00e0 profiter de leurs repas, petits en-cas et rafra\u00eechissements tout au long du jour et \u00e0 se d\u00e9tendre au bord de la piscine ou de la mer face \u00e0 l\u2019horizon infini, et tout cela gratuitement.<\/p>\n<h2>Forfaits tout compris La Can\u00e9e<\/h2>\n<p>Parfait pour les voyageurs qui cherchent des offres sp\u00e9ciales pour leurs vacances en Cr\u00e8te, en Gr\u00e8ce, cet h\u00f4tel tout-inclus de la r\u00e9gion de La Can\u00e9e propose de nombreux forfaits vacances tout-inclus qui permettent aux clients de profiter de leurs vacances sans le souci de devoir payer des frais suppl\u00e9mentaires. Alors profitez de nos forfaits saisonniers, et savourez un s\u00e9jour vraiment relaxant dans ce qui est consid\u00e9r\u00e9 \u00e0 juste titre comme un complexe tout-inclus haut de gamme de la r\u00e9gion de La Can\u00e9e, Cr\u00e8te.<\/p>\n<h3>H\u00f4tel dans la r\u00e9gion de La Can\u00e9e avec offres sp\u00e9ciales<\/h3>\n<p>Consid\u00e9r\u00e9 \u00e0 juste titre comme l\u2019un des meilleurs complexes 5 \u00e9toiles tout-inclus de Cr\u00e8te, le Kiani Beach de La Can\u00e9e est un complexe familial avec vue sur la mer, qui offre plus que tout ce que vous pouvez imaginer. Ce magnifique h\u00f4tel sur la plage, \u00e0 c\u00f4t\u00e9 de la ville de La Can\u00e9e, enveloppe l\u2019essence de vos vacances dans ses forfaits tout-inclus standard et VIP, garantissant que vous tirerez le meilleur parti de vos vacances en famille en Cr\u00e8te. Pr\u00e9parez-vous \u00e0 \u00eatre accueilli avec des petits cadeaux dans votre chambre, \u00e0 savourer des plats m\u00e9diterran\u00e9ens d\u00e9licieux, \u00e0 conna\u00eetre des aventures sportives passionnantes, \u00e0 participer \u00e0 de nombreuses activit\u00e9s de loisir et de divertissement, \u00e0 vous d\u00e9tendre, \u00e0 d\u00e9compresser et \u00e0 profiter des plus incroyables des vacances dans ce complexe tout-inclus unique en son genre \u00e0 La Can\u00e9e. PROGRAMME TOUT-INCLUS Repas au restaurant buffet Symposium Tous les repas sont servis sous la forme d\u2019un buffet copieux, avec une grande vari\u00e9t\u00e9 de plats pr\u00e9par\u00e9s dans le style de la cuisine grecque. De jour comme de nuit, les clients peuvent admirer la vue magnifique sur la mer cr\u00e9toise tout en d\u00e9gustant les d\u00e9licieuses sp\u00e9cialit\u00e9s pr\u00e9par\u00e9es par notre chef.<\/p>\n<ul>\n<li>Petit d\u00e9jeuner 8\u00a0h &#8211; 10 h 30 Buffet am\u00e9ricain<\/li>\n<li>D\u00e9jeuner 13\u00a0h &#8211; 15\u00a0h Buffet complet<\/li>\n<li>D\u00eener 19\u00a0h &#8211; 21\u00a0h 30 Buffet complet<\/li>\n<\/ul>\n<p>Code vestimentaire\u00a0: Il est demand\u00e9 \u00e0 tous les clients d\u2019avoir une tenue d\u00e9cente dans le restaurant principal et dans le restaurant du bar de plage pendant les repas.\u00a0 Repas l\u00e9gers &#8211; En-cas et caf\u00e9 De nombreux en-cas chauds et froids, sandwichs, p\u00e2tisseries, ainsi qu\u2019une grande vari\u00e9t\u00e9 de fruits et de salades de la production locale seront disponibles sur les plages horaires suivantes\u00a0:<\/p>\n<ul>\n<li>Toute la journ\u00e9e (11 h \u2013 18h)<\/li>\n<\/ul>\n<p>Les glaces sont disponibles au d\u00e9jeuner et au d\u00eener (au buffet) et entre 11\u00a0h &#8211; 12\u00a0h et 16\u00a0h -18\u00a0h (au bar de plage Dionysos). Sandwichs pour les excursions\u00a0: disponibles sur demande \u00e0 la r\u00e9ception. Les clients doivent effectuer leurs r\u00e9servations un jour \u00e0 l\u2019avance avant 19\u00a0h.<\/p>\n<h3>Services de l\u2019h\u00f4tel<\/h3>\n<p>\u2013 Serviettes de plage gratuites fournies dans votre chambre (1 jeu par semaine)<br \/>\n\u2013 Transats gratuits (Ne peuvent \u00eatre r\u00e9serv\u00e9s)<br \/>\n\u2013 Internet Wifi dans toutes les zones de la station<br \/>\n\u2013 Coffre-fort (gratuit)<\/p>\n<h3>Services de chambre<\/h3>\n<p>&#8211;\u00a0Service de m\u00e9nage<\/p>\n<h3>Repas et boissons inclus dans le programme tout-inclus<\/h3>\n<p>&#8211; Tous les repas quotidiens, collations et glaces<br \/>\n&#8211; Restaurant sur le toit (payant)<br \/>\n&#8211; Du vin cr\u00e9tois local \u00e0 la pression (rouge, blanc, rose)<br \/>\n&#8211; Bi\u00e8re pression cr\u00e9toise locale<br \/>\n&#8211; Spiritueux locaux sans marque (Ouzo, Raki)<br \/>\n&#8211; Spiritueux locaux sans marque (Gin, Tequila, Rhum, Vodka, Brandy, Whisky)<br \/>\n&#8211; Du jus d&rsquo;orange frais au petit-d\u00e9jeuner<br \/>\n&#8211; des boissons gazeuses locales provenant d&rsquo;une fontaine \u00e0 soda et de l&rsquo;eau du robinet<br \/>\n&#8211; Caf\u00e9\/th\u00e9 en libre-service de marque (espresso, cappuccino, chocolat chaud, etc.)<\/p>\n<h3>Divertissements pour adultes<\/h3>\n<p>&#8211; Soir\u00e9es spectacle tous les jours<\/p>\n<h3>Installations pour les enfants<\/h3>\n<ul>\n<li>Aire de jeux pour enfants<\/li>\n<li>Mini disco<\/li>\n<li>Chaises hautes dans le restaurant<\/li>\n<li>Balades \u00e0 dos d\u2019\u00e2ne<\/li>\n<li>Programme d\u2019animations et club pour les enfants, 6 jours par semaine<\/li>\n<li>Maquillage pour enfants<\/li>\n<li>Peinture sur T-shirt (10\u00a0\u20ac)<\/li>\n<\/ul>\n<h3>D\u00e9tente et relaxation<\/h3>\n<ul>\n<li>Un nombre suffisant de parasols et de transats autour de la piscine sont \u00e0 la disposition de nos clients (gratuitement)<\/li>\n<li>Programme d\u2019animations avec activit\u00e9s en journ\u00e9e et spectacles en soir\u00e9e 6 jours par semaine<\/li>\n<li>WiFi gratuit dans toutes les chambres, sur la plage et dans les parties communes de l\u2019h\u00f4tel<\/li>\n<li>Internet c\u00e2bl\u00e9 gratuit dans les chambres<\/li>\n<\/ul>\n<h3>Sport and fitness<\/h3>\n<ul>\n<li>Salle de sport\/programmes de fitness organis\u00e9s (yoga, Zumba, aquagym, etc.)<\/li>\n<li>Utilisation du terrain de tennis (r\u00e9servation obligatoire, 10\u00a0\u20ac\/heure)<\/li>\n<li>Utilisation gratuite de la piscine int\u00e9rieure chauff\u00e9e<\/li>\n<\/ul>\n<h3>Services avec frais en suppl\u00e9ment (r\u00e9servations \u00e0 la r\u00e9ception)<\/h3>\n<ul>\n<li>Boutique de souvenirs<\/li>\n<li>Lavage de la vaisselle<\/li>\n<li>Plong\u00e9e<\/li>\n<li>Forfait b\u00e9b\u00e9 (lit b\u00e9b\u00e9, poussette, chaise b\u00e9b\u00e9)<\/li>\n<li>Salle de jeux avec billards et jeux \u00e9lectroniques<\/li>\n<li>Utilisation quotidienne<\/li>\n<li>M\u00e9decin de garde<\/li>\n<li>Service de taxi<\/li>\n<li>Sup\u00e9rette<\/li>\n<\/ul>\n","protected":false},"excerpt":{"rendered":"<p>H\u00f4tel tout-inclus dans la r\u00e9gion de La Can\u00e9e, Cr\u00e8te L\u2019h\u00f4tel 5 \u00e9toiles Kiani Beach constitue le meilleur choix pour des <\/p>\n","protected":false},"author":1,"featured_media":57226,"parent":57567,"menu_order":0,"comment_status":"closed","ping_status":"closed","template":"templates\/template--single.php","meta":[],"acf":[],"_links":{"self":[{"href":"https:\/\/old.seacretehotels.com\/fr\/wp-json\/wp\/v2\/pages\/57709"}],"collection":[{"href":"https:\/\/old.seacretehotels.com\/fr\/wp-json\/wp\/v2\/pages"}],"about":[{"href":"https:\/\/old.seacretehotels.com\/fr\/wp-json\/wp\/v2\/types\/page"}],"author":[{"embeddable":true,"href":"https:\/\/old.seacretehotels.com\/fr\/wp-json\/wp\/v2\/users\/1"}],"replies":[{"embeddable":true,"href":"https:\/\/old.seacretehotels.com\/fr\/wp-json\/wp\/v2\/comments?post=57709"}],"version-history":[{"count":13,"href":"https:\/\/old.seacretehotels.com\/fr\/wp-json\/wp\/v2\/pages\/57709\/revisions"}],"predecessor-version":[{"id":81558,"href":"https:\/\/old.seacretehotels.com\/fr\/wp-json\/wp\/v2\/pages\/57709\/revisions\/81558"}],"up":[{"embeddable":true,"href":"https:\/\/old.seacretehotels.com\/fr\/wp-json\/wp\/v2\/pages\/57567"}],"wp:featuredmedia":[{"embeddable":true,"href":"https:\/\/old.seacretehotels.com\/fr\/wp-json\/wp\/v2\/media\/57226"}],"wp:attachment":[{"href":"https:\/\/old.seacretehotels.com\/fr\/wp-json\/wp\/v2\/media?parent=57709"}],"curies":[{"name":"wp","href":"https:\/\/api.w.org\/{rel}","templated":true}]}}